{"id":3296,"date":"2025-02-23T06:11:37","date_gmt":"2025-02-23T06:11:37","guid":{"rendered":"https:\/\/jstindustry.com\/?post_type=product&#038;p=3296"},"modified":"2026-02-05T16:18:58","modified_gmt":"2026-02-05T08:18:58","slug":"custom-cnc-turning-milling-machining-stainless-steel-parts-pd598300758","status":"publish","type":"product","link":"https:\/\/www.jstindustry.com\/it\/custom-cnc-turning-milling-machining-stainless-steel-parts-pd598300758.html","title":{"rendered":"Lavorazione di tornitura e fresatura CNC personalizzata di parti in acciaio inossidabile"},"content":{"rendered":"","protected":false},"excerpt":{"rendered":"<p>Le parti di lavorazione personalizzate di tornitura e fresatura sono state realizzate da un tornio NC (fratello) e sono state utilizzate nel campo dei dispositivi chirurgici. Il materiale \u00e8 acciaio inox 303 e la superficie \u00e8 satinata. La stretta tolleranza di questi pezzi in acciaio di tornitura e fresatura \u00e8 di +\/-0,01 mm e la rugosit\u00e0 \u00e8 di 0,8 Ra. Per questi cnc tornitura fresatura lavorazione parti in acciaio inox, MOQ \u00e8 2000 PCS e il tempo di consegna \u00e8 di circa 25 giorni. Per questi tipi di tornitura cnc personalizzati che lavorano parti in acciaio, possiamo anche lavorare i materiali di ottone, alluminio, plastica, titanio e acciaio legato. Inoltre, la maggior parte delle finiture pu\u00f2 essere eseguita in JST. Se avete qualche domanda per la tornitura cnc personalizzata che lavora le parti in acciaio inossidabile, non esitate a contattarci per una quotazione.<\/p>","protected":false},"author":6,"featured_media":3297,"menu_order":0,"comment_status":"open","ping_status":"open","template":"","format":"standard","meta":{"_acf_changed":false,"site-sidebar-layout":"default","site-content-layout":"","ast-site-content-layout":"default","site-content-style":"default","site-sidebar-style":"default","ast-global-header-display":"","ast-banner-title-visibility":"","ast-main-header-display":"","ast-hfb-above-header-display":"","ast-hfb-below-header-display":"","ast-hfb-mobile-header-display":"","site-post-title":"","ast-breadcrumbs-content":"","ast-featured-img":"","footer-sml-layout":"","ast-disable-related-posts":"","theme-transparent-header-meta":"","adv-header-id-meta":"","stick-header-meta":"","header-above-stick-meta":"","header-main-stick-meta":"","header-below-stick-meta":"","astra-migrate-meta-layouts":"set","ast-page-background-enabled":"default","ast-page-background-meta":{"desktop":{"background-color":"","background-image":"","background-repeat":"repeat","background-position":"center center","background-size":"auto","background-attachment":"scroll","background-type":"","background-media":"","overlay-type":"","overlay-color":"","overlay-opacity":"","overlay-gradient":""},"tablet":{"background-color":"","background-image":"","background-repeat":"repeat","background-position":"center center","background-size":"auto","background-attachment":"scroll","background-type":"","background-media":"","overlay-type":"","overlay-color":"","overlay-opacity":"","overlay-gradient":""},"mobile":{"background-color":"","background-image":"","background-repeat":"repeat","background-position":"center center","background-size":"auto","background-attachment":"scroll","background-type":"","background-media":"","overlay-type":"","overlay-color":"","overlay-opacity":"","overlay-gradient":""}},"ast-content-background-meta":{"desktop":{"background-color":"var(--ast-global-color-5)","background-image":"","background-repeat":"repeat","background-position":"center center","background-size":"auto","background-attachment":"scroll","background-type":"","background-media":"","overlay-type":"","overlay-color":"","overlay-opacity":"","overlay-gradient":""},"tablet":{"background-color":"var(--ast-global-color-5)","background-image":"","background-repeat":"repeat","background-position":"center center","background-size":"auto","background-attachment":"scroll","background-type":"","background-media":"","overlay-type":"","overlay-color":"","overlay-opacity":"","overlay-gradient":""},"mobile":{"background-color":"var(--ast-global-color-5)","background-image":"","background-repeat":"repeat","background-position":"center center","background-size":"auto","background-attachment":"scroll","background-type":"","background-media":"","overlay-type":"","overlay-color":"","overlay-opacity":"","overlay-gradient":""}},"footnotes":""},"product-catregory":[32,54],"product-tag":[],"class_list":["post-3296","product","type-product","status-publish","format-standard","has-post-thumbnail","hentry","product-catregory-cnc-milling-parts-pl3494884-html","product-catregory-cnc-turning-milling-machining-parts-pl3384884-html"],"acf":[],"_links":{"self":[{"href":"https:\/\/www.jstindustry.com\/it\/wp-json\/wp\/v2\/product\/3296","targetHints":{"allow":["GET"]}}],"collection":[{"href":"https:\/\/www.jstindustry.com\/it\/wp-json\/wp\/v2\/product"}],"about":[{"href":"https:\/\/www.jstindustry.com\/it\/wp-json\/wp\/v2\/types\/product"}],"author":[{"embeddable":true,"href":"https:\/\/www.jstindustry.com\/it\/wp-json\/wp\/v2\/users\/6"}],"replies":[{"embeddable":true,"href":"https:\/\/www.jstindustry.com\/it\/wp-json\/wp\/v2\/comments?post=3296"}],"version-history":[{"count":1,"href":"https:\/\/www.jstindustry.com\/it\/wp-json\/wp\/v2\/product\/3296\/revisions"}],"predecessor-version":[{"id":3298,"href":"https:\/\/www.jstindustry.com\/it\/wp-json\/wp\/v2\/product\/3296\/revisions\/3298"}],"wp:featuredmedia":[{"embeddable":true,"href":"https:\/\/www.jstindustry.com\/it\/wp-json\/wp\/v2\/media\/3297"}],"wp:attachment":[{"href":"https:\/\/www.jstindustry.com\/it\/wp-json\/wp\/v2\/media?parent=3296"}],"wp:term":[{"taxonomy":"product-catregory","embeddable":true,"href":"https:\/\/www.jstindustry.com\/it\/wp-json\/wp\/v2\/product-catregory?post=3296"},{"taxonomy":"product-tag","embeddable":true,"href":"https:\/\/www.jstindustry.com\/it\/wp-json\/wp\/v2\/product-tag?post=3296"}],"curies":[{"name":"wp","href":"https:\/\/api.w.org\/{rel}","templated":true}]}}