{"id":3035,"date":"2025-02-21T12:04:22","date_gmt":"2025-02-21T12:04:22","guid":{"rendered":"https:\/\/jstindustry.com\/?post_type=product&#038;p=3035"},"modified":"2026-02-05T17:56:15","modified_gmt":"2026-02-05T09:56:15","slug":"precision-cnc-micro-turning-small-copper-parts-pd580400758","status":"publish","type":"product","link":"https:\/\/www.jstindustry.com\/it\/precision-cnc-micro-turning-small-copper-parts-pd580400758.html","title":{"rendered":"Micro tornitura CNC di precisione di piccole parti in rame"},"content":{"rendered":"","protected":false},"excerpt":{"rendered":"<p>I pezzi di microtornitura cnc di precisione sono inserti in rame, utilizzati nel campo dell'elettronica. Il materiale \u00e8 il rame e la finitura \u00e8 la rettifica. Per la micro tornitura cnc di piccole parti, il MOQ \u00e8 di 100.000 PCS e il tempo di consegna \u00e8 di 30 giorni. JST ha realizzato molte parti in rame di micro tornitura cnc, la nostra capacit\u00e0 produttiva mensile \u00e8 di 1.000.000 PCS. Se avete qualche richiesta di micro tornitura cnc di piccole parti in rame, non esitate a contattarci e JST sar\u00e0 la vostra scelta giusta.<\/p>","protected":false},"author":6,"featured_media":3036,"menu_order":0,"comment_status":"open","ping_status":"open","template":"","format":"standard","meta":{"_acf_changed":false,"site-sidebar-layout":"default","site-content-layout":"","ast-site-content-layout":"default","site-content-style":"default","site-sidebar-style":"default","ast-global-header-display":"","ast-banner-title-visibility":"","ast-main-header-display":"","ast-hfb-above-header-display":"","ast-hfb-below-header-display":"","ast-hfb-mobile-header-display":"","site-post-title":"","ast-breadcrumbs-content":"","ast-featured-img":"","footer-sml-layout":"","ast-disable-related-posts":"","theme-transparent-header-meta":"","adv-header-id-meta":"","stick-header-meta":"","header-above-stick-meta":"","header-main-stick-meta":"","header-below-stick-meta":"","astra-migrate-meta-layouts":"set","ast-page-background-enabled":"default","ast-page-background-meta":{"desktop":{"background-color":"","background-image":"","background-repeat":"repeat","background-position":"center center","background-size":"auto","background-attachment":"scroll","background-type":"","background-media":"","overlay-type":"","overlay-color":"","overlay-opacity":"","overlay-gradient":""},"tablet":{"background-color":"","background-image":"","background-repeat":"repeat","background-position":"center center","background-size":"auto","background-attachment":"scroll","background-type":"","background-media":"","overlay-type":"","overlay-color":"","overlay-opacity":"","overlay-gradient":""},"mobile":{"background-color":"","background-image":"","background-repeat":"repeat","background-position":"center center","background-size":"auto","background-attachment":"scroll","background-type":"","background-media":"","overlay-type":"","overlay-color":"","overlay-opacity":"","overlay-gradient":""}},"ast-content-background-meta":{"desktop":{"background-color":"var(--ast-global-color-5)","background-image":"","background-repeat":"repeat","background-position":"center center","background-size":"auto","background-attachment":"scroll","background-type":"","background-media":"","overlay-type":"","overlay-color":"","overlay-opacity":"","overlay-gradient":""},"tablet":{"background-color":"var(--ast-global-color-5)","background-image":"","background-repeat":"repeat","background-position":"center center","background-size":"auto","background-attachment":"scroll","background-type":"","background-media":"","overlay-type":"","overlay-color":"","overlay-opacity":"","overlay-gradient":""},"mobile":{"background-color":"var(--ast-global-color-5)","background-image":"","background-repeat":"repeat","background-position":"center center","background-size":"auto","background-attachment":"scroll","background-type":"","background-media":"","overlay-type":"","overlay-color":"","overlay-opacity":"","overlay-gradient":""}},"footnotes":""},"product-catregory":[49,31],"product-tag":[],"class_list":["post-3035","product","type-product","status-publish","format-standard","has-post-thumbnail","hentry","product-catregory-cnc-micro-turning-parts-pl3894884-html","product-catregory-cnc-turning-parts-pl3594884-html"],"acf":[],"_links":{"self":[{"href":"https:\/\/www.jstindustry.com\/it\/wp-json\/wp\/v2\/product\/3035","targetHints":{"allow":["GET"]}}],"collection":[{"href":"https:\/\/www.jstindustry.com\/it\/wp-json\/wp\/v2\/product"}],"about":[{"href":"https:\/\/www.jstindustry.com\/it\/wp-json\/wp\/v2\/types\/product"}],"author":[{"embeddable":true,"href":"https:\/\/www.jstindustry.com\/it\/wp-json\/wp\/v2\/users\/6"}],"replies":[{"embeddable":true,"href":"https:\/\/www.jstindustry.com\/it\/wp-json\/wp\/v2\/comments?post=3035"}],"version-history":[{"count":1,"href":"https:\/\/www.jstindustry.com\/it\/wp-json\/wp\/v2\/product\/3035\/revisions"}],"predecessor-version":[{"id":3037,"href":"https:\/\/www.jstindustry.com\/it\/wp-json\/wp\/v2\/product\/3035\/revisions\/3037"}],"wp:featuredmedia":[{"embeddable":true,"href":"https:\/\/www.jstindustry.com\/it\/wp-json\/wp\/v2\/media\/3036"}],"wp:attachment":[{"href":"https:\/\/www.jstindustry.com\/it\/wp-json\/wp\/v2\/media?parent=3035"}],"wp:term":[{"taxonomy":"product-catregory","embeddable":true,"href":"https:\/\/www.jstindustry.com\/it\/wp-json\/wp\/v2\/product-catregory?post=3035"},{"taxonomy":"product-tag","embeddable":true,"href":"https:\/\/www.jstindustry.com\/it\/wp-json\/wp\/v2\/product-tag?post=3035"}],"curies":[{"name":"wp","href":"https:\/\/api.w.org\/{rel}","templated":true}]}}