{"id":2853,"date":"2025-02-20T06:46:06","date_gmt":"2025-02-20T06:46:06","guid":{"rendered":"https:\/\/jstindustry.com\/?post_type=product&#038;p=2853"},"modified":"2026-02-06T11:26:42","modified_gmt":"2026-02-06T03:26:42","slug":"precision-cnc-turning-milling-steel-spare-parts-pd539300758","status":"publish","type":"product","link":"https:\/\/www.jstindustry.com\/it\/precision-cnc-turning-milling-steel-spare-parts-pd539300758.html","title":{"rendered":"Pezzi di ricambio in acciaio di precisione CNC di tornitura e fresatura"},"content":{"rendered":"","protected":false},"excerpt":{"rendered":"<p>I pezzi di precisione in acciaio torniti a controllo numerico sono stati lavorati al tornio NC, si tratta di flange non standard. Il materiale \u00e8 acciaio legato e la finitura \u00e8 il trattamento termico + ossidazione nera. Per i pezzi in acciaio di tornitura a controllo numerico, la difficolt\u00e0 \u00e8 rappresentata dalla posizione dei fori e la tolleranza \u00e8 di circa +\/-0,03 mm. Per questo tipo di pezzi di ricambio in acciaio di tornitura cnc, la capacit\u00e0 di JST \u00e8 di 50.000 PCS ogni mese. JST ha oltre 10 anni di esperienza nella produzione di questi pezzi di ricambio di precisione in acciaio per la tornitura a controllo numerico, 80% dei quali sono stati esportati negli Stati Uniti e in Germania. JST \u00e8 un produttore OEM, la maggior parte dei nostri pezzi di ricambio in acciaio di tornitura cnc sono stati realizzati secondo i disegni del cliente.<\/p>","protected":false},"author":6,"featured_media":2854,"menu_order":0,"comment_status":"open","ping_status":"open","template":"","format":"standard","meta":{"_acf_changed":false,"site-sidebar-layout":"default","site-content-layout":"","ast-site-content-layout":"default","site-content-style":"default","site-sidebar-style":"default","ast-global-header-display":"","ast-banner-title-visibility":"","ast-main-header-display":"","ast-hfb-above-header-display":"","ast-hfb-below-header-display":"","ast-hfb-mobile-header-display":"","site-post-title":"","ast-breadcrumbs-content":"","ast-featured-img":"","footer-sml-layout":"","ast-disable-related-posts":"","theme-transparent-header-meta":"","adv-header-id-meta":"","stick-header-meta":"","header-above-stick-meta":"","header-main-stick-meta":"","header-below-stick-meta":"","astra-migrate-meta-layouts":"set","ast-page-background-enabled":"default","ast-page-background-meta":{"desktop":{"background-color":"","background-image":"","background-repeat":"repeat","background-position":"center center","background-size":"auto","background-attachment":"scroll","background-type":"","background-media":"","overlay-type":"","overlay-color":"","overlay-opacity":"","overlay-gradient":""},"tablet":{"background-color":"","background-image":"","background-repeat":"repeat","background-position":"center center","background-size":"auto","background-attachment":"scroll","background-type":"","background-media":"","overlay-type":"","overlay-color":"","overlay-opacity":"","overlay-gradient":""},"mobile":{"background-color":"","background-image":"","background-repeat":"repeat","background-position":"center center","background-size":"auto","background-attachment":"scroll","background-type":"","background-media":"","overlay-type":"","overlay-color":"","overlay-opacity":"","overlay-gradient":""}},"ast-content-background-meta":{"desktop":{"background-color":"var(--ast-global-color-5)","background-image":"","background-repeat":"repeat","background-position":"center center","background-size":"auto","background-attachment":"scroll","background-type":"","background-media":"","overlay-type":"","overlay-color":"","overlay-opacity":"","overlay-gradient":""},"tablet":{"background-color":"var(--ast-global-color-5)","background-image":"","background-repeat":"repeat","background-position":"center center","background-size":"auto","background-attachment":"scroll","background-type":"","background-media":"","overlay-type":"","overlay-color":"","overlay-opacity":"","overlay-gradient":""},"mobile":{"background-color":"var(--ast-global-color-5)","background-image":"","background-repeat":"repeat","background-position":"center center","background-size":"auto","background-attachment":"scroll","background-type":"","background-media":"","overlay-type":"","overlay-color":"","overlay-opacity":"","overlay-gradient":""}},"footnotes":""},"product-catregory":[31,45],"product-tag":[],"class_list":["post-2853","product","type-product","status-publish","format-standard","has-post-thumbnail","hentry","product-catregory-cnc-turning-parts-pl3594884-html","product-catregory-cnc-turning-steel-parts-pl3294884-html"],"acf":[],"_links":{"self":[{"href":"https:\/\/www.jstindustry.com\/it\/wp-json\/wp\/v2\/product\/2853","targetHints":{"allow":["GET"]}}],"collection":[{"href":"https:\/\/www.jstindustry.com\/it\/wp-json\/wp\/v2\/product"}],"about":[{"href":"https:\/\/www.jstindustry.com\/it\/wp-json\/wp\/v2\/types\/product"}],"author":[{"embeddable":true,"href":"https:\/\/www.jstindustry.com\/it\/wp-json\/wp\/v2\/users\/6"}],"replies":[{"embeddable":true,"href":"https:\/\/www.jstindustry.com\/it\/wp-json\/wp\/v2\/comments?post=2853"}],"version-history":[{"count":1,"href":"https:\/\/www.jstindustry.com\/it\/wp-json\/wp\/v2\/product\/2853\/revisions"}],"predecessor-version":[{"id":2855,"href":"https:\/\/www.jstindustry.com\/it\/wp-json\/wp\/v2\/product\/2853\/revisions\/2855"}],"wp:featuredmedia":[{"embeddable":true,"href":"https:\/\/www.jstindustry.com\/it\/wp-json\/wp\/v2\/media\/2854"}],"wp:attachment":[{"href":"https:\/\/www.jstindustry.com\/it\/wp-json\/wp\/v2\/media?parent=2853"}],"wp:term":[{"taxonomy":"product-catregory","embeddable":true,"href":"https:\/\/www.jstindustry.com\/it\/wp-json\/wp\/v2\/product-catregory?post=2853"},{"taxonomy":"product-tag","embeddable":true,"href":"https:\/\/www.jstindustry.com\/it\/wp-json\/wp\/v2\/product-tag?post=2853"}],"curies":[{"name":"wp","href":"https:\/\/api.w.org\/{rel}","templated":true}]}}