{"id":2081,"date":"2025-02-08T14:26:34","date_gmt":"2025-02-08T14:26:34","guid":{"rendered":"https:\/\/jstindustry.com\/?page_id=2081"},"modified":"2025-07-21T13:42:44","modified_gmt":"2025-07-21T05:42:44","slug":"metal-fabrication","status":"publish","type":"page","link":"https:\/\/www.jstindustry.com\/it\/metal-fabrication.html","title":{"rendered":"Lavorazione del metallo"},"content":{"rendered":"<div data-elementor-type=\"wp-page\" data-elementor-id=\"2081\" class=\"elementor elementor-2081\" data-elementor-post-type=\"page\">\n\t\t\t\t<div class=\"elementor-element elementor-element-a19d345 e-flex e-con-boxed e-con e-child\" data-id=\"a19d345\" data-element_type=\"container\" data-e-type=\"container\" data-settings=\"{&quot;background_background&quot;:&quot;classic&quot;}\">\n\t\t\t\t\t<div class=\"e-con-inner\">\n\t\t\t\t<div class=\"elementor-element elementor-element-ebbaedb elementor-widget elementor-widget-heading\" data-id=\"ebbaedb\" data-element_type=\"widget\" data-e-type=\"widget\" data-widget_type=\"heading.default\">\n\t\t\t\t<div class=\"elementor-widget-container\">\n\t\t\t\t\t<h1 class=\"elementor-heading-title elementor-size-default\">Servizi<\/h1>\t\t\t\t<\/div>\n\t\t\t\t<\/div>\n\t\t\t\t\t<\/div>\n\t\t\t\t<\/div>\n\t\t<div class=\"elementor-element elementor-element-f00e8a0 e-flex e-con-boxed e-con e-parent\" data-id=\"f00e8a0\" data-element_type=\"container\" data-e-type=\"container\">\n\t\t\t\t\t<div class=\"e-con-inner\">\n\t\t<div class=\"elementor-element elementor-element-aba9c43 e-con-full e-flex e-con e-child\" data-id=\"aba9c43\" data-element_type=\"container\" data-e-type=\"container\">\n\t\t<div class=\"elementor-element elementor-element-3d1845a e-con-full e-flex e-con e-child\" data-id=\"3d1845a\" data-element_type=\"container\" data-e-type=\"container\">\n\t\t<div class=\"elementor-element elementor-element-3a98535 e-con-full e-flex e-con e-child\" data-id=\"3a98535\" data-element_type=\"container\" data-e-type=\"container\">\n\t\t\t\t<div class=\"elementor-element elementor-element-8bfb5f1 elementor-widget elementor-widget-heading\" data-id=\"8bfb5f1\" data-element_type=\"widget\" data-e-type=\"widget\" data-widget_type=\"heading.default\">\n\t\t\t\t<div class=\"elementor-widget-container\">\n\t\t\t\t\t<span class=\"elementor-heading-title elementor-size-default\"><a href=\"https:\/\/www.jstindustry.com\/services.html\">Lavorazione CNC<\/a><\/span>\t\t\t\t<\/div>\n\t\t\t\t<\/div>\n\t\t\t\t<\/div>\n\t\t<div class=\"elementor-element elementor-element-8f67587 e-con-full e-flex e-con e-child\" data-id=\"8f67587\" data-element_type=\"container\" data-e-type=\"container\">\n\t\t\t\t<div class=\"elementor-element elementor-element-66372ac elementor-widget elementor-widget-heading\" data-id=\"66372ac\" data-element_type=\"widget\" data-e-type=\"widget\" data-widget_type=\"heading.default\">\n\t\t\t\t<div class=\"elementor-widget-container\">\n\t\t\t\t\t<span class=\"elementor-heading-title elementor-size-default\"><a href=\"https:\/\/www.jstindustry.com\/casting-forging.html\">Fusione e forgiatura<\/a><\/span>\t\t\t\t<\/div>\n\t\t\t\t<\/div>\n\t\t\t\t<\/div>\n\t\t<div class=\"elementor-element elementor-element-f56e02f e-con-full e-flex e-con e-child\" data-id=\"f56e02f\" data-element_type=\"container\" data-e-type=\"container\">\n\t\t\t\t<div class=\"elementor-element elementor-element-ddbbef8 elementor-widget elementor-widget-heading\" data-id=\"ddbbef8\" data-element_type=\"widget\" data-e-type=\"widget\" data-widget_type=\"heading.default\">\n\t\t\t\t<div class=\"elementor-widget-container\">\n\t\t\t\t\t<span class=\"elementor-heading-title elementor-size-default\">Lavorazione del metallo<\/span>\t\t\t\t<\/div>\n\t\t\t\t<\/div>\n\t\t\t\t<div class=\"elementor-element elementor-element-8104463 elementor-widget-divider--view-line elementor-widget elementor-widget-divider\" data-id=\"8104463\" data-element_type=\"widget\" data-e-type=\"widget\" data-widget_type=\"divider.default\">\n\t\t\t\t<div class=\"elementor-widget-container\">\n\t\t\t\t\t\t\t<div class=\"elementor-divider\">\n\t\t\t<span class=\"elementor-divider-separator\">\n\t\t\t\t\t\t<\/span>\n\t\t<\/div>\n\t\t\t\t\t\t<\/div>\n\t\t\t\t<\/div>\n\t\t\t\t<\/div>\n\t\t<div class=\"elementor-element elementor-element-61d6029 e-con-full e-flex e-con e-child\" data-id=\"61d6029\" data-element_type=\"container\" data-e-type=\"container\">\n\t\t\t\t<div class=\"elementor-element elementor-element-887c666 elementor-widget elementor-widget-heading\" data-id=\"887c666\" data-element_type=\"widget\" data-e-type=\"widget\" data-widget_type=\"heading.default\">\n\t\t\t\t<div class=\"elementor-widget-container\">\n\t\t\t\t\t<span class=\"elementor-heading-title elementor-size-default\"><a href=\"https:\/\/www.jstindustry.com\/injection-molding.html\">Stampaggio a iniezione<\/a><\/span>\t\t\t\t<\/div>\n\t\t\t\t<\/div>\n\t\t\t\t<\/div>\n\t\t<div class=\"elementor-element elementor-element-86b9b0e e-con-full e-flex e-con e-child\" data-id=\"86b9b0e\" data-element_type=\"container\" data-e-type=\"container\">\n\t\t\t\t<div class=\"elementor-element elementor-element-e852c59 elementor-widget-divider--view-line elementor-widget elementor-widget-divider\" data-id=\"e852c59\" data-element_type=\"widget\" data-e-type=\"widget\" data-widget_type=\"divider.default\">\n\t\t\t\t<div class=\"elementor-widget-container\">\n\t\t\t\t\t\t\t<div class=\"elementor-divider\">\n\t\t\t<span class=\"elementor-divider-separator\">\n\t\t\t\t\t\t<\/span>\n\t\t<\/div>\n\t\t\t\t\t\t<\/div>\n\t\t\t\t<\/div>\n\t\t\t\t<\/div>\n\t\t\t\t<\/div>\n\t\t\t\t<\/div>\n\t\t\t\t\t<\/div>\n\t\t\t\t<\/div>\n\t\t<div class=\"elementor-element elementor-element-b1c9ba9 e-flex e-con-boxed e-con e-parent\" data-id=\"b1c9ba9\" data-element_type=\"container\" data-e-type=\"container\">\n\t\t\t\t\t<div class=\"e-con-inner\">\n\t\t\t\t<div class=\"elementor-element elementor-element-2704b41 elementor-widget elementor-widget-heading\" data-id=\"2704b41\" data-element_type=\"widget\" data-e-type=\"widget\" data-widget_type=\"heading.default\">\n\t\t\t\t<div class=\"elementor-widget-container\">\n\t\t\t\t\t<h2 class=\"elementor-heading-title elementor-size-default\">Lavorazione del metallo<\/h2>\t\t\t\t<\/div>\n\t\t\t\t<\/div>\n\t\t\t\t<div class=\"elementor-element elementor-element-a5292fd elementor-widget elementor-widget-text-editor\" data-id=\"a5292fd\" data-element_type=\"widget\" data-e-type=\"widget\" data-widget_type=\"text-editor.default\">\n\t\t\t\t<div class=\"elementor-widget-container\">\n\t\t\t\t\t\t\t\t\t<p>JST offre uno sportello unico per tutte le vostre esigenze di lavorazione dei metalli. La nostra gamma completa di servizi comprende taglio laser e taglio a filo, punzonatura CNC, piegatura CNC e altri processi di lavorazione CNC. Abbiamo anche accesso a un'ampia gamma di opzioni di finitura post-lavorazione e disponiamo di un team di esperti di finitura e saldatura a mano.<\/p>\t\t\t\t\t\t\t\t<\/div>\n\t\t\t\t<\/div>\n\t\t\t\t<div class=\"elementor-element elementor-element-5d6e52e elementor-widget elementor-widget-text-editor\" data-id=\"5d6e52e\" data-element_type=\"widget\" data-e-type=\"widget\" data-widget_type=\"text-editor.default\">\n\t\t\t\t<div class=\"elementor-widget-container\">\n\t\t\t\t\t\t\t\t\t<p>Il nostro team esperto di prototipazione rapida lavora con parti in lamiera da oltre dieci anni e il nostro bagaglio di esperienza, unito a un servizio di alta qualit\u00e0, rende il lavoro veloce, facile, economico e affidabile. Abbiamo fornito prototipi e parti di produzione per un'ampia gamma di settori, dall'automobilistico all'elettronica di consumo.<\/p>\t\t\t\t\t\t\t\t<\/div>\n\t\t\t\t<\/div>\n\t\t\t\t<div class=\"elementor-element elementor-element-5871787 elementor-widget elementor-widget-text-editor\" data-id=\"5871787\" data-element_type=\"widget\" data-e-type=\"widget\" data-widget_type=\"text-editor.default\">\n\t\t\t\t<div class=\"elementor-widget-container\">\n\t\t\t\t\t\t\t\t\t<p>Siamo in grado di fabbricare lamiere esattamente come le richiede il cliente. Il processo pu\u00f2 essere personalizzato per quanto riguarda lo spessore, la tolleranza e la quantit\u00e0. I nostri ingegneri hanno esperienza nel lavorare con materiali ferrosi e non ferrosi di vari tipi e dimensioni e offrono una variet\u00e0 di capacit\u00e0 che coinvolgono la lamiera come la piegatura, la cesoiatura, la picchettatura e lo stampaggio. Offriamo operazioni per le parti in lamiera che includono foratura, maschiatura, svasatura e controforatura.<\/p>\t\t\t\t\t\t\t\t<\/div>\n\t\t\t\t<\/div>\n\t\t\t\t\t<\/div>\n\t\t\t\t<\/div>\n\t\t<div class=\"elementor-element elementor-element-60d718b e-flex e-con-boxed e-con e-parent\" data-id=\"60d718b\" data-element_type=\"container\" data-e-type=\"container\" data-settings=\"{&quot;background_background&quot;:&quot;classic&quot;}\">\n\t\t\t\t\t<div class=\"e-con-inner\">\n\t\t\t\t<div class=\"elementor-element elementor-element-5de1e76 elementor-widget elementor-widget-heading\" data-id=\"5de1e76\" data-element_type=\"widget\" data-e-type=\"widget\" data-widget_type=\"heading.default\">\n\t\t\t\t<div class=\"elementor-widget-container\">\n\t\t\t\t\t<h3 class=\"elementor-heading-title elementor-size-default\">Vantaggi della lavorazione dei metalli<\/h3>\t\t\t\t<\/div>\n\t\t\t\t<\/div>\n\t\t\t\t<div class=\"elementor-element elementor-element-63dd312 elementor-widget elementor-widget-text-editor\" data-id=\"63dd312\" data-element_type=\"widget\" data-e-type=\"widget\" data-widget_type=\"text-editor.default\">\n\t\t\t\t<div class=\"elementor-widget-container\">\n\t\t\t\t\t\t\t\t\t<p>Durata: Analogamente alla lavorazione CNC, i processi di lavorazione della lamiera producono pezzi altamente durevoli, adatti sia ai prototipi funzionali che alla produzione finale.<\/p><p>Scalabilit\u00e0: Tutti i pezzi in lamiera sono costruiti su richiesta e con costi di allestimento inferiori rispetto alla lavorazione CNC. In base alle vostre esigenze, potete ordinare da un singolo prototipo fino a 10.000 pezzi di produzione.<\/p><p>Selezione del materiale: \u00c8 possibile scegliere tra una variet\u00e0 di lamiere con un'ampia gamma di resistenza, conduttivit\u00e0, peso e resistenza alla corrosione.<\/p><p>Finiture personalizzate: \u00c8 possibile scegliere tra un'ampia gamma di finiture, tra cui anodizzazione, placcatura, rivestimento a polvere e verniciatura.<\/p><p>Tempi rapidi: Combinando le pi\u00f9 recenti tecnologie di taglio, piegatura e punzonatura con tecnologie automatizzate, JST fornisce preventivi immediati per i fogli e pezzi completati in soli 15 giorni lavorativi.<\/p>\t\t\t\t\t\t\t\t<\/div>\n\t\t\t\t<\/div>\n\t\t\t\t\t<\/div>\n\t\t\t\t<\/div>\n\t\t<div class=\"elementor-element elementor-element-ea56b00 e-flex e-con-boxed e-con e-parent\" data-id=\"ea56b00\" data-element_type=\"container\" data-e-type=\"container\">\n\t\t\t\t\t<div class=\"e-con-inner\">\n\t\t\t\t<div class=\"elementor-element elementor-element-41958a2 elementor-widget elementor-widget-spacer\" data-id=\"41958a2\" data-element_type=\"widget\" data-e-type=\"widget\" data-widget_type=\"spacer.default\">\n\t\t\t\t<div class=\"elementor-widget-container\">\n\t\t\t\t\t\t\t<div class=\"elementor-spacer\">\n\t\t\t<div class=\"elementor-spacer-inner\"><\/div>\n\t\t<\/div>\n\t\t\t\t\t\t<\/div>\n\t\t\t\t<\/div>\n\t\t\t\t\t<\/div>\n\t\t\t\t<\/div>\n\t\t<div class=\"elementor-element elementor-element-2a7621c e-flex e-con-boxed e-con e-parent\" data-id=\"2a7621c\" data-element_type=\"container\" data-e-type=\"container\">\n\t\t\t\t\t<div class=\"e-con-inner\">\n\t\t<div class=\"elementor-element elementor-element-8b66a58 e-con-full e-flex e-con e-child\" data-id=\"8b66a58\" data-element_type=\"container\" data-e-type=\"container\" data-settings=\"{&quot;background_background&quot;:&quot;classic&quot;}\">\n\t\t\t\t<div class=\"elementor-element elementor-element-527d73a elementor-widget elementor-widget-heading\" data-id=\"527d73a\" data-element_type=\"widget\" data-e-type=\"widget\" data-widget_type=\"heading.default\">\n\t\t\t\t<div class=\"elementor-widget-container\">\n\t\t\t\t\t<span class=\"elementor-heading-title elementor-size-default\">Processo completo<\/span>\t\t\t\t<\/div>\n\t\t\t\t<\/div>\n\t\t\t\t<div class=\"elementor-element elementor-element-95f544c elementor-widget elementor-widget-text-editor\" data-id=\"95f544c\" data-element_type=\"widget\" data-e-type=\"widget\" data-widget_type=\"text-editor.default\">\n\t\t\t\t<div class=\"elementor-widget-container\">\n\t\t\t\t\t\t\t\t\t<p>- Curvatura CNC<\/p><p>- Taglio laser<\/p><p>- Taglio a getto d'acqua<\/p><p>- Taglio al plasma<\/p><p>- Tosatura<\/p><p>- Foratura laser<\/p><p>- Punzonatura del metallo<\/p><p>- Piercing<\/p><p>- Curling<\/p><p>- Disegno<\/p><p>- Stretching<\/p><p>- Saldatura laser<\/p><p>- Saldatura TIG<\/p><p>- Saldatura ad arco di argon<\/p><p>- Saldatura con robot<\/p><p>- Saldatura a punti<\/p>\t\t\t\t\t\t\t\t<\/div>\n\t\t\t\t<\/div>\n\t\t\t\t<\/div>\n\t\t<div class=\"elementor-element elementor-element-1985e37 e-con-full e-flex e-con e-child\" data-id=\"1985e37\" data-element_type=\"container\" data-e-type=\"container\">\n\t\t\t\t<div class=\"elementor-element elementor-element-7f8e508 elementor-widget elementor-widget-heading\" data-id=\"7f8e508\" data-element_type=\"widget\" data-e-type=\"widget\" data-widget_type=\"heading.default\">\n\t\t\t\t<div class=\"elementor-widget-container\">\n\t\t\t\t\t<span class=\"elementor-heading-title elementor-size-default\">Trattamento di finitura<\/span>\t\t\t\t<\/div>\n\t\t\t\t<\/div>\n\t\t\t\t<div class=\"elementor-element elementor-element-7b05468 elementor-widget elementor-widget-text-editor\" data-id=\"7b05468\" data-element_type=\"widget\" data-e-type=\"widget\" data-widget_type=\"text-editor.default\">\n\t\t\t\t<div class=\"elementor-widget-container\">\n\t\t\t\t\t\t\t\t\t<p>- Placcatura<\/p><p>- Cromatura<\/p><p>- Rivestimento in polvere<\/p><p>- Pittura<\/p><p>- Granigliatura<\/p><p>- Anodizzazione<\/p><p>- Trattamento termico<\/p><p>- Lucidatura<\/p><p>- Rettifica<\/p><p>- Passivazione<\/p><p>- Montaggio<\/p>\t\t\t\t\t\t\t\t<\/div>\n\t\t\t\t<\/div>\n\t\t\t\t<\/div>\n\t\t<div class=\"elementor-element elementor-element-1d59f51 e-con-full e-flex e-con e-child\" data-id=\"1d59f51\" data-element_type=\"container\" data-e-type=\"container\">\n\t\t\t\t<div class=\"elementor-element elementor-element-e88cfd7 elementor-widget elementor-widget-heading\" data-id=\"e88cfd7\" data-element_type=\"widget\" data-e-type=\"widget\" data-widget_type=\"heading.default\">\n\t\t\t\t<div class=\"elementor-widget-container\">\n\t\t\t\t\t<span class=\"elementor-heading-title elementor-size-default\">Opzioni di materiale<\/span>\t\t\t\t<\/div>\n\t\t\t\t<\/div>\n\t\t\t\t<div class=\"elementor-element elementor-element-6dd61dd elementor-widget elementor-widget-text-editor\" data-id=\"6dd61dd\" data-element_type=\"widget\" data-e-type=\"widget\" data-widget_type=\"text-editor.default\">\n\t\t\t\t<div class=\"elementor-widget-container\">\n\t\t\t\t\t\t\t\t\t<p>- Acciaio inox<\/p><p>- Acciaio al carbonio<\/p><p>- Acciaio legato<\/p><p>- Alluminio<\/p><p>- Ottone<\/p><p>- Rame<\/p>\t\t\t\t\t\t\t\t<\/div>\n\t\t\t\t<\/div>\n\t\t\t\t<\/div>\n\t\t<div class=\"elementor-element elementor-element-31e3a66 e-con-full e-flex e-con e-child\" data-id=\"31e3a66\" data-element_type=\"container\" data-e-type=\"container\" data-settings=\"{&quot;background_background&quot;:&quot;classic&quot;}\">\n\t\t\t\t<div class=\"elementor-element elementor-element-97a408c elementor-widget elementor-widget-heading\" data-id=\"97a408c\" data-element_type=\"widget\" data-e-type=\"widget\" data-widget_type=\"heading.default\">\n\t\t\t\t<div class=\"elementor-widget-container\">\n\t\t\t\t\t<span class=\"elementor-heading-title elementor-size-default\">Capacit\u00e0 di ispezione<\/span>\t\t\t\t<\/div>\n\t\t\t\t<\/div>\n\t\t\t\t<div class=\"elementor-element elementor-element-ba62ae9 elementor-widget elementor-widget-text-editor\" data-id=\"ba62ae9\" data-element_type=\"widget\" data-e-type=\"widget\" data-widget_type=\"text-editor.default\">\n\t\t\t\t<div class=\"elementor-widget-container\">\n\t\t\t\t\t\t\t\t\t<p>- CMM<\/p><p>- Proiettore<\/p><p>- Strumento di misura per immagini<\/p><p>- Tester di durezza<\/p><p>- Microscopio metallografico<\/p><p>- Misuratore di altezza<\/p><p>- Micrometro<\/p><p>- Calibri a corsoio<\/p>\t\t\t\t\t\t\t\t<\/div>\n\t\t\t\t<\/div>\n\t\t\t\t<\/div>\n\t\t\t\t\t<\/div>\n\t\t\t\t<\/div>\n\t\t<div class=\"elementor-element elementor-element-6f8322c e-flex e-con-boxed e-con e-parent\" data-id=\"6f8322c\" data-element_type=\"container\" data-e-type=\"container\">\n\t\t\t\t\t<div class=\"e-con-inner\">\n\t\t\t\t<div class=\"elementor-element elementor-element-930db8b elementor-widget elementor-widget-spacer\" data-id=\"930db8b\" data-element_type=\"widget\" data-e-type=\"widget\" data-widget_type=\"spacer.default\">\n\t\t\t\t<div class=\"elementor-widget-container\">\n\t\t\t\t\t\t\t<div class=\"elementor-spacer\">\n\t\t\t<div class=\"elementor-spacer-inner\"><\/div>\n\t\t<\/div>\n\t\t\t\t\t\t<\/div>\n\t\t\t\t<\/div>\n\t\t\t\t<div class=\"elementor-element elementor-element-e49e599 elementor-widget elementor-widget-heading\" data-id=\"e49e599\" data-element_type=\"widget\" data-e-type=\"widget\" data-widget_type=\"heading.default\">\n\t\t\t\t<div class=\"elementor-widget-container\">\n\t\t\t\t\t<h3 class=\"elementor-heading-title elementor-size-default\">Industrie che utilizzano la fabbricazione di metalli<\/h3>\t\t\t\t<\/div>\n\t\t\t\t<\/div>\n\t\t\t\t<div class=\"elementor-element elementor-element-3600b00 elementor-widget elementor-widget-text-editor\" data-id=\"3600b00\" data-element_type=\"widget\" data-e-type=\"widget\" data-widget_type=\"text-editor.default\">\n\t\t\t\t<div class=\"elementor-widget-container\">\n\t\t\t\t\t\t\t\t\t<p>Le parti create attraverso il processo di fabbricazione dei metalli possono essere utilizzate in settori come l'aeronautica\/aerospaziale, l'automotive, l'edilizia, le ferrovie, la cantieristica, l'HVAC, l'automazione industriale, i macchinari, il petrolio e il gas.<\/p><p>La fabbricazione di metalli \u00e8 il processo di formatura di parti da una lamiera. I file CAD 3D vengono convertiti in codice macchina, che controlla una macchina per tagliare e formare con precisione le lamiere nel pezzo finale. Gli strumenti di formatura tipici sono freni, punzoni e stampi che possono formare curve e caratteristiche angolari. L'installazione di inserti, come quelli in PET, \u00e8 una pratica standard insieme ai servizi di saldatura e finitura. Le parti in lamiera sono note per la loro durata, che le rende ideali per le applicazioni finali (ad esempio, i telai). I pezzi utilizzati per i prototipi a basso volume e per le produzioni ad alto volume sono pi\u00f9 convenienti a causa degli elevati costi iniziali di allestimento e di materiale.<\/p><p>I nostri servizi di fabbricazione di lamiere personalizzate offrono una soluzione economica e su richiesta per le vostre esigenze di produzione. I servizi di fabbricazione vanno dai prototipi a basso volume alle serie di produzione ad alto volume, con notevoli risparmi sui costi.<\/p>\t\t\t\t\t\t\t\t<\/div>\n\t\t\t\t<\/div>\n\t\t\t\t\t<\/div>\n\t\t\t\t<\/div>\n\t\t\t\t<\/div>","protected":false},"excerpt":{"rendered":"<p>Services CNC machining Casting &amp; Forging Metal Fabrication Injection Molding Metal Fabrication JST provides a one stop shop for all your metal fabrication needs. Our comprehensive range of services includes laser cutting and wire cutting, CNC punching, CNC folding and other CNC machining processes. We also have access to a massive range of post processing [&hellip;]<\/p>\n","protected":false},"author":6,"featured_media":0,"parent":0,"menu_order":0,"comment_status":"closed","ping_status":"closed","template":"","meta":{"_acf_changed":false,"site-sidebar-layout":"no-sidebar","site-content-layout":"page-builder","ast-site-content-layout":"full-width-container","site-content-style":"unboxed","site-sidebar-style":"unboxed","ast-global-header-display":"","ast-banner-title-visibility":"","ast-main-header-display":"","ast-hfb-above-header-display":"","ast-hfb-below-header-display":"","ast-hfb-mobile-header-display":"","site-post-title":"disabled","ast-breadcrumbs-content":"","ast-featured-img":"disabled","footer-sml-layout":"","ast-disable-related-posts":"","theme-transparent-header-meta":"","adv-header-id-meta":"","stick-header-meta":"","header-above-stick-meta":"","header-main-stick-meta":"","header-below-stick-meta":"","astra-migrate-meta-layouts":"set","ast-page-background-enabled":"default","ast-page-background-meta":{"desktop":{"background-color":"","background-image":"","background-repeat":"repeat","background-position":"center center","background-size":"auto","background-attachment":"scroll","background-type":"","background-media":"","overlay-type":"","overlay-color":"","overlay-opacity":"","overlay-gradient":""},"tablet":{"background-color":"","background-image":"","background-repeat":"repeat","background-position":"center center","background-size":"auto","background-attachment":"scroll","background-type":"","background-media":"","overlay-type":"","overlay-color":"","overlay-opacity":"","overlay-gradient":""},"mobile":{"background-color":"","background-image":"","background-repeat":"repeat","background-position":"center center","background-size":"auto","background-attachment":"scroll","background-type":"","background-media":"","overlay-type":"","overlay-color":"","overlay-opacity":"","overlay-gradient":""}},"ast-content-background-meta":{"desktop":{"background-color":"var(--ast-global-color-5)","background-image":"","background-repeat":"repeat","background-position":"center center","background-size":"auto","background-attachment":"scroll","background-type":"","background-media":"","overlay-type":"","overlay-color":"","overlay-opacity":"","overlay-gradient":""},"tablet":{"background-color":"var(--ast-global-color-5)","background-image":"","background-repeat":"repeat","background-position":"center center","background-size":"auto","background-attachment":"scroll","background-type":"","background-media":"","overlay-type":"","overlay-color":"","overlay-opacity":"","overlay-gradient":""},"mobile":{"background-color":"var(--ast-global-color-5)","background-image":"","background-repeat":"repeat","background-position":"center center","background-size":"auto","background-attachment":"scroll","background-type":"","background-media":"","overlay-type":"","overlay-color":"","overlay-opacity":"","overlay-gradient":""}},"footnotes":""},"class_list":["post-2081","page","type-page","status-publish","hentry"],"acf":[],"_links":{"self":[{"href":"https:\/\/www.jstindustry.com\/it\/wp-json\/wp\/v2\/pages\/2081","targetHints":{"allow":["GET"]}}],"collection":[{"href":"https:\/\/www.jstindustry.com\/it\/wp-json\/wp\/v2\/pages"}],"about":[{"href":"https:\/\/www.jstindustry.com\/it\/wp-json\/wp\/v2\/types\/page"}],"author":[{"embeddable":true,"href":"https:\/\/www.jstindustry.com\/it\/wp-json\/wp\/v2\/users\/6"}],"replies":[{"embeddable":true,"href":"https:\/\/www.jstindustry.com\/it\/wp-json\/wp\/v2\/comments?post=2081"}],"version-history":[{"count":16,"href":"https:\/\/www.jstindustry.com\/it\/wp-json\/wp\/v2\/pages\/2081\/revisions"}],"predecessor-version":[{"id":5971,"href":"https:\/\/www.jstindustry.com\/it\/wp-json\/wp\/v2\/pages\/2081\/revisions\/5971"}],"wp:attachment":[{"href":"https:\/\/www.jstindustry.com\/it\/wp-json\/wp\/v2\/media?parent=2081"}],"curies":[{"name":"wp","href":"https:\/\/api.w.org\/{rel}","templated":true}]}}