{"id":6165,"date":"2025-09-01T20:02:06","date_gmt":"2025-09-01T12:02:06","guid":{"rendered":"https:\/\/www.jstindustry.com\/?post_type=product&#038;p=6165"},"modified":"2025-09-08T15:32:41","modified_gmt":"2025-09-08T07:32:41","slug":"ibc-tanks-jst01","status":"publish","type":"product","link":"https:\/\/www.jstindustry.com\/fr\/ibc-tanks-jst01.html","title":{"rendered":"R\u00e9servoirs IBC en acier inoxydable (JST01)"},"content":{"rendered":"<div class=\"wp-block-group is-layout-grid wp-container-core-group-is-layout-478b6e6b wp-block-group-is-layout-grid\"><\/div>\n\n\n\n<div class=\"wp-block-group is-layout-grid wp-container-core-group-is-layout-478b6e6b wp-block-group-is-layout-grid\"><\/div>\n\n\n\n<div class=\"wp-block-group is-layout-grid wp-container-core-group-is-layout-478b6e6b wp-block-group-is-layout-grid\"><\/div>\n\n\n\n<div class=\"wp-block-group is-layout-grid wp-container-core-group-is-layout-478b6e6b wp-block-group-is-layout-grid\"><\/div>\n\n\n\n<div class=\"wp-block-group is-layout-grid wp-container-core-group-is-layout-478b6e6b wp-block-group-is-layout-grid\"><\/div>\n\n\n\n<div class=\"wp-block-group is-layout-grid wp-container-core-group-is-layout-478b6e6b wp-block-group-is-layout-grid\"><\/div>\n\n\n\n<div class=\"wp-block-group is-layout-grid wp-container-core-group-is-layout-acc8bb78 wp-block-group-is-layout-grid\"><\/div>\n\n\n\n\n\n<p><\/p>\n\n\n\n<h2 class=\"wp-block-heading\"><\/h2>\n\n\n\n<h2 class=\"wp-block-heading\"><\/h2>\n\n\n\n<h2 class=\"wp-block-heading\"><\/h2>\n\n\n\n<ul class=\"wp-block-list\">\n<li><\/li>\n\n\n\n<li><\/li>\n<\/ul>","protected":false},"excerpt":{"rendered":"<p>Le r\u00e9servoir IBC en acier inoxydable offre une solution performante pour le stockage et le transport s\u00fbrs et efficaces des liquides. Fabriqu\u00e9 en acier inoxydable SUS304 de premi\u00e8re qualit\u00e9 et con\u00e7u \u00e0 l'aide de la technologie avanc\u00e9e de soudage robotis\u00e9 d'OTC, il garantit une durabilit\u00e9 exceptionnelle, une r\u00e9sistance sup\u00e9rieure \u00e0 la corrosion et une s\u00e9curit\u00e9 fiable dans une large gamme d'applications industrielles.<\/p>","protected":false},"author":5,"featured_media":6174,"menu_order":0,"comment_status":"open","ping_status":"open","template":"","format":"standard","meta":{"_acf_changed":false,"site-sidebar-layout":"no-sidebar","site-content-layout":"page-builder","ast-site-content-layout":"full-width-container","site-content-style":"default","site-sidebar-style":"default","ast-global-header-display":"","ast-banner-title-visibility":"","ast-main-header-display":"","ast-hfb-above-header-display":"","ast-hfb-below-header-display":"","ast-hfb-mobile-header-display":"","site-post-title":"disabled","ast-breadcrumbs-content":"","ast-featured-img":"disabled","footer-sml-layout":"","ast-disable-related-posts":"","theme-transparent-header-meta":"","adv-header-id-meta":"","stick-header-meta":"","header-above-stick-meta":"","header-main-stick-meta":"","header-below-stick-meta":"","astra-migrate-meta-layouts":"set","ast-page-background-enabled":"default","ast-page-background-meta":{"desktop":{"background-color":"","background-image":"","background-repeat":"repeat","background-position":"center center","background-size":"auto","background-attachment":"scroll","background-type":"","background-media":"","overlay-type":"","overlay-color":"","overlay-opacity":"","overlay-gradient":""},"tablet":{"background-color":"","background-image":"","background-repeat":"repeat","background-position":"center center","background-size":"auto","background-attachment":"scroll","background-type":"","background-media":"","overlay-type":"","overlay-color":"","overlay-opacity":"","overlay-gradient":""},"mobile":{"background-color":"","background-image":"","background-repeat":"repeat","background-position":"center center","background-size":"auto","background-attachment":"scroll","background-type":"","background-media":"","overlay-type":"","overlay-color":"","overlay-opacity":"","overlay-gradient":""}},"ast-content-background-meta":{"desktop":{"background-color":"var(--ast-global-color-5)","background-image":"","background-repeat":"repeat","background-position":"center center","background-size":"auto","background-attachment":"scroll","background-type":"","background-media":"","overlay-type":"","overlay-color":"","overlay-opacity":"","overlay-gradient":""},"tablet":{"background-color":"var(--ast-global-color-5)","background-image":"","background-repeat":"repeat","background-position":"center center","background-size":"auto","background-attachment":"scroll","background-type":"","background-media":"","overlay-type":"","overlay-color":"","overlay-opacity":"","overlay-gradient":""},"mobile":{"background-color":"var(--ast-global-color-5)","background-image":"","background-repeat":"repeat","background-position":"center center","background-size":"auto","background-attachment":"scroll","background-type":"","background-media":"","overlay-type":"","overlay-color":"","overlay-opacity":"","overlay-gradient":""}},"footnotes":""},"product-catregory":[70],"product-tag":[],"class_list":["post-6165","product","type-product","status-publish","format-standard","has-post-thumbnail","hentry","product-catregory-stainless-steel-ibc"],"acf":[],"_links":{"self":[{"href":"https:\/\/www.jstindustry.com\/fr\/wp-json\/wp\/v2\/product\/6165","targetHints":{"allow":["GET"]}}],"collection":[{"href":"https:\/\/www.jstindustry.com\/fr\/wp-json\/wp\/v2\/product"}],"about":[{"href":"https:\/\/www.jstindustry.com\/fr\/wp-json\/wp\/v2\/types\/product"}],"author":[{"embeddable":true,"href":"https:\/\/www.jstindustry.com\/fr\/wp-json\/wp\/v2\/users\/5"}],"replies":[{"embeddable":true,"href":"https:\/\/www.jstindustry.com\/fr\/wp-json\/wp\/v2\/comments?post=6165"}],"version-history":[{"count":27,"href":"https:\/\/www.jstindustry.com\/fr\/wp-json\/wp\/v2\/product\/6165\/revisions"}],"predecessor-version":[{"id":6485,"href":"https:\/\/www.jstindustry.com\/fr\/wp-json\/wp\/v2\/product\/6165\/revisions\/6485"}],"wp:featuredmedia":[{"embeddable":true,"href":"https:\/\/www.jstindustry.com\/fr\/wp-json\/wp\/v2\/media\/6174"}],"wp:attachment":[{"href":"https:\/\/www.jstindustry.com\/fr\/wp-json\/wp\/v2\/media?parent=6165"}],"wp:term":[{"taxonomy":"product-catregory","embeddable":true,"href":"https:\/\/www.jstindustry.com\/fr\/wp-json\/wp\/v2\/product-catregory?post=6165"},{"taxonomy":"product-tag","embeddable":true,"href":"https:\/\/www.jstindustry.com\/fr\/wp-json\/wp\/v2\/product-tag?post=6165"}],"curies":[{"name":"wp","href":"https:\/\/api.w.org\/{rel}","templated":true}]}}