{"id":3772,"date":"2025-02-25T09:20:59","date_gmt":"2025-02-25T09:20:59","guid":{"rendered":"https:\/\/jstindustry.com\/?post_type=product&#038;p=3772"},"modified":"2026-01-07T10:35:42","modified_gmt":"2026-01-07T02:35:42","slug":"oem-injection-molded-plastic-pvc-parts-pd505896658","status":"publish","type":"product","link":"https:\/\/www.jstindustry.com\/fr\/oem-injection-molded-plastic-pvc-parts-pd505896658.html","title":{"rendered":"Pi\u00e8ces en PVC moul\u00e9es par injection OEM"},"content":{"rendered":"","protected":false},"excerpt":{"rendered":"<p>Nos produits, les pi\u00e8ces en PVC moul\u00e9es par injection OEM, pr\u00e9sentent de nombreuses caract\u00e9ristiques, telles que la haute pr\u00e9cision, la durabilit\u00e9, la diversit\u00e9 et la l\u00e9g\u00e8ret\u00e9. Nous assurons une livraison rapide et d'excellents services. Nos produits peuvent \u00eatre utilis\u00e9s dans l'industrie des appareils m\u00e9nagers, des pi\u00e8ces automobiles, des appareils m\u00e9dicaux, de l'\u00e9lectronique grand public, des \u00e9quipements industriels et des mat\u00e9riaux de construction.<\/p>","protected":false},"author":6,"featured_media":3773,"menu_order":0,"comment_status":"open","ping_status":"open","template":"","format":"standard","meta":{"_acf_changed":false,"site-sidebar-layout":"default","site-content-layout":"","ast-site-content-layout":"default","site-content-style":"default","site-sidebar-style":"default","ast-global-header-display":"","ast-banner-title-visibility":"","ast-main-header-display":"","ast-hfb-above-header-display":"","ast-hfb-below-header-display":"","ast-hfb-mobile-header-display":"","site-post-title":"","ast-breadcrumbs-content":"","ast-featured-img":"","footer-sml-layout":"","ast-disable-related-posts":"","theme-transparent-header-meta":"","adv-header-id-meta":"","stick-header-meta":"","header-above-stick-meta":"","header-main-stick-meta":"","header-below-stick-meta":"","astra-migrate-meta-layouts":"set","ast-page-background-enabled":"default","ast-page-background-meta":{"desktop":{"background-color":"","background-image":"","background-repeat":"repeat","background-position":"center center","background-size":"auto","background-attachment":"scroll","background-type":"","background-media":"","overlay-type":"","overlay-color":"","overlay-opacity":"","overlay-gradient":""},"tablet":{"background-color":"","background-image":"","background-repeat":"repeat","background-position":"center center","background-size":"auto","background-attachment":"scroll","background-type":"","background-media":"","overlay-type":"","overlay-color":"","overlay-opacity":"","overlay-gradient":""},"mobile":{"background-color":"","background-image":"","background-repeat":"repeat","background-position":"center center","background-size":"auto","background-attachment":"scroll","background-type":"","background-media":"","overlay-type":"","overlay-color":"","overlay-opacity":"","overlay-gradient":""}},"ast-content-background-meta":{"desktop":{"background-color":"var(--ast-global-color-5)","background-image":"","background-repeat":"repeat","background-position":"center center","background-size":"auto","background-attachment":"scroll","background-type":"","background-media":"","overlay-type":"","overlay-color":"","overlay-opacity":"","overlay-gradient":""},"tablet":{"background-color":"var(--ast-global-color-5)","background-image":"","background-repeat":"repeat","background-position":"center center","background-size":"auto","background-attachment":"scroll","background-type":"","background-media":"","overlay-type":"","overlay-color":"","overlay-opacity":"","overlay-gradient":""},"mobile":{"background-color":"var(--ast-global-color-5)","background-image":"","background-repeat":"repeat","background-position":"center center","background-size":"auto","background-attachment":"scroll","background-type":"","background-media":"","overlay-type":"","overlay-color":"","overlay-opacity":"","overlay-gradient":""}},"footnotes":""},"product-catregory":[35],"product-tag":[],"class_list":["post-3772","product","type-product","status-publish","format-standard","has-post-thumbnail","hentry","product-catregory-plastic-injection-parts-pl3633234-html"],"acf":[],"_links":{"self":[{"href":"https:\/\/www.jstindustry.com\/fr\/wp-json\/wp\/v2\/product\/3772","targetHints":{"allow":["GET"]}}],"collection":[{"href":"https:\/\/www.jstindustry.com\/fr\/wp-json\/wp\/v2\/product"}],"about":[{"href":"https:\/\/www.jstindustry.com\/fr\/wp-json\/wp\/v2\/types\/product"}],"author":[{"embeddable":true,"href":"https:\/\/www.jstindustry.com\/fr\/wp-json\/wp\/v2\/users\/6"}],"replies":[{"embeddable":true,"href":"https:\/\/www.jstindustry.com\/fr\/wp-json\/wp\/v2\/comments?post=3772"}],"version-history":[{"count":1,"href":"https:\/\/www.jstindustry.com\/fr\/wp-json\/wp\/v2\/product\/3772\/revisions"}],"predecessor-version":[{"id":3774,"href":"https:\/\/www.jstindustry.com\/fr\/wp-json\/wp\/v2\/product\/3772\/revisions\/3774"}],"wp:featuredmedia":[{"embeddable":true,"href":"https:\/\/www.jstindustry.com\/fr\/wp-json\/wp\/v2\/media\/3773"}],"wp:attachment":[{"href":"https:\/\/www.jstindustry.com\/fr\/wp-json\/wp\/v2\/media?parent=3772"}],"wp:term":[{"taxonomy":"product-catregory","embeddable":true,"href":"https:\/\/www.jstindustry.com\/fr\/wp-json\/wp\/v2\/product-catregory?post=3772"},{"taxonomy":"product-tag","embeddable":true,"href":"https:\/\/www.jstindustry.com\/fr\/wp-json\/wp\/v2\/product-tag?post=3772"}],"curies":[{"name":"wp","href":"https:\/\/api.w.org\/{rel}","templated":true}]}}