{"id":2914,"date":"2025-02-20T08:47:21","date_gmt":"2025-02-20T08:47:21","guid":{"rendered":"https:\/\/jstindustry.com\/?post_type=product&#038;p=2914"},"modified":"2026-02-06T11:02:54","modified_gmt":"2026-02-06T03:02:54","slug":"oem-precision-cnc-turning-brass-parts-for-power-cable-connector-pd559294858","status":"publish","type":"product","link":"https:\/\/www.jstindustry.com\/fr\/oem-precision-cnc-turning-brass-parts-for-power-cable-connector-pd559294858.html","title":{"rendered":"Pi\u00e8ces en laiton tourn\u00e9es CNC de pr\u00e9cision OEM pour connecteur de c\u00e2ble d'alimentation"},"content":{"rendered":"","protected":false},"excerpt":{"rendered":"<p>We specialize in manufacturing high-precision, non-standard nuts for the power cable connector industry. Our standard offering includes M10 threads, but we are fully capable of producing a wide range of threads to meet your specific needs, including M4-M25, G 1\/4&#8243;-G 1&#8243;, and NPT threads. With a minimum order quantity of 10,000 pieces and a lead time of 30 days, we ensure timely delivery of your precision brass parts. Our expertise is backed by a strong history of producing CNC turning brass parts for power cable connectors, covering thread sizes from M4 to M25. For any OEM precision CNC turning brass parts or power cable connector components, reach out to us for a competitive quote.<\/p>","protected":false},"author":6,"featured_media":2915,"menu_order":0,"comment_status":"open","ping_status":"open","template":"","format":"standard","meta":{"_acf_changed":false,"site-sidebar-layout":"default","site-content-layout":"","ast-site-content-layout":"default","site-content-style":"default","site-sidebar-style":"default","ast-global-header-display":"","ast-banner-title-visibility":"","ast-main-header-display":"","ast-hfb-above-header-display":"","ast-hfb-below-header-display":"","ast-hfb-mobile-header-display":"","site-post-title":"","ast-breadcrumbs-content":"","ast-featured-img":"","footer-sml-layout":"","ast-disable-related-posts":"","theme-transparent-header-meta":"","adv-header-id-meta":"","stick-header-meta":"","header-above-stick-meta":"","header-main-stick-meta":"","header-below-stick-meta":"","astra-migrate-meta-layouts":"set","ast-page-background-enabled":"default","ast-page-background-meta":{"desktop":{"background-color":"","background-image":"","background-repeat":"repeat","background-position":"center center","background-size":"auto","background-attachment":"scroll","background-type":"","background-media":"","overlay-type":"","overlay-color":"","overlay-opacity":"","overlay-gradient":""},"tablet":{"background-color":"","background-image":"","background-repeat":"repeat","background-position":"center center","background-size":"auto","background-attachment":"scroll","background-type":"","background-media":"","overlay-type":"","overlay-color":"","overlay-opacity":"","overlay-gradient":""},"mobile":{"background-color":"","background-image":"","background-repeat":"repeat","background-position":"center center","background-size":"auto","background-attachment":"scroll","background-type":"","background-media":"","overlay-type":"","overlay-color":"","overlay-opacity":"","overlay-gradient":""}},"ast-content-background-meta":{"desktop":{"background-color":"var(--ast-global-color-5)","background-image":"","background-repeat":"repeat","background-position":"center center","background-size":"auto","background-attachment":"scroll","background-type":"","background-media":"","overlay-type":"","overlay-color":"","overlay-opacity":"","overlay-gradient":""},"tablet":{"background-color":"var(--ast-global-color-5)","background-image":"","background-repeat":"repeat","background-position":"center center","background-size":"auto","background-attachment":"scroll","background-type":"","background-media":"","overlay-type":"","overlay-color":"","overlay-opacity":"","overlay-gradient":""},"mobile":{"background-color":"var(--ast-global-color-5)","background-image":"","background-repeat":"repeat","background-position":"center center","background-size":"auto","background-attachment":"scroll","background-type":"","background-media":"","overlay-type":"","overlay-color":"","overlay-opacity":"","overlay-gradient":""}},"footnotes":""},"product-catregory":[44,31],"product-tag":[],"class_list":["post-2914","product","type-product","status-publish","format-standard","has-post-thumbnail","hentry","product-catregory-cnc-turning-brass-parts-pl3394884-html","product-catregory-cnc-turning-parts-pl3594884-html"],"acf":[],"_links":{"self":[{"href":"https:\/\/www.jstindustry.com\/fr\/wp-json\/wp\/v2\/product\/2914","targetHints":{"allow":["GET"]}}],"collection":[{"href":"https:\/\/www.jstindustry.com\/fr\/wp-json\/wp\/v2\/product"}],"about":[{"href":"https:\/\/www.jstindustry.com\/fr\/wp-json\/wp\/v2\/types\/product"}],"author":[{"embeddable":true,"href":"https:\/\/www.jstindustry.com\/fr\/wp-json\/wp\/v2\/users\/6"}],"replies":[{"embeddable":true,"href":"https:\/\/www.jstindustry.com\/fr\/wp-json\/wp\/v2\/comments?post=2914"}],"version-history":[{"count":1,"href":"https:\/\/www.jstindustry.com\/fr\/wp-json\/wp\/v2\/product\/2914\/revisions"}],"predecessor-version":[{"id":2916,"href":"https:\/\/www.jstindustry.com\/fr\/wp-json\/wp\/v2\/product\/2914\/revisions\/2916"}],"wp:featuredmedia":[{"embeddable":true,"href":"https:\/\/www.jstindustry.com\/fr\/wp-json\/wp\/v2\/media\/2915"}],"wp:attachment":[{"href":"https:\/\/www.jstindustry.com\/fr\/wp-json\/wp\/v2\/media?parent=2914"}],"wp:term":[{"taxonomy":"product-catregory","embeddable":true,"href":"https:\/\/www.jstindustry.com\/fr\/wp-json\/wp\/v2\/product-catregory?post=2914"},{"taxonomy":"product-tag","embeddable":true,"href":"https:\/\/www.jstindustry.com\/fr\/wp-json\/wp\/v2\/product-tag?post=2914"}],"curies":[{"name":"wp","href":"https:\/\/api.w.org\/{rel}","templated":true}]}}