{"id":2658,"date":"2025-02-14T10:42:41","date_gmt":"2025-02-14T10:42:41","guid":{"rendered":"https:\/\/jstindustry.com\/?post_type=product&#038;p=2658"},"modified":"2026-02-06T14:28:25","modified_gmt":"2026-02-06T06:28:25","slug":"custom-stainless-steel-machining-motor-spare-parts-pd528239658","status":"publish","type":"product","link":"https:\/\/www.jstindustry.com\/fr\/custom-stainless-steel-machining-motor-spare-parts-pd528239658.html","title":{"rendered":"Pi\u00e8ces de rechange pour moteurs usin\u00e9es sur mesure en acier inoxydable\u00a0"},"content":{"rendered":"","protected":false},"excerpt":{"rendered":"<p>- Les pi\u00e8ces de rechange pour moteurs usin\u00e9es sur mesure en acier inoxydable sont des pi\u00e8ces usin\u00e9es en acier inoxydable de haute pr\u00e9cision pour le secteur des moteurs.<\/p>\n<p>- La norme de traitement de la rugosit\u00e9 de surface Ra 1,6 garantit la douceur des pi\u00e8ces de rechange de moteur en acier inoxydable usin\u00e9es sur mesure et am\u00e9liore la qualit\u00e9 de l'accouplement des pi\u00e8ces et la dur\u00e9e de vie, ce qui permet d'obtenir une meilleure efficacit\u00e9 de travail.<\/p>","protected":false},"author":6,"featured_media":2659,"menu_order":0,"comment_status":"open","ping_status":"open","template":"","format":"standard","meta":{"_acf_changed":false,"site-sidebar-layout":"default","site-content-layout":"","ast-site-content-layout":"default","site-content-style":"default","site-sidebar-style":"default","ast-global-header-display":"","ast-banner-title-visibility":"","ast-main-header-display":"","ast-hfb-above-header-display":"","ast-hfb-below-header-display":"","ast-hfb-mobile-header-display":"","site-post-title":"","ast-breadcrumbs-content":"","ast-featured-img":"","footer-sml-layout":"","ast-disable-related-posts":"","theme-transparent-header-meta":"","adv-header-id-meta":"","stick-header-meta":"","header-above-stick-meta":"","header-main-stick-meta":"","header-below-stick-meta":"","astra-migrate-meta-layouts":"set","ast-page-background-enabled":"default","ast-page-background-meta":{"desktop":{"background-color":"","background-image":"","background-repeat":"repeat","background-position":"center center","background-size":"auto","background-attachment":"scroll","background-type":"","background-media":"","overlay-type":"","overlay-color":"","overlay-opacity":"","overlay-gradient":""},"tablet":{"background-color":"","background-image":"","background-repeat":"repeat","background-position":"center center","background-size":"auto","background-attachment":"scroll","background-type":"","background-media":"","overlay-type":"","overlay-color":"","overlay-opacity":"","overlay-gradient":""},"mobile":{"background-color":"","background-image":"","background-repeat":"repeat","background-position":"center center","background-size":"auto","background-attachment":"scroll","background-type":"","background-media":"","overlay-type":"","overlay-color":"","overlay-opacity":"","overlay-gradient":""}},"ast-content-background-meta":{"desktop":{"background-color":"var(--ast-global-color-5)","background-image":"","background-repeat":"repeat","background-position":"center center","background-size":"auto","background-attachment":"scroll","background-type":"","background-media":"","overlay-type":"","overlay-color":"","overlay-opacity":"","overlay-gradient":""},"tablet":{"background-color":"var(--ast-global-color-5)","background-image":"","background-repeat":"repeat","background-position":"center center","background-size":"auto","background-attachment":"scroll","background-type":"","background-media":"","overlay-type":"","overlay-color":"","overlay-opacity":"","overlay-gradient":""},"mobile":{"background-color":"var(--ast-global-color-5)","background-image":"","background-repeat":"repeat","background-position":"center center","background-size":"auto","background-attachment":"scroll","background-type":"","background-media":"","overlay-type":"","overlay-color":"","overlay-opacity":"","overlay-gradient":""}},"footnotes":""},"product-catregory":[30,37],"product-tag":[],"class_list":["post-2658","product","type-product","status-publish","format-standard","has-post-thumbnail","hentry","product-catregory-cnc-machining-parts-pl3653234","product-catregory-stainless-steel-machining-parts-pl3184884-html"],"acf":[],"_links":{"self":[{"href":"https:\/\/www.jstindustry.com\/fr\/wp-json\/wp\/v2\/product\/2658","targetHints":{"allow":["GET"]}}],"collection":[{"href":"https:\/\/www.jstindustry.com\/fr\/wp-json\/wp\/v2\/product"}],"about":[{"href":"https:\/\/www.jstindustry.com\/fr\/wp-json\/wp\/v2\/types\/product"}],"author":[{"embeddable":true,"href":"https:\/\/www.jstindustry.com\/fr\/wp-json\/wp\/v2\/users\/6"}],"replies":[{"embeddable":true,"href":"https:\/\/www.jstindustry.com\/fr\/wp-json\/wp\/v2\/comments?post=2658"}],"version-history":[{"count":1,"href":"https:\/\/www.jstindustry.com\/fr\/wp-json\/wp\/v2\/product\/2658\/revisions"}],"predecessor-version":[{"id":2660,"href":"https:\/\/www.jstindustry.com\/fr\/wp-json\/wp\/v2\/product\/2658\/revisions\/2660"}],"wp:featuredmedia":[{"embeddable":true,"href":"https:\/\/www.jstindustry.com\/fr\/wp-json\/wp\/v2\/media\/2659"}],"wp:attachment":[{"href":"https:\/\/www.jstindustry.com\/fr\/wp-json\/wp\/v2\/media?parent=2658"}],"wp:term":[{"taxonomy":"product-catregory","embeddable":true,"href":"https:\/\/www.jstindustry.com\/fr\/wp-json\/wp\/v2\/product-catregory?post=2658"},{"taxonomy":"product-tag","embeddable":true,"href":"https:\/\/www.jstindustry.com\/fr\/wp-json\/wp\/v2\/product-tag?post=2658"}],"curies":[{"name":"wp","href":"https:\/\/api.w.org\/{rel}","templated":true}]}}