{"id":2652,"date":"2025-02-14T10:26:04","date_gmt":"2025-02-14T10:26:04","guid":{"rendered":"https:\/\/jstindustry.com\/?post_type=product&#038;p=2652"},"modified":"2026-02-06T14:30:55","modified_gmt":"2026-02-06T06:30:55","slug":"custom-precision-stainless-steel-machining-auto-parts-pd599768658","status":"publish","type":"product","link":"https:\/\/www.jstindustry.com\/fr\/custom-precision-stainless-steel-machining-auto-parts-pd599768658.html","title":{"rendered":"Pi\u00e8ces automobiles en acier inoxydable de pr\u00e9cision usin\u00e9es sur mesure"},"content":{"rendered":"","protected":false},"excerpt":{"rendered":"<p>Les caract\u00e9ristiques de nos produits sont les suivantes : r\u00e9sistance aux temp\u00e9ratures \u00e9lev\u00e9es, r\u00e9sistance \u00e0 la corrosion, haute r\u00e9sistance et haute pr\u00e9cision. Nos pi\u00e8ces automobiles peuvent \u00eatre utilis\u00e9es dans les composants du moteur automobile, les composants du syst\u00e8me de transmission, les composants du syst\u00e8me de freinage, les composants du syst\u00e8me de suspension, le cadre de la carrosserie et les pi\u00e8ces d\u00e9coratives.<\/p>","protected":false},"author":6,"featured_media":2653,"menu_order":0,"comment_status":"open","ping_status":"open","template":"","format":"standard","meta":{"_acf_changed":false,"site-sidebar-layout":"default","site-content-layout":"","ast-site-content-layout":"default","site-content-style":"default","site-sidebar-style":"default","ast-global-header-display":"","ast-banner-title-visibility":"","ast-main-header-display":"","ast-hfb-above-header-display":"","ast-hfb-below-header-display":"","ast-hfb-mobile-header-display":"","site-post-title":"","ast-breadcrumbs-content":"","ast-featured-img":"","footer-sml-layout":"","ast-disable-related-posts":"","theme-transparent-header-meta":"","adv-header-id-meta":"","stick-header-meta":"","header-above-stick-meta":"","header-main-stick-meta":"","header-below-stick-meta":"","astra-migrate-meta-layouts":"set","ast-page-background-enabled":"default","ast-page-background-meta":{"desktop":{"background-color":"","background-image":"","background-repeat":"repeat","background-position":"center center","background-size":"auto","background-attachment":"scroll","background-type":"","background-media":"","overlay-type":"","overlay-color":"","overlay-opacity":"","overlay-gradient":""},"tablet":{"background-color":"","background-image":"","background-repeat":"repeat","background-position":"center center","background-size":"auto","background-attachment":"scroll","background-type":"","background-media":"","overlay-type":"","overlay-color":"","overlay-opacity":"","overlay-gradient":""},"mobile":{"background-color":"","background-image":"","background-repeat":"repeat","background-position":"center center","background-size":"auto","background-attachment":"scroll","background-type":"","background-media":"","overlay-type":"","overlay-color":"","overlay-opacity":"","overlay-gradient":""}},"ast-content-background-meta":{"desktop":{"background-color":"var(--ast-global-color-5)","background-image":"","background-repeat":"repeat","background-position":"center center","background-size":"auto","background-attachment":"scroll","background-type":"","background-media":"","overlay-type":"","overlay-color":"","overlay-opacity":"","overlay-gradient":""},"tablet":{"background-color":"var(--ast-global-color-5)","background-image":"","background-repeat":"repeat","background-position":"center center","background-size":"auto","background-attachment":"scroll","background-type":"","background-media":"","overlay-type":"","overlay-color":"","overlay-opacity":"","overlay-gradient":""},"mobile":{"background-color":"var(--ast-global-color-5)","background-image":"","background-repeat":"repeat","background-position":"center center","background-size":"auto","background-attachment":"scroll","background-type":"","background-media":"","overlay-type":"","overlay-color":"","overlay-opacity":"","overlay-gradient":""}},"footnotes":""},"product-catregory":[30,37],"product-tag":[],"class_list":["post-2652","product","type-product","status-publish","format-standard","has-post-thumbnail","hentry","product-catregory-cnc-machining-parts-pl3653234","product-catregory-stainless-steel-machining-parts-pl3184884-html"],"acf":[],"_links":{"self":[{"href":"https:\/\/www.jstindustry.com\/fr\/wp-json\/wp\/v2\/product\/2652","targetHints":{"allow":["GET"]}}],"collection":[{"href":"https:\/\/www.jstindustry.com\/fr\/wp-json\/wp\/v2\/product"}],"about":[{"href":"https:\/\/www.jstindustry.com\/fr\/wp-json\/wp\/v2\/types\/product"}],"author":[{"embeddable":true,"href":"https:\/\/www.jstindustry.com\/fr\/wp-json\/wp\/v2\/users\/6"}],"replies":[{"embeddable":true,"href":"https:\/\/www.jstindustry.com\/fr\/wp-json\/wp\/v2\/comments?post=2652"}],"version-history":[{"count":2,"href":"https:\/\/www.jstindustry.com\/fr\/wp-json\/wp\/v2\/product\/2652\/revisions"}],"predecessor-version":[{"id":7507,"href":"https:\/\/www.jstindustry.com\/fr\/wp-json\/wp\/v2\/product\/2652\/revisions\/7507"}],"wp:featuredmedia":[{"embeddable":true,"href":"https:\/\/www.jstindustry.com\/fr\/wp-json\/wp\/v2\/media\/2653"}],"wp:attachment":[{"href":"https:\/\/www.jstindustry.com\/fr\/wp-json\/wp\/v2\/media?parent=2652"}],"wp:term":[{"taxonomy":"product-catregory","embeddable":true,"href":"https:\/\/www.jstindustry.com\/fr\/wp-json\/wp\/v2\/product-catregory?post=2652"},{"taxonomy":"product-tag","embeddable":true,"href":"https:\/\/www.jstindustry.com\/fr\/wp-json\/wp\/v2\/product-tag?post=2652"}],"curies":[{"name":"wp","href":"https:\/\/api.w.org\/{rel}","templated":true}]}}