{"id":245,"date":"2025-01-19T14:45:06","date_gmt":"2025-01-19T14:45:06","guid":{"rendered":"https:\/\/jstindustry.com\/about\/"},"modified":"2025-06-06T11:07:16","modified_gmt":"2025-06-06T03:07:16","slug":"aboutus","status":"publish","type":"page","link":"https:\/\/www.jstindustry.com\/fr\/aboutus.html","title":{"rendered":"\u00c0 propos de nous"},"content":{"rendered":"<div data-elementor-type=\"wp-page\" data-elementor-id=\"245\" class=\"elementor elementor-245\" data-elementor-post-type=\"page\">\n\t\t\t\t<div class=\"elementor-element elementor-element-6cc4423 e-con-full e-flex e-con e-parent\" data-id=\"6cc4423\" data-element_type=\"container\" data-e-type=\"container\" data-settings=\"{&quot;background_background&quot;:&quot;classic&quot;}\">\n\t\t\t\t<\/div>\n\t\t<div class=\"elementor-element elementor-element-da6b930 e-flex e-con-boxed e-con e-parent\" data-id=\"da6b930\" data-element_type=\"container\" data-e-type=\"container\">\n\t\t\t\t\t<div class=\"e-con-inner\">\n\t\t<div class=\"elementor-element elementor-element-1b0932a e-con-full e-flex e-con e-child\" data-id=\"1b0932a\" data-element_type=\"container\" data-e-type=\"container\">\n\t\t\t\t<div class=\"elementor-element elementor-element-54fc5b2 elementor-widget elementor-widget-heading\" data-id=\"54fc5b2\" data-element_type=\"widget\" data-e-type=\"widget\" data-widget_type=\"heading.default\">\n\t\t\t\t<div class=\"elementor-widget-container\">\n\t\t\t\t\t<h2 class=\"elementor-heading-title elementor-size-default\"><a href=\"https:\/\/www.jstindustry.com\/aboutus.html\">Profil de l'entreprise<\/a><\/h2>\t\t\t\t<\/div>\n\t\t\t\t<\/div>\n\t\t\t\t<div class=\"elementor-element elementor-element-66cce19 elementor-widget-divider--view-line elementor-widget elementor-widget-divider\" data-id=\"66cce19\" data-element_type=\"widget\" data-e-type=\"widget\" data-widget_type=\"divider.default\">\n\t\t\t\t<div class=\"elementor-widget-container\">\n\t\t\t\t\t\t\t<div class=\"elementor-divider\">\n\t\t\t<span class=\"elementor-divider-separator\">\n\t\t\t\t\t\t<\/span>\n\t\t<\/div>\n\t\t\t\t\t\t<\/div>\n\t\t\t\t<\/div>\n\t\t\t\t<\/div>\n\t\t<div class=\"elementor-element elementor-element-1c1e03b e-con-full e-flex e-con e-child\" data-id=\"1c1e03b\" data-element_type=\"container\" data-e-type=\"container\">\n\t\t\t\t<div class=\"elementor-element elementor-element-0e51800 elementor-widget elementor-widget-heading\" data-id=\"0e51800\" data-element_type=\"widget\" data-e-type=\"widget\" data-widget_type=\"heading.default\">\n\t\t\t\t<div class=\"elementor-widget-container\">\n\t\t\t\t\t<h2 class=\"elementor-heading-title elementor-size-default\"><a href=\"https:\/\/www.jstindustry.com\/technical-equipment.html\">\u00c9quipement technique<\/a><\/h2>\t\t\t\t<\/div>\n\t\t\t\t<\/div>\n\t\t\t\t<\/div>\n\t\t<div class=\"elementor-element elementor-element-6d33c8d e-con-full e-flex e-con e-child\" data-id=\"6d33c8d\" data-element_type=\"container\" data-e-type=\"container\">\n\t\t\t\t<div class=\"elementor-element elementor-element-0ddc91c elementor-widget elementor-widget-heading\" data-id=\"0ddc91c\" data-element_type=\"widget\" data-e-type=\"widget\" data-widget_type=\"heading.default\">\n\t\t\t\t<div class=\"elementor-widget-container\">\n\t\t\t\t\t<h2 class=\"elementor-heading-title elementor-size-default\"><a href=\"https:\/\/www.jstindustry.com\/certification.html\">Certification<\/a><\/h2>\t\t\t\t<\/div>\n\t\t\t\t<\/div>\n\t\t\t\t<\/div>\n\t\t<div class=\"elementor-element elementor-element-196ccad e-con-full e-flex e-con e-child\" data-id=\"196ccad\" data-element_type=\"container\" data-e-type=\"container\">\n\t\t\t\t<div class=\"elementor-element elementor-element-0646b6e elementor-widget elementor-widget-heading\" data-id=\"0646b6e\" data-element_type=\"widget\" data-e-type=\"widget\" data-widget_type=\"heading.default\">\n\t\t\t\t<div class=\"elementor-widget-container\">\n\t\t\t\t\t<h2 class=\"elementor-heading-title elementor-size-default\"><a href=\"https:\/\/www.jstindustry.com\/services.html\">Services<\/a><\/h2>\t\t\t\t<\/div>\n\t\t\t\t<\/div>\n\t\t\t\t<\/div>\n\t\t\t\t\t<\/div>\n\t\t\t\t<\/div>\n\t\t<div class=\"elementor-element elementor-element-37356bf e-flex e-con-boxed e-con e-parent\" data-id=\"37356bf\" data-element_type=\"container\" data-e-type=\"container\">\n\t\t\t\t\t<div class=\"e-con-inner\">\n\t\t\t\t<div class=\"elementor-element elementor-element-8343164 elementor-widget elementor-widget-heading\" data-id=\"8343164\" data-element_type=\"widget\" data-e-type=\"widget\" data-widget_type=\"heading.default\">\n\t\t\t\t<div class=\"elementor-widget-container\">\n\t\t\t\t\t<h1 class=\"elementor-heading-title elementor-size-default\">KUNSHAN JST INDUSTRY CO, LTD<\/h1>\t\t\t\t<\/div>\n\t\t\t\t<\/div>\n\t\t<div class=\"elementor-element elementor-element-83dfd1a e-con-full e-flex e-con e-child\" data-id=\"83dfd1a\" data-element_type=\"container\" data-e-type=\"container\">\n\t\t\t\t<div class=\"elementor-element elementor-element-fc9dbd8 elementor-widget-divider--view-line elementor-widget elementor-widget-divider\" data-id=\"fc9dbd8\" data-element_type=\"widget\" data-e-type=\"widget\" data-widget_type=\"divider.default\">\n\t\t\t\t<div class=\"elementor-widget-container\">\n\t\t\t\t\t\t\t<div class=\"elementor-divider\">\n\t\t\t<span class=\"elementor-divider-separator\">\n\t\t\t\t\t\t<\/span>\n\t\t<\/div>\n\t\t\t\t\t\t<\/div>\n\t\t\t\t<\/div>\n\t\t\t\t<div class=\"elementor-element elementor-element-00fea27 elementor-widget elementor-widget-image\" data-id=\"00fea27\" data-element_type=\"widget\" data-e-type=\"widget\" data-widget_type=\"image.default\">\n\t\t\t\t<div class=\"elementor-widget-container\">\n\t\t\t\t\t\t\t\t\t\t\t\t\t\t\t<img fetchpriority=\"high\" decoding=\"async\" width=\"1024\" height=\"312\" src=\"https:\/\/www.jstindustry.com\/wp-content\/uploads\/2025\/01\/fenzu-1024x312.webp\" class=\"attachment-large size-large wp-image-1485\" alt=\"Usine d&#039;usinage CNC de pr\u00e9cision de JST Industry\" srcset=\"https:\/\/www.jstindustry.com\/wp-content\/uploads\/2025\/01\/fenzu-1024x312.webp 1024w, https:\/\/www.jstindustry.com\/wp-content\/uploads\/2025\/01\/fenzu-300x92.webp 300w, https:\/\/www.jstindustry.com\/wp-content\/uploads\/2025\/01\/fenzu-768x234.webp 768w, https:\/\/www.jstindustry.com\/wp-content\/uploads\/2025\/01\/fenzu.webp 1180w\" sizes=\"(max-width: 1024px) 100vw, 1024px\" \/>\t\t\t\t\t\t\t\t\t\t\t\t\t\t\t<\/div>\n\t\t\t\t<\/div>\n\t\t\t\t<\/div>\n\t\t\t\t\t<\/div>\n\t\t\t\t<\/div>\n\t\t<div class=\"elementor-element elementor-element-4179986 e-flex e-con-boxed e-con e-parent\" data-id=\"4179986\" data-element_type=\"container\" data-e-type=\"container\">\n\t\t\t\t\t<div class=\"e-con-inner\">\n\t\t<div class=\"elementor-element elementor-element-3c140f7 e-con-full e-flex e-con e-child\" data-id=\"3c140f7\" data-element_type=\"container\" data-e-type=\"container\">\n\t\t\t\t<div class=\"elementor-element elementor-element-76ab703 elementor-widget elementor-widget-counter\" data-id=\"76ab703\" data-element_type=\"widget\" data-e-type=\"widget\" data-widget_type=\"counter.default\">\n\t\t\t\t<div class=\"elementor-widget-container\">\n\t\t\t\t\t\t\t<div class=\"elementor-counter\">\n\t\t\t<div class=\"elementor-counter-title\">ZONE COUVERTE<\/div>\t\t\t<div class=\"elementor-counter-number-wrapper\">\n\t\t\t\t<span class=\"elementor-counter-number-prefix\"><\/span>\n\t\t\t\t<span class=\"elementor-counter-number\" data-duration=\"200\" data-to-value=\"38800\" data-from-value=\"0\">0<\/span>\n\t\t\t\t<span class=\"elementor-counter-number-suffix\">\uff0b<\/span>\n\t\t\t<\/div>\n\t\t<\/div>\n\t\t\t\t\t\t<\/div>\n\t\t\t\t<\/div>\n\t\t\t\t<\/div>\n\t\t<div class=\"elementor-element elementor-element-9836bdc e-con-full e-flex e-con e-child\" data-id=\"9836bdc\" data-element_type=\"container\" data-e-type=\"container\">\n\t\t\t\t<div class=\"elementor-element elementor-element-deec17c elementor-widget elementor-widget-counter\" data-id=\"deec17c\" data-element_type=\"widget\" data-e-type=\"widget\" data-widget_type=\"counter.default\">\n\t\t\t\t<div class=\"elementor-widget-container\">\n\t\t\t\t\t\t\t<div class=\"elementor-counter\">\n\t\t\t<div class=\"elementor-counter-title\">VALEUR DE LA PRODUCTION ANNUELLE<\/div>\t\t\t<div class=\"elementor-counter-number-wrapper\">\n\t\t\t\t<span class=\"elementor-counter-number-prefix\"><\/span>\n\t\t\t\t<span class=\"elementor-counter-number\" data-duration=\"200\" data-to-value=\"1000\" data-from-value=\"0\">0<\/span>\n\t\t\t\t<span class=\"elementor-counter-number-suffix\">\uff0b<\/span>\n\t\t\t<\/div>\n\t\t<\/div>\n\t\t\t\t\t\t<\/div>\n\t\t\t\t<\/div>\n\t\t\t\t<\/div>\n\t\t<div class=\"elementor-element elementor-element-8ad82c5 e-con-full e-flex e-con e-child\" data-id=\"8ad82c5\" data-element_type=\"container\" data-e-type=\"container\">\n\t\t\t\t<div class=\"elementor-element elementor-element-f9c81b8 elementor-widget elementor-widget-counter\" data-id=\"f9c81b8\" data-element_type=\"widget\" data-e-type=\"widget\" data-widget_type=\"counter.default\">\n\t\t\t\t<div class=\"elementor-widget-container\">\n\t\t\t\t\t\t\t<div class=\"elementor-counter\">\n\t\t\t<div class=\"elementor-counter-title\">EMPLOY\u00c9S<\/div>\t\t\t<div class=\"elementor-counter-number-wrapper\">\n\t\t\t\t<span class=\"elementor-counter-number-prefix\"><\/span>\n\t\t\t\t<span class=\"elementor-counter-number\" data-duration=\"200\" data-to-value=\"120\" data-from-value=\"0\" data-delimiter=\",\">0<\/span>\n\t\t\t\t<span class=\"elementor-counter-number-suffix\">\uff0b<\/span>\n\t\t\t<\/div>\n\t\t<\/div>\n\t\t\t\t\t\t<\/div>\n\t\t\t\t<\/div>\n\t\t\t\t<\/div>\n\t\t<div class=\"elementor-element elementor-element-b9f3b55 e-con-full e-flex e-con e-child\" data-id=\"b9f3b55\" data-element_type=\"container\" data-e-type=\"container\">\n\t\t\t\t<div class=\"elementor-element elementor-element-8b0832a elementor-widget elementor-widget-counter\" data-id=\"8b0832a\" data-element_type=\"widget\" data-e-type=\"widget\" data-widget_type=\"counter.default\">\n\t\t\t\t<div class=\"elementor-widget-container\">\n\t\t\t\t\t\t\t<div class=\"elementor-counter\">\n\t\t\t<div class=\"elementor-counter-title\">\u00c9TABLI DANS<\/div>\t\t\t<div class=\"elementor-counter-number-wrapper\">\n\t\t\t\t<span class=\"elementor-counter-number-prefix\"><\/span>\n\t\t\t\t<span class=\"elementor-counter-number\" data-duration=\"200\" data-to-value=\"2009\" data-from-value=\"0\">0<\/span>\n\t\t\t\t<span class=\"elementor-counter-number-suffix\"><\/span>\n\t\t\t<\/div>\n\t\t<\/div>\n\t\t\t\t\t\t<\/div>\n\t\t\t\t<\/div>\n\t\t\t\t<\/div>\n\t\t\t\t\t<\/div>\n\t\t\t\t<\/div>\n\t\t<div class=\"elementor-element elementor-element-0a9bc56 e-flex e-con-boxed e-con e-parent\" data-id=\"0a9bc56\" data-element_type=\"container\" data-e-type=\"container\">\n\t\t\t\t\t<div class=\"e-con-inner\">\n\t\t\t\t<div class=\"elementor-element elementor-element-2a5600d elementor-widget elementor-widget-text-editor\" data-id=\"2a5600d\" data-element_type=\"widget\" data-e-type=\"widget\" data-widget_type=\"text-editor.default\">\n\t\t\t\t<div class=\"elementor-widget-container\">\n\t\t\t\t\t\t\t\t\t<p>Kunshan JST Industry Co. est une usine professionnelle d'usinage \u00e0 commande num\u00e9rique et de fabrication de machines \u00e0 commande num\u00e9rique. <strong>Fabricant de pi\u00e8ces d'usinage CNC<\/strong>Ces produits sont utilis\u00e9s dans les domaines de la m\u00e9decine, de l'a\u00e9rospatiale et de l'aviation, de l'\u00e9lectronique, de la s\u00e9curit\u00e9 et de la s\u00fbret\u00e9, des \u00e9quipements industriels et de l'automobile. En outre, nous pouvons \u00e9galement fabriquer les\u00a0<strong>pi\u00e8ces CNC sur mesure<\/strong>\u00a0de pi\u00e8ces moul\u00e9es et forg\u00e9es, de fabrication m\u00e9tallique et d'injection plastique. Notre soci\u00e9t\u00e9 a adh\u00e9r\u00e9 au principe de l'innovation, de la diversit\u00e9 et de l'international.<\/p>\t\t\t\t\t\t\t\t<\/div>\n\t\t\t\t<\/div>\n\t\t\t\t<div class=\"elementor-element elementor-element-b3b8e0c elementor-widget elementor-widget-text-editor\" data-id=\"b3b8e0c\" data-element_type=\"widget\" data-e-type=\"widget\" data-widget_type=\"text-editor.default\">\n\t\t\t\t<div class=\"elementor-widget-container\">\n\t\t\t\t\t\t\t\t\t<p>JST Industry est situ\u00e9 \u00e0 Suzhou, en Chine, avec une superficie de\u00a0<strong>38 800 m\u00e8tres carr\u00e9s<\/strong>\u00a0et des immobilisations de plus de\u00a0<strong>5 millions de dollars US<\/strong>. Fond\u00e9e en 2009, JST emploie 120 personnes, dont 25 ing\u00e9nieurs exp\u00e9riment\u00e9s. Gr\u00e2ce \u00e0 notre \u00e9quipe d'ing\u00e9nieurs professionnels et \u00e0 nos installations de pointe, nous pouvons fournir une solution compl\u00e8te, du d\u00e9veloppement et de la conception de nouveaux produits \u00e0 la fabrication et \u00e0 l'assemblage, pour r\u00e9pondre \u00e0 diverses exigences. Nous avons obtenu le certificat ISO9001 en 2010. La production annuelle de nos produits est sup\u00e9rieure \u00e0 10 millions de dollars am\u00e9ricains, et plus de 80% ont \u00e9t\u00e9 export\u00e9s vers l'Am\u00e9rique, l'Australie et les pays europ\u00e9ens. La qualit\u00e9 professionnelle et le service efficace sont nos meilleurs atouts. Nous sommes impatients de coop\u00e9rer avec les clients du monde entier.<\/p>\t\t\t\t\t\t\t\t<\/div>\n\t\t\t\t<\/div>\n\t\t\t\t\t<\/div>\n\t\t\t\t<\/div>\n\t\t<div class=\"elementor-element elementor-element-9f0cbdc e-flex e-con-boxed e-con e-parent\" data-id=\"9f0cbdc\" data-element_type=\"container\" data-e-type=\"container\">\n\t\t\t\t\t<div class=\"e-con-inner\">\n\t\t<div class=\"elementor-element elementor-element-47179ae e-con-full e-flex e-con e-child\" data-id=\"47179ae\" data-element_type=\"container\" data-e-type=\"container\" data-settings=\"{&quot;background_background&quot;:&quot;classic&quot;}\">\n\t\t\t\t<div class=\"elementor-element elementor-element-a1b00f9 elementor-widget elementor-widget-image\" data-id=\"a1b00f9\" data-element_type=\"widget\" data-e-type=\"widget\" data-widget_type=\"image.default\">\n\t\t\t\t<div class=\"elementor-widget-container\">\n\t\t\t\t\t\t\t\t\t\t\t\t\t\t\t<img decoding=\"async\" width=\"580\" height=\"380\" src=\"https:\/\/www.jstindustry.com\/wp-content\/uploads\/2025\/02\/fenzu-2-1.webp\" class=\"attachment-large size-large wp-image-2046\" alt=\"vision d&#039;entreprise\" srcset=\"https:\/\/www.jstindustry.com\/wp-content\/uploads\/2025\/02\/fenzu-2-1.webp 580w, https:\/\/www.jstindustry.com\/wp-content\/uploads\/2025\/02\/fenzu-2-1-300x197.webp 300w\" sizes=\"(max-width: 580px) 100vw, 580px\" \/>\t\t\t\t\t\t\t\t\t\t\t\t\t\t\t<\/div>\n\t\t\t\t<\/div>\n\t\t\t\t<\/div>\n\t\t<div class=\"elementor-element elementor-element-e846666 e-con-full e-flex e-con e-child\" data-id=\"e846666\" data-element_type=\"container\" data-e-type=\"container\">\n\t\t\t\t<div class=\"elementor-element elementor-element-f445ba7 elementor-widget elementor-widget-image\" data-id=\"f445ba7\" data-element_type=\"widget\" data-e-type=\"widget\" data-widget_type=\"image.default\">\n\t\t\t\t<div class=\"elementor-widget-container\">\n\t\t\t\t\t\t\t\t\t\t\t\t\t\t\t<img decoding=\"async\" width=\"580\" height=\"380\" src=\"https:\/\/www.jstindustry.com\/wp-content\/uploads\/2025\/02\/fenzu-3.webp\" class=\"attachment-large size-large wp-image-2047\" alt=\"philosophie d&#039;entreprise\" srcset=\"https:\/\/www.jstindustry.com\/wp-content\/uploads\/2025\/02\/fenzu-3.webp 580w, https:\/\/www.jstindustry.com\/wp-content\/uploads\/2025\/02\/fenzu-3-300x197.webp 300w\" sizes=\"(max-width: 580px) 100vw, 580px\" \/>\t\t\t\t\t\t\t\t\t\t\t\t\t\t\t<\/div>\n\t\t\t\t<\/div>\n\t\t\t\t<\/div>\n\t\t\t\t\t<\/div>\n\t\t\t\t<\/div>\n\t\t<div class=\"elementor-element elementor-element-939745d e-flex e-con-boxed e-con e-parent\" data-id=\"939745d\" data-element_type=\"container\" data-e-type=\"container\">\n\t\t\t\t\t<div class=\"e-con-inner\">\n\t\t\t\t\t<\/div>\n\t\t\t\t<\/div>\n\t\t\t\t<\/div>","protected":false},"excerpt":{"rendered":"<p>Company Profile Technical Equipment Certification Services KUNSHAN JST INDUSTRY CO., LTD AREA COVERED 0 \uff0b VALUE OF ANNUAL PRODUCTION 0 \uff0b EMPLOYEES 0 \uff0b ESTABLISHED IN 0 Kunshan JST Industry Co., Ltd is a professional CNC Machining Factory and CNC machining parts\u00a0manufacturer, which were applied to the field of medical, aerospace &amp; aviation, electronics, security [&hellip;]<\/p>\n","protected":false},"author":1,"featured_media":0,"parent":0,"menu_order":0,"comment_status":"closed","ping_status":"closed","template":"elementor_header_footer","meta":{"_acf_changed":false,"site-sidebar-layout":"no-sidebar","site-content-layout":"page-builder","ast-site-content-layout":"full-width-container","site-content-style":"unboxed","site-sidebar-style":"unboxed","ast-global-header-display":"","ast-banner-title-visibility":"","ast-main-header-display":"","ast-hfb-above-header-display":"","ast-hfb-below-header-display":"","ast-hfb-mobile-header-display":"","site-post-title":"disabled","ast-breadcrumbs-content":"","ast-featured-img":"disabled","footer-sml-layout":"","ast-disable-related-posts":"","theme-transparent-header-meta":"enabled","adv-header-id-meta":"","stick-header-meta":"","header-above-stick-meta":"","header-main-stick-meta":"","header-below-stick-meta":"","astra-migrate-meta-layouts":"set","ast-page-background-enabled":"default","ast-page-background-meta":{"desktop":{"background-color":"","background-image":"","background-repeat":"repeat","background-position":"center center","background-size":"auto","background-attachment":"scroll","background-type":"","background-media":"","overlay-type":"","overlay-color":"","overlay-opacity":"","overlay-gradient":""},"tablet":{"background-color":"","background-image":"","background-repeat":"repeat","background-position":"center center","background-size":"auto","background-attachment":"scroll","background-type":"","background-media":"","overlay-type":"","overlay-color":"","overlay-opacity":"","overlay-gradient":""},"mobile":{"background-color":"","background-image":"","background-repeat":"repeat","background-position":"center center","background-size":"auto","background-attachment":"scroll","background-type":"","background-media":"","overlay-type":"","overlay-color":"","overlay-opacity":"","overlay-gradient":""}},"ast-content-background-meta":{"desktop":{"background-color":"var(--ast-global-color-5)","background-image":"","background-repeat":"repeat","background-position":"center center","background-size":"auto","background-attachment":"scroll","background-type":"","background-media":"","overlay-type":"","overlay-color":"","overlay-opacity":"","overlay-gradient":""},"tablet":{"background-color":"var(--ast-global-color-5)","background-image":"","background-repeat":"repeat","background-position":"center center","background-size":"auto","background-attachment":"scroll","background-type":"","background-media":"","overlay-type":"","overlay-color":"","overlay-opacity":"","overlay-gradient":""},"mobile":{"background-color":"var(--ast-global-color-5)","background-image":"","background-repeat":"repeat","background-position":"center center","background-size":"auto","background-attachment":"scroll","background-type":"","background-media":"","overlay-type":"","overlay-color":"","overlay-opacity":"","overlay-gradient":""}},"footnotes":""},"class_list":["post-245","page","type-page","status-publish","hentry"],"acf":[],"_links":{"self":[{"href":"https:\/\/www.jstindustry.com\/fr\/wp-json\/wp\/v2\/pages\/245","targetHints":{"allow":["GET"]}}],"collection":[{"href":"https:\/\/www.jstindustry.com\/fr\/wp-json\/wp\/v2\/pages"}],"about":[{"href":"https:\/\/www.jstindustry.com\/fr\/wp-json\/wp\/v2\/types\/page"}],"author":[{"embeddable":true,"href":"https:\/\/www.jstindustry.com\/fr\/wp-json\/wp\/v2\/users\/1"}],"replies":[{"embeddable":true,"href":"https:\/\/www.jstindustry.com\/fr\/wp-json\/wp\/v2\/comments?post=245"}],"version-history":[{"count":56,"href":"https:\/\/www.jstindustry.com\/fr\/wp-json\/wp\/v2\/pages\/245\/revisions"}],"predecessor-version":[{"id":5807,"href":"https:\/\/www.jstindustry.com\/fr\/wp-json\/wp\/v2\/pages\/245\/revisions\/5807"}],"wp:attachment":[{"href":"https:\/\/www.jstindustry.com\/fr\/wp-json\/wp\/v2\/media?parent=245"}],"curies":[{"name":"wp","href":"https:\/\/api.w.org\/{rel}","templated":true}]}}