{"id":2053,"date":"2025-02-08T12:52:18","date_gmt":"2025-02-08T12:52:18","guid":{"rendered":"https:\/\/jstindustry.com\/?page_id=2053"},"modified":"2025-07-21T10:38:22","modified_gmt":"2025-07-21T02:38:22","slug":"technical-equipment","status":"publish","type":"page","link":"https:\/\/www.jstindustry.com\/fr\/technical-equipment.html","title":{"rendered":"\u00c9quipement technique"},"content":{"rendered":"<div data-elementor-type=\"wp-page\" data-elementor-id=\"2053\" class=\"elementor elementor-2053\" data-elementor-post-type=\"page\">\n\t\t\t\t<div class=\"elementor-element elementor-element-ce73122 e-flex e-con-boxed e-con e-parent\" data-id=\"ce73122\" data-element_type=\"container\" data-e-type=\"container\">\n\t\t\t\t\t<div class=\"e-con-inner\">\n\t\t<div class=\"elementor-element elementor-element-e01bc32 e-con-full e-flex e-con e-child\" data-id=\"e01bc32\" data-element_type=\"container\" data-e-type=\"container\">\n\t\t<div class=\"elementor-element elementor-element-38d566c e-con-full e-flex e-con e-child\" data-id=\"38d566c\" data-element_type=\"container\" data-e-type=\"container\">\n\t\t\t\t<div class=\"elementor-element elementor-element-1631a79 elementor-widget elementor-widget-heading\" data-id=\"1631a79\" data-element_type=\"widget\" data-e-type=\"widget\" data-widget_type=\"heading.default\">\n\t\t\t\t<div class=\"elementor-widget-container\">\n\t\t\t\t\t<span class=\"elementor-heading-title elementor-size-default\">Profil de l'entreprise<\/span>\t\t\t\t<\/div>\n\t\t\t\t<\/div>\n\t\t\t\t<\/div>\n\t\t<div class=\"elementor-element elementor-element-6e82954 e-con-full e-flex e-con e-child\" data-id=\"6e82954\" data-element_type=\"container\" data-e-type=\"container\">\n\t\t\t\t<div class=\"elementor-element elementor-element-90906e4 elementor-widget elementor-widget-heading\" data-id=\"90906e4\" data-element_type=\"widget\" data-e-type=\"widget\" data-widget_type=\"heading.default\">\n\t\t\t\t<div class=\"elementor-widget-container\">\n\t\t\t\t\t<span class=\"elementor-heading-title elementor-size-default\">\u00c9quipement technique<\/span>\t\t\t\t<\/div>\n\t\t\t\t<\/div>\n\t\t\t\t<div class=\"elementor-element elementor-element-24d3e60 elementor-widget-divider--view-line elementor-widget elementor-widget-divider\" data-id=\"24d3e60\" data-element_type=\"widget\" data-e-type=\"widget\" data-widget_type=\"divider.default\">\n\t\t\t\t<div class=\"elementor-widget-container\">\n\t\t\t\t\t\t\t<div class=\"elementor-divider\">\n\t\t\t<span class=\"elementor-divider-separator\">\n\t\t\t\t\t\t<\/span>\n\t\t<\/div>\n\t\t\t\t\t\t<\/div>\n\t\t\t\t<\/div>\n\t\t\t\t<\/div>\n\t\t<div class=\"elementor-element elementor-element-d9baf44 e-con-full e-flex e-con e-child\" data-id=\"d9baf44\" data-element_type=\"container\" data-e-type=\"container\">\n\t\t\t\t<div class=\"elementor-element elementor-element-bfe8f3e elementor-widget elementor-widget-heading\" data-id=\"bfe8f3e\" data-element_type=\"widget\" data-e-type=\"widget\" data-widget_type=\"heading.default\">\n\t\t\t\t<div class=\"elementor-widget-container\">\n\t\t\t\t\t<span class=\"elementor-heading-title elementor-size-default\"><a href=\"https:\/\/www.jstindustry.com\/certification.html\">Certification<\/a><\/span>\t\t\t\t<\/div>\n\t\t\t\t<\/div>\n\t\t\t\t<\/div>\n\t\t<div class=\"elementor-element elementor-element-1872fef e-con-full e-flex e-con e-child\" data-id=\"1872fef\" data-element_type=\"container\" data-e-type=\"container\">\n\t\t\t\t<div class=\"elementor-element elementor-element-f41ef0a elementor-widget elementor-widget-heading\" data-id=\"f41ef0a\" data-element_type=\"widget\" data-e-type=\"widget\" data-widget_type=\"heading.default\">\n\t\t\t\t<div class=\"elementor-widget-container\">\n\t\t\t\t\t<span class=\"elementor-heading-title elementor-size-default\"><a href=\"https:\/\/www.jstindustry.com\/services.html\">Services<\/a><\/span>\t\t\t\t<\/div>\n\t\t\t\t<\/div>\n\t\t\t\t<\/div>\n\t\t\t\t<\/div>\n\t\t\t\t\t<\/div>\n\t\t\t\t<\/div>\n\t\t<div class=\"elementor-element elementor-element-33a1859 e-flex e-con-boxed e-con e-parent\" data-id=\"33a1859\" data-element_type=\"container\" data-e-type=\"container\">\n\t\t\t\t\t<div class=\"e-con-inner\">\n\t\t\t\t<div class=\"elementor-element elementor-element-6bc1ea3 elementor-widget elementor-widget-heading\" data-id=\"6bc1ea3\" data-element_type=\"widget\" data-e-type=\"widget\" data-widget_type=\"heading.default\">\n\t\t\t\t<div class=\"elementor-widget-container\">\n\t\t\t\t\t<h1 class=\"elementor-heading-title elementor-size-default\">INSTALLATIONS DE FABRICATION<\/h1>\t\t\t\t<\/div>\n\t\t\t\t<\/div>\n\t\t\t\t<div class=\"elementor-element elementor-element-06d021f elementor-widget elementor-widget-text-editor\" data-id=\"06d021f\" data-element_type=\"widget\" data-e-type=\"widget\" data-widget_type=\"text-editor.default\">\n\t\t\t\t<div class=\"elementor-widget-container\">\n\t\t\t\t\t\t\t\t\t<p>JST Industry dispose des \u00e9quipements les plus avanc\u00e9s pour<a href=\"https:\/\/www.jstindustry.com\/CNC-Machining-Parts-pl3653234.html\">\u00a0<strong>usinage CNC rapide<\/strong><\/a>, L'entreprise a mis en place un syst\u00e8me ERP pour assurer une gestion efficace. Nous disposons de centaines d'\u00e9quipements divers pour r\u00e9pondre aux exigences de nos clients. JST est votre guichet unique pour les pi\u00e8ces m\u00e9talliques et plastiques personnalis\u00e9es.<\/p>\t\t\t\t\t\t\t\t<\/div>\n\t\t\t\t<\/div>\n\t\t\t\t\t<\/div>\n\t\t\t\t<\/div>\n\t\t<div class=\"elementor-element elementor-element-ad11990 e-flex e-con-boxed e-con e-parent\" data-id=\"ad11990\" data-element_type=\"container\" data-e-type=\"container\">\n\t\t\t\t\t<div class=\"e-con-inner\">\n\t\t<div class=\"elementor-element elementor-element-3feebb5 e-con-full e-flex e-con e-child\" data-id=\"3feebb5\" data-element_type=\"container\" data-e-type=\"container\" data-settings=\"{&quot;background_background&quot;:&quot;classic&quot;}\">\n\t\t\t\t<div class=\"elementor-element elementor-element-d7b8d10 elementor-widget elementor-widget-heading\" data-id=\"d7b8d10\" data-element_type=\"widget\" data-e-type=\"widget\" data-widget_type=\"heading.default\">\n\t\t\t\t<div class=\"elementor-widget-container\">\n\t\t\t\t\t<h2 class=\"elementor-heading-title elementor-size-default\">Usinage CNC<\/h2>\t\t\t\t<\/div>\n\t\t\t\t<\/div>\n\t\t\t\t<div class=\"elementor-element elementor-element-e90933a elementor-widget elementor-widget-text-editor\" data-id=\"e90933a\" data-element_type=\"widget\" data-e-type=\"widget\" data-widget_type=\"text-editor.default\">\n\t\t\t\t<div class=\"elementor-widget-container\">\n\t\t\t\t\t\t\t\t\t<p class=\"p1\"><b>\u00b7\u00a0\u00a0<\/b>Centre d'usinage \u00e0 3 axes : 20 ensembles, DMG.<\/p><p><b>\u00b7\u00a0\u00a0<\/b>Centre d'usinage \u00e0 4 axes : 20 ensembles, DMG.<br \/><b>\u00b7\u00a0\u00a0<\/b>Centre d'usinage 5 axes : 5 ensembles, DMG.<br \/><b>\u00b7\u00a0\u00a0<\/b>Tour CNC : 20 ensembles, SMTCL.<br \/><b>\u00b7\u00a0\u00a0<\/b>Tour g\u00e9n\u00e9ral : 5 ensembles, SMTCL.<br \/><b>\u00b7\u00a0\u00a0<\/b>Machine-outil composite de tournage-fraisage : 10 jeux, DMG.<br \/><b>\u00b7\u00a0\u00a0<\/b>Tour de type suisse : 20 jeux, TSUGAMI.<br \/><b>\u00b7\u00a0\u00a0<\/b>Tour automatique : 50 jeux, TY.<br \/><b>\u00b7\u00a0\u00a0<\/b>Tour automatique \u00e0 commande num\u00e9rique : 20 jeux, TSUGAMI.<br \/><b>\u00b7\u00a0\u00a0<\/b>Les autres \u00e9quipements d'assistance comprennent les fraiseuses, les perceuses, les rectifieuses sans centre, les rectifieuses cylindriques externes, etc.<br \/><b>\u00b7\u00a0\u00a0<\/b>Mat\u00e9riel d'inspection : Pied \u00e0 coulisse, microm\u00e8tre, jauge de hauteur, testeur de duret\u00e9, instrument de mesure d'images bidimensionnelles, TESA Micro-Hite 300, testeur de rugosit\u00e9 de surface Mitutoyo, Mitutoyo CMM et nettoyeur \u00e0 ultrasons.<\/p>\t\t\t\t\t\t\t\t<\/div>\n\t\t\t\t<\/div>\n\t\t\t\t<div class=\"elementor-element elementor-element-5d58352 elementor-widget elementor-widget-spacer\" data-id=\"5d58352\" data-element_type=\"widget\" data-e-type=\"widget\" data-widget_type=\"spacer.default\">\n\t\t\t\t<div class=\"elementor-widget-container\">\n\t\t\t\t\t\t\t<div class=\"elementor-spacer\">\n\t\t\t<div class=\"elementor-spacer-inner\"><\/div>\n\t\t<\/div>\n\t\t\t\t\t\t<\/div>\n\t\t\t\t<\/div>\n\t\t\t\t<\/div>\n\t\t<div class=\"elementor-element elementor-element-25045f6 e-con-full e-flex e-con e-child\" data-id=\"25045f6\" data-element_type=\"container\" data-e-type=\"container\" data-settings=\"{&quot;background_background&quot;:&quot;classic&quot;}\">\n\t\t<div class=\"elementor-element elementor-element-2f2e246 e-con-full e-flex e-con e-child\" data-id=\"2f2e246\" data-element_type=\"container\" data-e-type=\"container\" data-settings=\"{&quot;background_background&quot;:&quot;classic&quot;}\">\n\t\t\t\t<div class=\"elementor-element elementor-element-078a5bd elementor-widget elementor-widget-image\" data-id=\"078a5bd\" data-element_type=\"widget\" data-e-type=\"widget\" data-widget_type=\"image.default\">\n\t\t\t\t<div class=\"elementor-widget-container\">\n\t\t\t\t\t\t\t\t\t\t\t\t\t\t\t<img fetchpriority=\"high\" decoding=\"async\" width=\"380\" height=\"260\" src=\"https:\/\/www.jstindustry.com\/wp-content\/uploads\/2025\/02\/6-1-1.webp\" class=\"attachment-large size-large wp-image-2055\" alt=\"Usine d&#039;\u00e9quipement de traitement CNC de pr\u00e9cision JST\" srcset=\"https:\/\/www.jstindustry.com\/wp-content\/uploads\/2025\/02\/6-1-1.webp 380w, https:\/\/www.jstindustry.com\/wp-content\/uploads\/2025\/02\/6-1-1-300x205.webp 300w\" sizes=\"(max-width: 380px) 100vw, 380px\" \/>\t\t\t\t\t\t\t\t\t\t\t\t\t\t\t<\/div>\n\t\t\t\t<\/div>\n\t\t\t\t<div class=\"elementor-element elementor-element-06bb9a6 elementor-widget elementor-widget-image\" data-id=\"06bb9a6\" data-element_type=\"widget\" data-e-type=\"widget\" data-widget_type=\"image.default\">\n\t\t\t\t<div class=\"elementor-widget-container\">\n\t\t\t\t\t\t\t\t\t\t\t\t\t\t\t<img decoding=\"async\" width=\"380\" height=\"230\" src=\"https:\/\/www.jstindustry.com\/wp-content\/uploads\/2025\/02\/fenzu-5.webp\" class=\"attachment-large size-large wp-image-2056\" alt=\"Usine d&#039;\u00e9quipement de traitement \u00e0 commande num\u00e9rique de pr\u00e9cision JST\" srcset=\"https:\/\/www.jstindustry.com\/wp-content\/uploads\/2025\/02\/fenzu-5.webp 380w, https:\/\/www.jstindustry.com\/wp-content\/uploads\/2025\/02\/fenzu-5-300x182.webp 300w\" sizes=\"(max-width: 380px) 100vw, 380px\" \/>\t\t\t\t\t\t\t\t\t\t\t\t\t\t\t<\/div>\n\t\t\t\t<\/div>\n\t\t\t\t<\/div>\n\t\t\t\t<\/div>\n\t\t\t\t\t<\/div>\n\t\t\t\t<\/div>\n\t\t<div class=\"elementor-element elementor-element-1623488 e-flex e-con-boxed e-con e-parent\" data-id=\"1623488\" data-element_type=\"container\" data-e-type=\"container\">\n\t\t\t\t\t<div class=\"e-con-inner\">\n\t\t<div class=\"elementor-element elementor-element-fac64e3 e-con-full e-flex e-con e-child\" data-id=\"fac64e3\" data-element_type=\"container\" data-e-type=\"container\" data-settings=\"{&quot;background_background&quot;:&quot;classic&quot;}\">\n\t\t\t\t<div class=\"elementor-element elementor-element-438cbbc elementor-widget elementor-widget-spacer\" data-id=\"438cbbc\" data-element_type=\"widget\" data-e-type=\"widget\" data-widget_type=\"spacer.default\">\n\t\t\t\t<div class=\"elementor-widget-container\">\n\t\t\t\t\t\t\t<div class=\"elementor-spacer\">\n\t\t\t<div class=\"elementor-spacer-inner\"><\/div>\n\t\t<\/div>\n\t\t\t\t\t\t<\/div>\n\t\t\t\t<\/div>\n\t\t\t\t<div class=\"elementor-element elementor-element-e31e281 elementor-widget elementor-widget-image\" data-id=\"e31e281\" data-element_type=\"widget\" data-e-type=\"widget\" data-widget_type=\"image.default\">\n\t\t\t\t<div class=\"elementor-widget-container\">\n\t\t\t\t\t\t\t\t\t\t\t\t\t\t\t<img decoding=\"async\" width=\"380\" height=\"230\" src=\"https:\/\/www.jstindustry.com\/wp-content\/uploads\/2025\/02\/fenzu-6.webp\" class=\"attachment-large size-large wp-image-2057\" alt=\"Usine d&#039;\u00e9quipement de traitement \u00e0 commande num\u00e9rique de pr\u00e9cision JST\" srcset=\"https:\/\/www.jstindustry.com\/wp-content\/uploads\/2025\/02\/fenzu-6.webp 380w, https:\/\/www.jstindustry.com\/wp-content\/uploads\/2025\/02\/fenzu-6-300x182.webp 300w\" sizes=\"(max-width: 380px) 100vw, 380px\" \/>\t\t\t\t\t\t\t\t\t\t\t\t\t\t\t<\/div>\n\t\t\t\t<\/div>\n\t\t\t\t<\/div>\n\t\t<div class=\"elementor-element elementor-element-2db2538 e-con-full e-flex e-con e-child\" data-id=\"2db2538\" data-element_type=\"container\" data-e-type=\"container\" data-settings=\"{&quot;background_background&quot;:&quot;classic&quot;}\">\n\t\t\t\t<div class=\"elementor-element elementor-element-1895e91 elementor-widget elementor-widget-heading\" data-id=\"1895e91\" data-element_type=\"widget\" data-e-type=\"widget\" data-widget_type=\"heading.default\">\n\t\t\t\t<div class=\"elementor-widget-container\">\n\t\t\t\t\t<h2 class=\"elementor-heading-title elementor-size-default\">Moulage et forgeage<\/h2>\t\t\t\t<\/div>\n\t\t\t\t<\/div>\n\t\t\t\t<div class=\"elementor-element elementor-element-23c7eb1 elementor-widget elementor-widget-text-editor\" data-id=\"23c7eb1\" data-element_type=\"widget\" data-e-type=\"widget\" data-widget_type=\"text-editor.default\">\n\t\t\t\t<div class=\"elementor-widget-container\">\n\t\t\t\t\t\t\t\t\t<p>Sur la base de nos installations de fabrication et des usines locales coop\u00e9rantes, nous pouvons r\u00e9aliser des moulages en sable,\u00a0<a href=\"https:\/\/www.jstindustry.com\/Investment-Casting-pl3815884.html\"><strong>moulage \u00e0 la cire perdue<\/strong><\/a>,Nous pouvons \u00e9galement fabriquer des pi\u00e8ces en acier inoxydable, des pi\u00e8ces moul\u00e9es \u00e0 la cire perdue, des pi\u00e8ces moul\u00e9es sous pression en alliage d'aluminium, des pi\u00e8ces moul\u00e9es sous pression en alliage de zinc et des pi\u00e8ces forg\u00e9es. Nous pouvons \u00e9galement r\u00e9aliser l'usinage suppl\u00e9mentaire de ces pi\u00e8ces, ainsi que le traitement de finition (traitement thermique, sablage et anodisation, polissage, rev\u00eatement par poudre, etc.<\/p>\t\t\t\t\t\t\t\t<\/div>\n\t\t\t\t<\/div>\n\t\t\t\t<\/div>\n\t\t\t\t\t<\/div>\n\t\t\t\t<\/div>\n\t\t<div class=\"elementor-element elementor-element-acdc842 e-flex e-con-boxed e-con e-parent\" data-id=\"acdc842\" data-element_type=\"container\" data-e-type=\"container\">\n\t\t\t\t\t<div class=\"e-con-inner\">\n\t\t<div class=\"elementor-element elementor-element-7173ab4 e-con-full e-flex e-con e-child\" data-id=\"7173ab4\" data-element_type=\"container\" data-e-type=\"container\" data-settings=\"{&quot;background_background&quot;:&quot;classic&quot;}\">\n\t\t<div class=\"elementor-element elementor-element-efcd316 e-con-full e-flex e-con e-child\" data-id=\"efcd316\" data-element_type=\"container\" data-e-type=\"container\">\n\t\t\t\t<div class=\"elementor-element elementor-element-84ceb82 elementor-widget elementor-widget-heading\" data-id=\"84ceb82\" data-element_type=\"widget\" data-e-type=\"widget\" data-widget_type=\"heading.default\">\n\t\t\t\t<div class=\"elementor-widget-container\">\n\t\t\t\t\t<h2 class=\"elementor-heading-title elementor-size-default\">Injection plastique<\/h2>\t\t\t\t<\/div>\n\t\t\t\t<\/div>\n\t\t\t\t<div class=\"elementor-element elementor-element-d07c2ea elementor-widget elementor-widget-text-editor\" data-id=\"d07c2ea\" data-element_type=\"widget\" data-e-type=\"widget\" data-widget_type=\"text-editor.default\">\n\t\t\t\t<div class=\"elementor-widget-container\">\n\t\t\t\t\t\t\t\t\t<p><span class=\"s1\"><b> \u00b7<\/b><\/span>Machine d'injection plastique de 100 tonnes (ha\u00eftienne) : 4 ensembles.<\/p><p><b>\u00b7\u00a0\u00a0<\/b>Machine d'injection plastique de 150 tonnes (ha\u00eftienne) : 4 ensembles.<\/p><p><b>\u00b7\u00a0\u00a0<\/b>Machine d'injection plastique de 200 tonnes (ha\u00eftienne) : 5 ensembles.<\/p><p><b>\u00b7\u00a0\u00a0<\/b>Machine d'injection plastique de 250 tonnes (ha\u00eftienne) : 5 ensembles.<\/p><p><b>\u00b7\u00a0\u00a0<\/b>Machine d'injection plastique de 350 tonnes (ha\u00eftienne) : 5 ensembles.<\/p><p><b>\u00b7\u00a0\u00a0<\/b>Machine d'injection plastique de 500 tonnes (ha\u00eftienne) : 4 ensembles.<\/p><p><b>\u00b7\u00a0\u00a0<\/b>Machine d'injection plastique bicolore de 250 tonnes (ha\u00eftienne) : 2 ensembles.<\/p>\t\t\t\t\t\t\t\t<\/div>\n\t\t\t\t<\/div>\n\t\t\t\t<\/div>\n\t\t<div class=\"elementor-element elementor-element-a21c7c5 e-con-full e-flex e-con e-child\" data-id=\"a21c7c5\" data-element_type=\"container\" data-e-type=\"container\">\n\t\t\t\t<div class=\"elementor-element elementor-element-a800695 elementor-widget elementor-widget-image\" data-id=\"a800695\" data-element_type=\"widget\" data-e-type=\"widget\" data-widget_type=\"image.default\">\n\t\t\t\t<div class=\"elementor-widget-container\">\n\t\t\t\t\t\t\t\t\t\t\t\t\t\t\t<img loading=\"lazy\" decoding=\"async\" width=\"380\" height=\"230\" src=\"https:\/\/www.jstindustry.com\/wp-content\/uploads\/2025\/02\/fenzu-7.webp\" class=\"attachment-large size-large wp-image-2058\" alt=\"Usine d&#039;\u00e9quipement de traitement \u00e0 commande num\u00e9rique de pr\u00e9cision JST\" srcset=\"https:\/\/www.jstindustry.com\/wp-content\/uploads\/2025\/02\/fenzu-7.webp 380w, https:\/\/www.jstindustry.com\/wp-content\/uploads\/2025\/02\/fenzu-7-300x182.webp 300w\" sizes=\"(max-width: 380px) 100vw, 380px\" \/>\t\t\t\t\t\t\t\t\t\t\t\t\t\t\t<\/div>\n\t\t\t\t<\/div>\n\t\t\t\t<\/div>\n\t\t\t\t<\/div>\n\t\t\t\t\t<\/div>\n\t\t\t\t<\/div>\n\t\t<div class=\"elementor-element elementor-element-22aead1 e-flex e-con-boxed e-con e-parent\" data-id=\"22aead1\" data-element_type=\"container\" data-e-type=\"container\">\n\t\t\t\t\t<div class=\"e-con-inner\">\n\t\t<div class=\"elementor-element elementor-element-d77f3dc e-con-full e-flex e-con e-child\" data-id=\"d77f3dc\" data-element_type=\"container\" data-e-type=\"container\" data-settings=\"{&quot;background_background&quot;:&quot;classic&quot;}\">\n\t\t\t\t<div class=\"elementor-element elementor-element-9d9e1b5 elementor-widget elementor-widget-heading\" data-id=\"9d9e1b5\" data-element_type=\"widget\" data-e-type=\"widget\" data-widget_type=\"heading.default\">\n\t\t\t\t<div class=\"elementor-widget-container\">\n\t\t\t\t\t<h2 class=\"elementor-heading-title elementor-size-default\">Fabrication m\u00e9tallique<\/h2>\t\t\t\t<\/div>\n\t\t\t\t<\/div>\n\t\t\t\t<div class=\"elementor-element elementor-element-b9eaad0 elementor-widget elementor-widget-text-editor\" data-id=\"b9eaad0\" data-element_type=\"widget\" data-e-type=\"widget\" data-widget_type=\"text-editor.default\">\n\t\t\t\t<div class=\"elementor-widget-container\">\n\t\t\t\t\t\t\t\t\t<p>- Poin\u00e7onneuse de 80 tonnes (Yangli) : 2 ensembles.<\/p><p>- Poin\u00e7onneuse de 120 tonnes (Yangli) : 4 ensembles.<\/p><p>- Poin\u00e7onneuse de 150 tonnes (Yangli) : 2 ensembles.<\/p><p>- Poin\u00e7onneuse de 200 tonnes (Yangli) : 2 ensembles.<\/p><p>- Poin\u00e7onneuse de 250 tonnes (Yangli) : 4 ensembles.<\/p><p>- Poin\u00e7onneuse de 300 tonnes (Yangli) : 2 ensembles.<\/p><p>- Poin\u00e7onneuse de 350 tonnes (Yangli) : 1 ensemble.<\/p><p>- Poin\u00e7onneuse de 500 tonnes (Yangli) : 1 ensemble.<\/p>\t\t\t\t\t\t\t\t<\/div>\n\t\t\t\t<\/div>\n\t\t\t\t<\/div>\n\t\t<div class=\"elementor-element elementor-element-a8c54ab e-con-full e-flex e-con e-child\" data-id=\"a8c54ab\" data-element_type=\"container\" data-e-type=\"container\" data-settings=\"{&quot;background_background&quot;:&quot;classic&quot;}\">\n\t\t\t\t<div class=\"elementor-element elementor-element-3460e51 elementor-widget elementor-widget-text-editor\" data-id=\"3460e51\" data-element_type=\"widget\" data-e-type=\"widget\" data-widget_type=\"text-editor.default\">\n\t\t\t\t<div class=\"elementor-widget-container\">\n\t\t\t\t\t\t\t\t\t<p>- Cintreuse CNC : 2 jeux<\/p><p>- Machine \u00e0 cisailler les plaques : 2 ensembles.<\/p><p>- Machine de d\u00e9coupe laser : 4 ensembles.<\/p><p>- Machine de forage au laser : 2 ensembles.<\/p><p>- Machine \u00e0 souder au laser : 4 ensembles.<\/p><p>- Machine \u00e0 souder TIG : 4 ensembles.<\/p><p>- Autre machine \u00e0 souder : 10 ensembles.<\/p>\t\t\t\t\t\t\t\t<\/div>\n\t\t\t\t<\/div>\n\t\t\t\t<\/div>\n\t\t<div class=\"elementor-element elementor-element-7951ac0 e-con-full e-flex e-con e-child\" data-id=\"7951ac0\" data-element_type=\"container\" data-e-type=\"container\">\n\t\t\t\t<div class=\"elementor-element elementor-element-f413298 elementor-widget elementor-widget-image\" data-id=\"f413298\" data-element_type=\"widget\" data-e-type=\"widget\" data-widget_type=\"image.default\">\n\t\t\t\t<div class=\"elementor-widget-container\">\n\t\t\t\t\t\t\t\t\t\t\t\t\t\t\t<img loading=\"lazy\" decoding=\"async\" width=\"380\" height=\"230\" src=\"https:\/\/www.jstindustry.com\/wp-content\/uploads\/2025\/02\/fenzu-8.webp\" class=\"attachment-large size-large wp-image-2059\" alt=\"Usine d&#039;\u00e9quipement de traitement CNC de pr\u00e9cision JST\" srcset=\"https:\/\/www.jstindustry.com\/wp-content\/uploads\/2025\/02\/fenzu-8.webp 380w, https:\/\/www.jstindustry.com\/wp-content\/uploads\/2025\/02\/fenzu-8-300x182.webp 300w\" sizes=\"(max-width: 380px) 100vw, 380px\" \/>\t\t\t\t\t\t\t\t\t\t\t\t\t\t\t<\/div>\n\t\t\t\t<\/div>\n\t\t\t\t<\/div>\n\t\t\t\t\t<\/div>\n\t\t\t\t<\/div>\n\t\t\t\t<\/div>","protected":false},"excerpt":{"rendered":"<p>Company Profile Technical Equipment Certification Services MANUFACTURING FACILITIES JST Industry is equipped with the most advanced equipments for\u00a0fast\u00a0CNC machining, casting &amp; forging, injection molding and metal fabrication, and has set up the ERP system to manage efficiently. We have hundreds of diverse equipments to meet our customers\u2019 requirements, JST is your one-stop shop for customized [&hellip;]<\/p>\n","protected":false},"author":6,"featured_media":0,"parent":0,"menu_order":0,"comment_status":"closed","ping_status":"closed","template":"","meta":{"_acf_changed":false,"site-sidebar-layout":"no-sidebar","site-content-layout":"page-builder","ast-site-content-layout":"full-width-container","site-content-style":"default","site-sidebar-style":"default","ast-global-header-display":"","ast-banner-title-visibility":"","ast-main-header-display":"","ast-hfb-above-header-display":"","ast-hfb-below-header-display":"","ast-hfb-mobile-header-display":"","site-post-title":"disabled","ast-breadcrumbs-content":"","ast-featured-img":"disabled","footer-sml-layout":"","ast-disable-related-posts":"","theme-transparent-header-meta":"","adv-header-id-meta":"","stick-header-meta":"","header-above-stick-meta":"","header-main-stick-meta":"","header-below-stick-meta":"","astra-migrate-meta-layouts":"set","ast-page-background-enabled":"default","ast-page-background-meta":{"desktop":{"background-color":"","background-image":"","background-repeat":"repeat","background-position":"center center","background-size":"auto","background-attachment":"scroll","background-type":"","background-media":"","overlay-type":"","overlay-color":"","overlay-opacity":"","overlay-gradient":""},"tablet":{"background-color":"","background-image":"","background-repeat":"repeat","background-position":"center center","background-size":"auto","background-attachment":"scroll","background-type":"","background-media":"","overlay-type":"","overlay-color":"","overlay-opacity":"","overlay-gradient":""},"mobile":{"background-color":"","background-image":"","background-repeat":"repeat","background-position":"center center","background-size":"auto","background-attachment":"scroll","background-type":"","background-media":"","overlay-type":"","overlay-color":"","overlay-opacity":"","overlay-gradient":""}},"ast-content-background-meta":{"desktop":{"background-color":"var(--ast-global-color-5)","background-image":"","background-repeat":"repeat","background-position":"center center","background-size":"auto","background-attachment":"scroll","background-type":"","background-media":"","overlay-type":"","overlay-color":"","overlay-opacity":"","overlay-gradient":""},"tablet":{"background-color":"var(--ast-global-color-5)","background-image":"","background-repeat":"repeat","background-position":"center center","background-size":"auto","background-attachment":"scroll","background-type":"","background-media":"","overlay-type":"","overlay-color":"","overlay-opacity":"","overlay-gradient":""},"mobile":{"background-color":"var(--ast-global-color-5)","background-image":"","background-repeat":"repeat","background-position":"center center","background-size":"auto","background-attachment":"scroll","background-type":"","background-media":"","overlay-type":"","overlay-color":"","overlay-opacity":"","overlay-gradient":""}},"footnotes":""},"class_list":["post-2053","page","type-page","status-publish","hentry"],"acf":[],"_links":{"self":[{"href":"https:\/\/www.jstindustry.com\/fr\/wp-json\/wp\/v2\/pages\/2053","targetHints":{"allow":["GET"]}}],"collection":[{"href":"https:\/\/www.jstindustry.com\/fr\/wp-json\/wp\/v2\/pages"}],"about":[{"href":"https:\/\/www.jstindustry.com\/fr\/wp-json\/wp\/v2\/types\/page"}],"author":[{"embeddable":true,"href":"https:\/\/www.jstindustry.com\/fr\/wp-json\/wp\/v2\/users\/6"}],"replies":[{"embeddable":true,"href":"https:\/\/www.jstindustry.com\/fr\/wp-json\/wp\/v2\/comments?post=2053"}],"version-history":[{"count":40,"href":"https:\/\/www.jstindustry.com\/fr\/wp-json\/wp\/v2\/pages\/2053\/revisions"}],"predecessor-version":[{"id":5924,"href":"https:\/\/www.jstindustry.com\/fr\/wp-json\/wp\/v2\/pages\/2053\/revisions\/5924"}],"wp:attachment":[{"href":"https:\/\/www.jstindustry.com\/fr\/wp-json\/wp\/v2\/media?parent=2053"}],"curies":[{"name":"wp","href":"https:\/\/api.w.org\/{rel}","templated":true}]}}