{"id":2682,"date":"2025-02-14T12:11:21","date_gmt":"2025-02-14T12:11:21","guid":{"rendered":"https:\/\/jstindustry.com\/?post_type=product&#038;p=2682"},"modified":"2026-02-06T14:16:47","modified_gmt":"2026-02-06T06:16:47","slug":"precision-custom-brass-machining-auto-parts-pd537056658","status":"publish","type":"product","link":"https:\/\/www.jstindustry.com\/es\/precision-custom-brass-machining-auto-parts-pd537056658.html","title":{"rendered":"Mecanizado de precisi\u00f3n de lat\u00f3n a medida Piezas de autom\u00f3vil"},"content":{"rendered":"","protected":false},"excerpt":{"rendered":"<p>Precision Custom Brass Machining Auto Parts have some advantages, such as remarkable durability and excellent conductivity.<br \/>\nThese parts can be used in auto parts, motorcycle parts and household appliances.<\/p>","protected":false},"author":6,"featured_media":2683,"menu_order":0,"comment_status":"open","ping_status":"open","template":"","format":"standard","meta":{"_acf_changed":false,"site-sidebar-layout":"default","site-content-layout":"","ast-site-content-layout":"default","site-content-style":"default","site-sidebar-style":"default","ast-global-header-display":"","ast-banner-title-visibility":"","ast-main-header-display":"","ast-hfb-above-header-display":"","ast-hfb-below-header-display":"","ast-hfb-mobile-header-display":"","site-post-title":"","ast-breadcrumbs-content":"","ast-featured-img":"","footer-sml-layout":"","ast-disable-related-posts":"","theme-transparent-header-meta":"","adv-header-id-meta":"","stick-header-meta":"","header-above-stick-meta":"","header-main-stick-meta":"","header-below-stick-meta":"","astra-migrate-meta-layouts":"set","ast-page-background-enabled":"default","ast-page-background-meta":{"desktop":{"background-color":"","background-image":"","background-repeat":"repeat","background-position":"center center","background-size":"auto","background-attachment":"scroll","background-type":"","background-media":"","overlay-type":"","overlay-color":"","overlay-opacity":"","overlay-gradient":""},"tablet":{"background-color":"","background-image":"","background-repeat":"repeat","background-position":"center center","background-size":"auto","background-attachment":"scroll","background-type":"","background-media":"","overlay-type":"","overlay-color":"","overlay-opacity":"","overlay-gradient":""},"mobile":{"background-color":"","background-image":"","background-repeat":"repeat","background-position":"center center","background-size":"auto","background-attachment":"scroll","background-type":"","background-media":"","overlay-type":"","overlay-color":"","overlay-opacity":"","overlay-gradient":""}},"ast-content-background-meta":{"desktop":{"background-color":"var(--ast-global-color-5)","background-image":"","background-repeat":"repeat","background-position":"center center","background-size":"auto","background-attachment":"scroll","background-type":"","background-media":"","overlay-type":"","overlay-color":"","overlay-opacity":"","overlay-gradient":""},"tablet":{"background-color":"var(--ast-global-color-5)","background-image":"","background-repeat":"repeat","background-position":"center center","background-size":"auto","background-attachment":"scroll","background-type":"","background-media":"","overlay-type":"","overlay-color":"","overlay-opacity":"","overlay-gradient":""},"mobile":{"background-color":"var(--ast-global-color-5)","background-image":"","background-repeat":"repeat","background-position":"center center","background-size":"auto","background-attachment":"scroll","background-type":"","background-media":"","overlay-type":"","overlay-color":"","overlay-opacity":"","overlay-gradient":""}},"footnotes":""},"product-catregory":[38,30],"product-tag":[],"class_list":["post-2682","product","type-product","status-publish","format-standard","has-post-thumbnail","hentry","product-catregory-brass-machining-parts-pl3084884-html","product-catregory-cnc-machining-parts-pl3653234"],"acf":[],"_links":{"self":[{"href":"https:\/\/www.jstindustry.com\/es\/wp-json\/wp\/v2\/product\/2682","targetHints":{"allow":["GET"]}}],"collection":[{"href":"https:\/\/www.jstindustry.com\/es\/wp-json\/wp\/v2\/product"}],"about":[{"href":"https:\/\/www.jstindustry.com\/es\/wp-json\/wp\/v2\/types\/product"}],"author":[{"embeddable":true,"href":"https:\/\/www.jstindustry.com\/es\/wp-json\/wp\/v2\/users\/6"}],"replies":[{"embeddable":true,"href":"https:\/\/www.jstindustry.com\/es\/wp-json\/wp\/v2\/comments?post=2682"}],"version-history":[{"count":1,"href":"https:\/\/www.jstindustry.com\/es\/wp-json\/wp\/v2\/product\/2682\/revisions"}],"predecessor-version":[{"id":2684,"href":"https:\/\/www.jstindustry.com\/es\/wp-json\/wp\/v2\/product\/2682\/revisions\/2684"}],"wp:featuredmedia":[{"embeddable":true,"href":"https:\/\/www.jstindustry.com\/es\/wp-json\/wp\/v2\/media\/2683"}],"wp:attachment":[{"href":"https:\/\/www.jstindustry.com\/es\/wp-json\/wp\/v2\/media?parent=2682"}],"wp:term":[{"taxonomy":"product-catregory","embeddable":true,"href":"https:\/\/www.jstindustry.com\/es\/wp-json\/wp\/v2\/product-catregory?post=2682"},{"taxonomy":"product-tag","embeddable":true,"href":"https:\/\/www.jstindustry.com\/es\/wp-json\/wp\/v2\/product-tag?post=2682"}],"curies":[{"name":"wp","href":"https:\/\/api.w.org\/{rel}","templated":true}]}}