{"id":245,"date":"2025-01-19T14:45:06","date_gmt":"2025-01-19T14:45:06","guid":{"rendered":"https:\/\/jstindustry.com\/about\/"},"modified":"2025-06-06T11:07:16","modified_gmt":"2025-06-06T03:07:16","slug":"aboutus","status":"publish","type":"page","link":"https:\/\/www.jstindustry.com\/es\/aboutus.html","title":{"rendered":"Qui\u00e9nes somos"},"content":{"rendered":"<div data-elementor-type=\"wp-page\" data-elementor-id=\"245\" class=\"elementor elementor-245\" data-elementor-post-type=\"page\">\n\t\t\t\t<div class=\"elementor-element elementor-element-6cc4423 e-con-full e-flex e-con e-parent\" data-id=\"6cc4423\" data-element_type=\"container\" data-e-type=\"container\" data-settings=\"{&quot;background_background&quot;:&quot;classic&quot;}\">\n\t\t\t\t<\/div>\n\t\t<div class=\"elementor-element elementor-element-da6b930 e-flex e-con-boxed e-con e-parent\" data-id=\"da6b930\" data-element_type=\"container\" data-e-type=\"container\">\n\t\t\t\t\t<div class=\"e-con-inner\">\n\t\t<div class=\"elementor-element elementor-element-1b0932a e-con-full e-flex e-con e-child\" data-id=\"1b0932a\" data-element_type=\"container\" data-e-type=\"container\">\n\t\t\t\t<div class=\"elementor-element elementor-element-54fc5b2 elementor-widget elementor-widget-heading\" data-id=\"54fc5b2\" data-element_type=\"widget\" data-e-type=\"widget\" data-widget_type=\"heading.default\">\n\t\t\t\t<div class=\"elementor-widget-container\">\n\t\t\t\t\t<h2 class=\"elementor-heading-title elementor-size-default\"><a href=\"https:\/\/www.jstindustry.com\/aboutus.html\">Perfil de la empresa<\/a><\/h2>\t\t\t\t<\/div>\n\t\t\t\t<\/div>\n\t\t\t\t<div class=\"elementor-element elementor-element-66cce19 elementor-widget-divider--view-line elementor-widget elementor-widget-divider\" data-id=\"66cce19\" data-element_type=\"widget\" data-e-type=\"widget\" data-widget_type=\"divider.default\">\n\t\t\t\t<div class=\"elementor-widget-container\">\n\t\t\t\t\t\t\t<div class=\"elementor-divider\">\n\t\t\t<span class=\"elementor-divider-separator\">\n\t\t\t\t\t\t<\/span>\n\t\t<\/div>\n\t\t\t\t\t\t<\/div>\n\t\t\t\t<\/div>\n\t\t\t\t<\/div>\n\t\t<div class=\"elementor-element elementor-element-1c1e03b e-con-full e-flex e-con e-child\" data-id=\"1c1e03b\" data-element_type=\"container\" data-e-type=\"container\">\n\t\t\t\t<div class=\"elementor-element elementor-element-0e51800 elementor-widget elementor-widget-heading\" data-id=\"0e51800\" data-element_type=\"widget\" data-e-type=\"widget\" data-widget_type=\"heading.default\">\n\t\t\t\t<div class=\"elementor-widget-container\">\n\t\t\t\t\t<h2 class=\"elementor-heading-title elementor-size-default\"><a href=\"https:\/\/www.jstindustry.com\/technical-equipment.html\">Equipamiento t\u00e9cnico<\/a><\/h2>\t\t\t\t<\/div>\n\t\t\t\t<\/div>\n\t\t\t\t<\/div>\n\t\t<div class=\"elementor-element elementor-element-6d33c8d e-con-full e-flex e-con e-child\" data-id=\"6d33c8d\" data-element_type=\"container\" data-e-type=\"container\">\n\t\t\t\t<div class=\"elementor-element elementor-element-0ddc91c elementor-widget elementor-widget-heading\" data-id=\"0ddc91c\" data-element_type=\"widget\" data-e-type=\"widget\" data-widget_type=\"heading.default\">\n\t\t\t\t<div class=\"elementor-widget-container\">\n\t\t\t\t\t<h2 class=\"elementor-heading-title elementor-size-default\"><a href=\"https:\/\/www.jstindustry.com\/certification.html\">Certificaci\u00f3n<\/a><\/h2>\t\t\t\t<\/div>\n\t\t\t\t<\/div>\n\t\t\t\t<\/div>\n\t\t<div class=\"elementor-element elementor-element-196ccad e-con-full e-flex e-con e-child\" data-id=\"196ccad\" data-element_type=\"container\" data-e-type=\"container\">\n\t\t\t\t<div class=\"elementor-element elementor-element-0646b6e elementor-widget elementor-widget-heading\" data-id=\"0646b6e\" data-element_type=\"widget\" data-e-type=\"widget\" data-widget_type=\"heading.default\">\n\t\t\t\t<div class=\"elementor-widget-container\">\n\t\t\t\t\t<h2 class=\"elementor-heading-title elementor-size-default\"><a href=\"https:\/\/www.jstindustry.com\/services.html\">Servicios<\/a><\/h2>\t\t\t\t<\/div>\n\t\t\t\t<\/div>\n\t\t\t\t<\/div>\n\t\t\t\t\t<\/div>\n\t\t\t\t<\/div>\n\t\t<div class=\"elementor-element elementor-element-37356bf e-flex e-con-boxed e-con e-parent\" data-id=\"37356bf\" data-element_type=\"container\" data-e-type=\"container\">\n\t\t\t\t\t<div class=\"e-con-inner\">\n\t\t\t\t<div class=\"elementor-element elementor-element-8343164 elementor-widget elementor-widget-heading\" data-id=\"8343164\" data-element_type=\"widget\" data-e-type=\"widget\" data-widget_type=\"heading.default\">\n\t\t\t\t<div class=\"elementor-widget-container\">\n\t\t\t\t\t<h1 class=\"elementor-heading-title elementor-size-default\">KUNSHAN JST INDUSTRY CO., LTD<\/h1>\t\t\t\t<\/div>\n\t\t\t\t<\/div>\n\t\t<div class=\"elementor-element elementor-element-83dfd1a e-con-full e-flex e-con e-child\" data-id=\"83dfd1a\" data-element_type=\"container\" data-e-type=\"container\">\n\t\t\t\t<div class=\"elementor-element elementor-element-fc9dbd8 elementor-widget-divider--view-line elementor-widget elementor-widget-divider\" data-id=\"fc9dbd8\" data-element_type=\"widget\" data-e-type=\"widget\" data-widget_type=\"divider.default\">\n\t\t\t\t<div class=\"elementor-widget-container\">\n\t\t\t\t\t\t\t<div class=\"elementor-divider\">\n\t\t\t<span class=\"elementor-divider-separator\">\n\t\t\t\t\t\t<\/span>\n\t\t<\/div>\n\t\t\t\t\t\t<\/div>\n\t\t\t\t<\/div>\n\t\t\t\t<div class=\"elementor-element elementor-element-00fea27 elementor-widget elementor-widget-image\" data-id=\"00fea27\" data-element_type=\"widget\" data-e-type=\"widget\" data-widget_type=\"image.default\">\n\t\t\t\t<div class=\"elementor-widget-container\">\n\t\t\t\t\t\t\t\t\t\t\t\t\t\t\t<img fetchpriority=\"high\" decoding=\"async\" width=\"1024\" height=\"312\" src=\"https:\/\/www.jstindustry.com\/wp-content\/uploads\/2025\/01\/fenzu-1024x312.webp\" class=\"attachment-large size-large wp-image-1485\" alt=\"F\u00e1brica de mecanizado CNC de precisi\u00f3n JST Industry\" srcset=\"https:\/\/www.jstindustry.com\/wp-content\/uploads\/2025\/01\/fenzu-1024x312.webp 1024w, https:\/\/www.jstindustry.com\/wp-content\/uploads\/2025\/01\/fenzu-300x92.webp 300w, https:\/\/www.jstindustry.com\/wp-content\/uploads\/2025\/01\/fenzu-768x234.webp 768w, https:\/\/www.jstindustry.com\/wp-content\/uploads\/2025\/01\/fenzu.webp 1180w\" sizes=\"(max-width: 1024px) 100vw, 1024px\" \/>\t\t\t\t\t\t\t\t\t\t\t\t\t\t\t<\/div>\n\t\t\t\t<\/div>\n\t\t\t\t<\/div>\n\t\t\t\t\t<\/div>\n\t\t\t\t<\/div>\n\t\t<div class=\"elementor-element elementor-element-4179986 e-flex e-con-boxed e-con e-parent\" data-id=\"4179986\" data-element_type=\"container\" data-e-type=\"container\">\n\t\t\t\t\t<div class=\"e-con-inner\">\n\t\t<div class=\"elementor-element elementor-element-3c140f7 e-con-full e-flex e-con e-child\" data-id=\"3c140f7\" data-element_type=\"container\" data-e-type=\"container\">\n\t\t\t\t<div class=\"elementor-element elementor-element-76ab703 elementor-widget elementor-widget-counter\" data-id=\"76ab703\" data-element_type=\"widget\" data-e-type=\"widget\" data-widget_type=\"counter.default\">\n\t\t\t\t<div class=\"elementor-widget-container\">\n\t\t\t\t\t\t\t<div class=\"elementor-counter\">\n\t\t\t<div class=\"elementor-counter-title\">\u00c1REA CUBIERTA<\/div>\t\t\t<div class=\"elementor-counter-number-wrapper\">\n\t\t\t\t<span class=\"elementor-counter-number-prefix\"><\/span>\n\t\t\t\t<span class=\"elementor-counter-number\" data-duration=\"200\" data-to-value=\"38800\" data-from-value=\"0\">0<\/span>\n\t\t\t\t<span class=\"elementor-counter-number-suffix\">\uff0b<\/span>\n\t\t\t<\/div>\n\t\t<\/div>\n\t\t\t\t\t\t<\/div>\n\t\t\t\t<\/div>\n\t\t\t\t<\/div>\n\t\t<div class=\"elementor-element elementor-element-9836bdc e-con-full e-flex e-con e-child\" data-id=\"9836bdc\" data-element_type=\"container\" data-e-type=\"container\">\n\t\t\t\t<div class=\"elementor-element elementor-element-deec17c elementor-widget elementor-widget-counter\" data-id=\"deec17c\" data-element_type=\"widget\" data-e-type=\"widget\" data-widget_type=\"counter.default\">\n\t\t\t\t<div class=\"elementor-widget-container\">\n\t\t\t\t\t\t\t<div class=\"elementor-counter\">\n\t\t\t<div class=\"elementor-counter-title\">VALOR DE LA PRODUCCI\u00d3N ANUAL<\/div>\t\t\t<div class=\"elementor-counter-number-wrapper\">\n\t\t\t\t<span class=\"elementor-counter-number-prefix\"><\/span>\n\t\t\t\t<span class=\"elementor-counter-number\" data-duration=\"200\" data-to-value=\"1000\" data-from-value=\"0\">0<\/span>\n\t\t\t\t<span class=\"elementor-counter-number-suffix\">\uff0b<\/span>\n\t\t\t<\/div>\n\t\t<\/div>\n\t\t\t\t\t\t<\/div>\n\t\t\t\t<\/div>\n\t\t\t\t<\/div>\n\t\t<div class=\"elementor-element elementor-element-8ad82c5 e-con-full e-flex e-con e-child\" data-id=\"8ad82c5\" data-element_type=\"container\" data-e-type=\"container\">\n\t\t\t\t<div class=\"elementor-element elementor-element-f9c81b8 elementor-widget elementor-widget-counter\" data-id=\"f9c81b8\" data-element_type=\"widget\" data-e-type=\"widget\" data-widget_type=\"counter.default\">\n\t\t\t\t<div class=\"elementor-widget-container\">\n\t\t\t\t\t\t\t<div class=\"elementor-counter\">\n\t\t\t<div class=\"elementor-counter-title\">EMPLEADOS<\/div>\t\t\t<div class=\"elementor-counter-number-wrapper\">\n\t\t\t\t<span class=\"elementor-counter-number-prefix\"><\/span>\n\t\t\t\t<span class=\"elementor-counter-number\" data-duration=\"200\" data-to-value=\"120\" data-from-value=\"0\" data-delimiter=\",\">0<\/span>\n\t\t\t\t<span class=\"elementor-counter-number-suffix\">\uff0b<\/span>\n\t\t\t<\/div>\n\t\t<\/div>\n\t\t\t\t\t\t<\/div>\n\t\t\t\t<\/div>\n\t\t\t\t<\/div>\n\t\t<div class=\"elementor-element elementor-element-b9f3b55 e-con-full e-flex e-con e-child\" data-id=\"b9f3b55\" data-element_type=\"container\" data-e-type=\"container\">\n\t\t\t\t<div class=\"elementor-element elementor-element-8b0832a elementor-widget elementor-widget-counter\" data-id=\"8b0832a\" data-element_type=\"widget\" data-e-type=\"widget\" data-widget_type=\"counter.default\">\n\t\t\t\t<div class=\"elementor-widget-container\">\n\t\t\t\t\t\t\t<div class=\"elementor-counter\">\n\t\t\t<div class=\"elementor-counter-title\">ESTABLECIDO EN<\/div>\t\t\t<div class=\"elementor-counter-number-wrapper\">\n\t\t\t\t<span class=\"elementor-counter-number-prefix\"><\/span>\n\t\t\t\t<span class=\"elementor-counter-number\" data-duration=\"200\" data-to-value=\"2009\" data-from-value=\"0\">0<\/span>\n\t\t\t\t<span class=\"elementor-counter-number-suffix\"><\/span>\n\t\t\t<\/div>\n\t\t<\/div>\n\t\t\t\t\t\t<\/div>\n\t\t\t\t<\/div>\n\t\t\t\t<\/div>\n\t\t\t\t\t<\/div>\n\t\t\t\t<\/div>\n\t\t<div class=\"elementor-element elementor-element-0a9bc56 e-flex e-con-boxed e-con e-parent\" data-id=\"0a9bc56\" data-element_type=\"container\" data-e-type=\"container\">\n\t\t\t\t\t<div class=\"e-con-inner\">\n\t\t\t\t<div class=\"elementor-element elementor-element-2a5600d elementor-widget elementor-widget-text-editor\" data-id=\"2a5600d\" data-element_type=\"widget\" data-e-type=\"widget\" data-widget_type=\"text-editor.default\">\n\t\t\t\t<div class=\"elementor-widget-container\">\n\t\t\t\t\t\t\t\t\t<p>Kunshan JST Industry Co., Ltd es una f\u00e1brica profesional de mecanizado CNC y <strong>Fabricante de piezas de mecanizado CNC<\/strong>que se aplican en el campo de la medicina, aeroespacial y aviaci\u00f3n, electr\u00f3nica, seguridad y protecci\u00f3n, equipos industriales y automoci\u00f3n. Adem\u00e1s, tambi\u00e9n podemos fabricar\u00a0<strong>piezas CNC personalizadas<\/strong>\u00a0de piezas de fundici\u00f3n y forja, fabricaci\u00f3n de metales e inyecci\u00f3n de pl\u00e1sticos. Nuestra empresa se ha adherido al principio de Innovaci\u00f3n, Diversidad e Internacional.<\/p>\t\t\t\t\t\t\t\t<\/div>\n\t\t\t\t<\/div>\n\t\t\t\t<div class=\"elementor-element elementor-element-b3b8e0c elementor-widget elementor-widget-text-editor\" data-id=\"b3b8e0c\" data-element_type=\"widget\" data-e-type=\"widget\" data-widget_type=\"text-editor.default\">\n\t\t\t\t<div class=\"elementor-widget-container\">\n\t\t\t\t\t\t\t\t\t<p>JST Industry se encuentra en Suzhou (China) y ocupa una superficie de 1,5 millones de metros cuadrados.\u00a0<strong>38.800 metros cuadrados<\/strong>\u00a0y activos fijos de m\u00e1s de\u00a0<strong>5 millones de d\u00f3lares<\/strong>. Fundada en 2009, JST cuenta con 120 empleados, incluidos 25 ingenieros experimentados. Gracias a nuestro equipo de ingenieros profesionales y a nuestras avanzadas instalaciones, podemos ofrecer una soluci\u00f3n completa, desde el desarrollo y el dise\u00f1o de nuevos productos hasta la fabricaci\u00f3n y el ensamblaje para diversos requisitos. Hemos obtenido el certificado ISO9001 en 2010. La producci\u00f3n anual de nuestros productos es de m\u00e1s de 10 millones de d\u00f3lares EE.UU., m\u00e1s de 80% fueron exportados a Am\u00e9rica, Australia y pa\u00edses europeos. Calidad profesional y servicio eficiente son nuestra mejor ventaja, estamos mirando adelante a cooperar con los clientes de todo el mundo.<\/p>\t\t\t\t\t\t\t\t<\/div>\n\t\t\t\t<\/div>\n\t\t\t\t\t<\/div>\n\t\t\t\t<\/div>\n\t\t<div class=\"elementor-element elementor-element-9f0cbdc e-flex e-con-boxed e-con e-parent\" data-id=\"9f0cbdc\" data-element_type=\"container\" data-e-type=\"container\">\n\t\t\t\t\t<div class=\"e-con-inner\">\n\t\t<div class=\"elementor-element elementor-element-47179ae e-con-full e-flex e-con e-child\" data-id=\"47179ae\" data-element_type=\"container\" data-e-type=\"container\" data-settings=\"{&quot;background_background&quot;:&quot;classic&quot;}\">\n\t\t\t\t<div class=\"elementor-element elementor-element-a1b00f9 elementor-widget elementor-widget-image\" data-id=\"a1b00f9\" data-element_type=\"widget\" data-e-type=\"widget\" data-widget_type=\"image.default\">\n\t\t\t\t<div class=\"elementor-widget-container\">\n\t\t\t\t\t\t\t\t\t\t\t\t\t\t\t<img decoding=\"async\" width=\"580\" height=\"380\" src=\"https:\/\/www.jstindustry.com\/wp-content\/uploads\/2025\/02\/fenzu-2-1.webp\" class=\"attachment-large size-large wp-image-2046\" alt=\"visi\u00f3n corporativa\" srcset=\"https:\/\/www.jstindustry.com\/wp-content\/uploads\/2025\/02\/fenzu-2-1.webp 580w, https:\/\/www.jstindustry.com\/wp-content\/uploads\/2025\/02\/fenzu-2-1-300x197.webp 300w\" sizes=\"(max-width: 580px) 100vw, 580px\" \/>\t\t\t\t\t\t\t\t\t\t\t\t\t\t\t<\/div>\n\t\t\t\t<\/div>\n\t\t\t\t<\/div>\n\t\t<div class=\"elementor-element elementor-element-e846666 e-con-full e-flex e-con e-child\" data-id=\"e846666\" data-element_type=\"container\" data-e-type=\"container\">\n\t\t\t\t<div class=\"elementor-element elementor-element-f445ba7 elementor-widget elementor-widget-image\" data-id=\"f445ba7\" data-element_type=\"widget\" data-e-type=\"widget\" data-widget_type=\"image.default\">\n\t\t\t\t<div class=\"elementor-widget-container\">\n\t\t\t\t\t\t\t\t\t\t\t\t\t\t\t<img decoding=\"async\" width=\"580\" height=\"380\" src=\"https:\/\/www.jstindustry.com\/wp-content\/uploads\/2025\/02\/fenzu-3.webp\" class=\"attachment-large size-large wp-image-2047\" alt=\"filosof\u00eda empresarial\" srcset=\"https:\/\/www.jstindustry.com\/wp-content\/uploads\/2025\/02\/fenzu-3.webp 580w, https:\/\/www.jstindustry.com\/wp-content\/uploads\/2025\/02\/fenzu-3-300x197.webp 300w\" sizes=\"(max-width: 580px) 100vw, 580px\" \/>\t\t\t\t\t\t\t\t\t\t\t\t\t\t\t<\/div>\n\t\t\t\t<\/div>\n\t\t\t\t<\/div>\n\t\t\t\t\t<\/div>\n\t\t\t\t<\/div>\n\t\t<div class=\"elementor-element elementor-element-939745d e-flex e-con-boxed e-con e-parent\" data-id=\"939745d\" data-element_type=\"container\" data-e-type=\"container\">\n\t\t\t\t\t<div class=\"e-con-inner\">\n\t\t\t\t\t<\/div>\n\t\t\t\t<\/div>\n\t\t\t\t<\/div>","protected":false},"excerpt":{"rendered":"<p>Company Profile Technical Equipment Certification Services KUNSHAN JST INDUSTRY CO., LTD AREA COVERED 0 \uff0b VALUE OF ANNUAL PRODUCTION 0 \uff0b EMPLOYEES 0 \uff0b ESTABLISHED IN 0 Kunshan JST Industry Co., Ltd is a professional CNC Machining Factory and CNC machining parts\u00a0manufacturer, which were applied to the field of medical, aerospace &amp; aviation, electronics, security [&hellip;]<\/p>\n","protected":false},"author":1,"featured_media":0,"parent":0,"menu_order":0,"comment_status":"closed","ping_status":"closed","template":"elementor_header_footer","meta":{"_acf_changed":false,"site-sidebar-layout":"no-sidebar","site-content-layout":"page-builder","ast-site-content-layout":"full-width-container","site-content-style":"unboxed","site-sidebar-style":"unboxed","ast-global-header-display":"","ast-banner-title-visibility":"","ast-main-header-display":"","ast-hfb-above-header-display":"","ast-hfb-below-header-display":"","ast-hfb-mobile-header-display":"","site-post-title":"disabled","ast-breadcrumbs-content":"","ast-featured-img":"disabled","footer-sml-layout":"","ast-disable-related-posts":"","theme-transparent-header-meta":"enabled","adv-header-id-meta":"","stick-header-meta":"","header-above-stick-meta":"","header-main-stick-meta":"","header-below-stick-meta":"","astra-migrate-meta-layouts":"set","ast-page-background-enabled":"default","ast-page-background-meta":{"desktop":{"background-color":"","background-image":"","background-repeat":"repeat","background-position":"center center","background-size":"auto","background-attachment":"scroll","background-type":"","background-media":"","overlay-type":"","overlay-color":"","overlay-opacity":"","overlay-gradient":""},"tablet":{"background-color":"","background-image":"","background-repeat":"repeat","background-position":"center center","background-size":"auto","background-attachment":"scroll","background-type":"","background-media":"","overlay-type":"","overlay-color":"","overlay-opacity":"","overlay-gradient":""},"mobile":{"background-color":"","background-image":"","background-repeat":"repeat","background-position":"center center","background-size":"auto","background-attachment":"scroll","background-type":"","background-media":"","overlay-type":"","overlay-color":"","overlay-opacity":"","overlay-gradient":""}},"ast-content-background-meta":{"desktop":{"background-color":"var(--ast-global-color-5)","background-image":"","background-repeat":"repeat","background-position":"center center","background-size":"auto","background-attachment":"scroll","background-type":"","background-media":"","overlay-type":"","overlay-color":"","overlay-opacity":"","overlay-gradient":""},"tablet":{"background-color":"var(--ast-global-color-5)","background-image":"","background-repeat":"repeat","background-position":"center center","background-size":"auto","background-attachment":"scroll","background-type":"","background-media":"","overlay-type":"","overlay-color":"","overlay-opacity":"","overlay-gradient":""},"mobile":{"background-color":"var(--ast-global-color-5)","background-image":"","background-repeat":"repeat","background-position":"center center","background-size":"auto","background-attachment":"scroll","background-type":"","background-media":"","overlay-type":"","overlay-color":"","overlay-opacity":"","overlay-gradient":""}},"footnotes":""},"class_list":["post-245","page","type-page","status-publish","hentry"],"acf":[],"_links":{"self":[{"href":"https:\/\/www.jstindustry.com\/es\/wp-json\/wp\/v2\/pages\/245","targetHints":{"allow":["GET"]}}],"collection":[{"href":"https:\/\/www.jstindustry.com\/es\/wp-json\/wp\/v2\/pages"}],"about":[{"href":"https:\/\/www.jstindustry.com\/es\/wp-json\/wp\/v2\/types\/page"}],"author":[{"embeddable":true,"href":"https:\/\/www.jstindustry.com\/es\/wp-json\/wp\/v2\/users\/1"}],"replies":[{"embeddable":true,"href":"https:\/\/www.jstindustry.com\/es\/wp-json\/wp\/v2\/comments?post=245"}],"version-history":[{"count":56,"href":"https:\/\/www.jstindustry.com\/es\/wp-json\/wp\/v2\/pages\/245\/revisions"}],"predecessor-version":[{"id":5807,"href":"https:\/\/www.jstindustry.com\/es\/wp-json\/wp\/v2\/pages\/245\/revisions\/5807"}],"wp:attachment":[{"href":"https:\/\/www.jstindustry.com\/es\/wp-json\/wp\/v2\/media?parent=245"}],"curies":[{"name":"wp","href":"https:\/\/api.w.org\/{rel}","templated":true}]}}