{"id":2053,"date":"2025-02-08T12:52:18","date_gmt":"2025-02-08T12:52:18","guid":{"rendered":"https:\/\/jstindustry.com\/?page_id=2053"},"modified":"2025-07-21T10:38:22","modified_gmt":"2025-07-21T02:38:22","slug":"technical-equipment","status":"publish","type":"page","link":"https:\/\/www.jstindustry.com\/es\/technical-equipment.html","title":{"rendered":"Equipamiento t\u00e9cnico"},"content":{"rendered":"<div data-elementor-type=\"wp-page\" data-elementor-id=\"2053\" class=\"elementor elementor-2053\" data-elementor-post-type=\"page\">\n\t\t\t\t<div class=\"elementor-element elementor-element-ce73122 e-flex e-con-boxed e-con e-parent\" data-id=\"ce73122\" data-element_type=\"container\" data-e-type=\"container\">\n\t\t\t\t\t<div class=\"e-con-inner\">\n\t\t<div class=\"elementor-element elementor-element-e01bc32 e-con-full e-flex e-con e-child\" data-id=\"e01bc32\" data-element_type=\"container\" data-e-type=\"container\">\n\t\t<div class=\"elementor-element elementor-element-38d566c e-con-full e-flex e-con e-child\" data-id=\"38d566c\" data-element_type=\"container\" data-e-type=\"container\">\n\t\t\t\t<div class=\"elementor-element elementor-element-1631a79 elementor-widget elementor-widget-heading\" data-id=\"1631a79\" data-element_type=\"widget\" data-e-type=\"widget\" data-widget_type=\"heading.default\">\n\t\t\t\t<div class=\"elementor-widget-container\">\n\t\t\t\t\t<span class=\"elementor-heading-title elementor-size-default\">Perfil de la empresa<\/span>\t\t\t\t<\/div>\n\t\t\t\t<\/div>\n\t\t\t\t<\/div>\n\t\t<div class=\"elementor-element elementor-element-6e82954 e-con-full e-flex e-con e-child\" data-id=\"6e82954\" data-element_type=\"container\" data-e-type=\"container\">\n\t\t\t\t<div class=\"elementor-element elementor-element-90906e4 elementor-widget elementor-widget-heading\" data-id=\"90906e4\" data-element_type=\"widget\" data-e-type=\"widget\" data-widget_type=\"heading.default\">\n\t\t\t\t<div class=\"elementor-widget-container\">\n\t\t\t\t\t<span class=\"elementor-heading-title elementor-size-default\">Equipamiento t\u00e9cnico<\/span>\t\t\t\t<\/div>\n\t\t\t\t<\/div>\n\t\t\t\t<div class=\"elementor-element elementor-element-24d3e60 elementor-widget-divider--view-line elementor-widget elementor-widget-divider\" data-id=\"24d3e60\" data-element_type=\"widget\" data-e-type=\"widget\" data-widget_type=\"divider.default\">\n\t\t\t\t<div class=\"elementor-widget-container\">\n\t\t\t\t\t\t\t<div class=\"elementor-divider\">\n\t\t\t<span class=\"elementor-divider-separator\">\n\t\t\t\t\t\t<\/span>\n\t\t<\/div>\n\t\t\t\t\t\t<\/div>\n\t\t\t\t<\/div>\n\t\t\t\t<\/div>\n\t\t<div class=\"elementor-element elementor-element-d9baf44 e-con-full e-flex e-con e-child\" data-id=\"d9baf44\" data-element_type=\"container\" data-e-type=\"container\">\n\t\t\t\t<div class=\"elementor-element elementor-element-bfe8f3e elementor-widget elementor-widget-heading\" data-id=\"bfe8f3e\" data-element_type=\"widget\" data-e-type=\"widget\" data-widget_type=\"heading.default\">\n\t\t\t\t<div class=\"elementor-widget-container\">\n\t\t\t\t\t<span class=\"elementor-heading-title elementor-size-default\"><a href=\"https:\/\/www.jstindustry.com\/certification.html\">Certificaci\u00f3n<\/a><\/span>\t\t\t\t<\/div>\n\t\t\t\t<\/div>\n\t\t\t\t<\/div>\n\t\t<div class=\"elementor-element elementor-element-1872fef e-con-full e-flex e-con e-child\" data-id=\"1872fef\" data-element_type=\"container\" data-e-type=\"container\">\n\t\t\t\t<div class=\"elementor-element elementor-element-f41ef0a elementor-widget elementor-widget-heading\" data-id=\"f41ef0a\" data-element_type=\"widget\" data-e-type=\"widget\" data-widget_type=\"heading.default\">\n\t\t\t\t<div class=\"elementor-widget-container\">\n\t\t\t\t\t<span class=\"elementor-heading-title elementor-size-default\"><a href=\"https:\/\/www.jstindustry.com\/services.html\">Servicios<\/a><\/span>\t\t\t\t<\/div>\n\t\t\t\t<\/div>\n\t\t\t\t<\/div>\n\t\t\t\t<\/div>\n\t\t\t\t\t<\/div>\n\t\t\t\t<\/div>\n\t\t<div class=\"elementor-element elementor-element-33a1859 e-flex e-con-boxed e-con e-parent\" data-id=\"33a1859\" data-element_type=\"container\" data-e-type=\"container\">\n\t\t\t\t\t<div class=\"e-con-inner\">\n\t\t\t\t<div class=\"elementor-element elementor-element-6bc1ea3 elementor-widget elementor-widget-heading\" data-id=\"6bc1ea3\" data-element_type=\"widget\" data-e-type=\"widget\" data-widget_type=\"heading.default\">\n\t\t\t\t<div class=\"elementor-widget-container\">\n\t\t\t\t\t<h1 class=\"elementor-heading-title elementor-size-default\">INSTALACIONES DE FABRICACI\u00d3N<\/h1>\t\t\t\t<\/div>\n\t\t\t\t<\/div>\n\t\t\t\t<div class=\"elementor-element elementor-element-06d021f elementor-widget elementor-widget-text-editor\" data-id=\"06d021f\" data-element_type=\"widget\" data-e-type=\"widget\" data-widget_type=\"text-editor.default\">\n\t\t\t\t<div class=\"elementor-widget-container\">\n\t\t\t\t\t\t\t\t\t<p>JST Industry cuenta con los equipos m\u00e1s avanzados para<a href=\"https:\/\/www.jstindustry.com\/CNC-Machining-Parts-pl3653234.html\">\u00a0<strong>mecanizado CNC r\u00e1pido<\/strong><\/a>JST es una empresa especializada en la fabricaci\u00f3n de piezas de metal, fundici\u00f3n y forja, moldeo por inyecci\u00f3n y fabricaci\u00f3n de metal, y ha establecido el sistema ERP para gestionar de manera eficiente. Tenemos cientos de diversos equipos para satisfacer las necesidades de nuestros clientes, JST es su ventanilla \u00fanica para piezas met\u00e1licas personalizadas y piezas de pl\u00e1stico.<\/p>\t\t\t\t\t\t\t\t<\/div>\n\t\t\t\t<\/div>\n\t\t\t\t\t<\/div>\n\t\t\t\t<\/div>\n\t\t<div class=\"elementor-element elementor-element-ad11990 e-flex e-con-boxed e-con e-parent\" data-id=\"ad11990\" data-element_type=\"container\" data-e-type=\"container\">\n\t\t\t\t\t<div class=\"e-con-inner\">\n\t\t<div class=\"elementor-element elementor-element-3feebb5 e-con-full e-flex e-con e-child\" data-id=\"3feebb5\" data-element_type=\"container\" data-e-type=\"container\" data-settings=\"{&quot;background_background&quot;:&quot;classic&quot;}\">\n\t\t\t\t<div class=\"elementor-element elementor-element-d7b8d10 elementor-widget elementor-widget-heading\" data-id=\"d7b8d10\" data-element_type=\"widget\" data-e-type=\"widget\" data-widget_type=\"heading.default\">\n\t\t\t\t<div class=\"elementor-widget-container\">\n\t\t\t\t\t<h2 class=\"elementor-heading-title elementor-size-default\">Mecanizado CNC<\/h2>\t\t\t\t<\/div>\n\t\t\t\t<\/div>\n\t\t\t\t<div class=\"elementor-element elementor-element-e90933a elementor-widget elementor-widget-text-editor\" data-id=\"e90933a\" data-element_type=\"widget\" data-e-type=\"widget\" data-widget_type=\"text-editor.default\">\n\t\t\t\t<div class=\"elementor-widget-container\">\n\t\t\t\t\t\t\t\t\t<p class=\"p1\"><b>-\u00a0\u00a0<\/b>Centro de mecanizado de 3 ejes: 20 juegos, DMG.<\/p><p><b>-\u00a0\u00a0<\/b>Centro de mecanizado de 4 ejes: 20 juegos, DMG.<br \/><b>-\u00a0\u00a0<\/b>Centro de mecanizado de 5 ejes: 5 juegos, DMG.<br \/><b>-\u00a0\u00a0<\/b>Torno CNC: 20 juegos, SMTCL.<br \/><b>-\u00a0\u00a0<\/b>Torno general: 5 juegos, SMTCL.<br \/><b>-\u00a0\u00a0<\/b>M\u00e1quina herramienta de torneado-fresado de materiales compuestos: 10 juegos, DMG.<br \/><b>-\u00a0\u00a0<\/b>Torno tipo suizo: 20 juegos, TSUGAMI.<br \/><b>-\u00a0\u00a0<\/b>Torno autom\u00e1tico: 50 juegos, TY.<br \/><b>-\u00a0\u00a0<\/b>Torno autom\u00e1tico NC: 20 juegos, TSUGAMI.<br \/><b>-\u00a0\u00a0<\/b>Otros equipos auxiliares son la fresadora, la taladradora, la rectificadora sin centros, la rectificadora cil\u00edndrica exterior, etc.<br \/><b>-\u00a0\u00a0<\/b>Equipos de inspecci\u00f3n: Calibre Vernier, Micr\u00f3metro, Medidor de altura, Dur\u00f3metro, Instrumento de medici\u00f3n de imagen bidimensional, TESA Micro-Hite 300, Medidor de rugosidad superficial Mitutoyo, MMC Mitutoyo y Limpiador ultras\u00f3nico.<\/p>\t\t\t\t\t\t\t\t<\/div>\n\t\t\t\t<\/div>\n\t\t\t\t<div class=\"elementor-element elementor-element-5d58352 elementor-widget elementor-widget-spacer\" data-id=\"5d58352\" data-element_type=\"widget\" data-e-type=\"widget\" data-widget_type=\"spacer.default\">\n\t\t\t\t<div class=\"elementor-widget-container\">\n\t\t\t\t\t\t\t<div class=\"elementor-spacer\">\n\t\t\t<div class=\"elementor-spacer-inner\"><\/div>\n\t\t<\/div>\n\t\t\t\t\t\t<\/div>\n\t\t\t\t<\/div>\n\t\t\t\t<\/div>\n\t\t<div class=\"elementor-element elementor-element-25045f6 e-con-full e-flex e-con e-child\" data-id=\"25045f6\" data-element_type=\"container\" data-e-type=\"container\" data-settings=\"{&quot;background_background&quot;:&quot;classic&quot;}\">\n\t\t<div class=\"elementor-element elementor-element-2f2e246 e-con-full e-flex e-con e-child\" data-id=\"2f2e246\" data-element_type=\"container\" data-e-type=\"container\" data-settings=\"{&quot;background_background&quot;:&quot;classic&quot;}\">\n\t\t\t\t<div class=\"elementor-element elementor-element-078a5bd elementor-widget elementor-widget-image\" data-id=\"078a5bd\" data-element_type=\"widget\" data-e-type=\"widget\" data-widget_type=\"image.default\">\n\t\t\t\t<div class=\"elementor-widget-container\">\n\t\t\t\t\t\t\t\t\t\t\t\t\t\t\t<img fetchpriority=\"high\" decoding=\"async\" width=\"380\" height=\"260\" src=\"https:\/\/www.jstindustry.com\/wp-content\/uploads\/2025\/02\/6-1-1.webp\" class=\"attachment-large size-large wp-image-2055\" alt=\"F\u00e1brica de equipos de procesamiento CNC de precisi\u00f3n JST\" srcset=\"https:\/\/www.jstindustry.com\/wp-content\/uploads\/2025\/02\/6-1-1.webp 380w, https:\/\/www.jstindustry.com\/wp-content\/uploads\/2025\/02\/6-1-1-300x205.webp 300w\" sizes=\"(max-width: 380px) 100vw, 380px\" \/>\t\t\t\t\t\t\t\t\t\t\t\t\t\t\t<\/div>\n\t\t\t\t<\/div>\n\t\t\t\t<div class=\"elementor-element elementor-element-06bb9a6 elementor-widget elementor-widget-image\" data-id=\"06bb9a6\" data-element_type=\"widget\" data-e-type=\"widget\" data-widget_type=\"image.default\">\n\t\t\t\t<div class=\"elementor-widget-container\">\n\t\t\t\t\t\t\t\t\t\t\t\t\t\t\t<img decoding=\"async\" width=\"380\" height=\"230\" src=\"https:\/\/www.jstindustry.com\/wp-content\/uploads\/2025\/02\/fenzu-5.webp\" class=\"attachment-large size-large wp-image-2056\" alt=\"F\u00e1brica de equipos de procesamiento cnc de precisi\u00f3n JST\" srcset=\"https:\/\/www.jstindustry.com\/wp-content\/uploads\/2025\/02\/fenzu-5.webp 380w, https:\/\/www.jstindustry.com\/wp-content\/uploads\/2025\/02\/fenzu-5-300x182.webp 300w\" sizes=\"(max-width: 380px) 100vw, 380px\" \/>\t\t\t\t\t\t\t\t\t\t\t\t\t\t\t<\/div>\n\t\t\t\t<\/div>\n\t\t\t\t<\/div>\n\t\t\t\t<\/div>\n\t\t\t\t\t<\/div>\n\t\t\t\t<\/div>\n\t\t<div class=\"elementor-element elementor-element-1623488 e-flex e-con-boxed e-con e-parent\" data-id=\"1623488\" data-element_type=\"container\" data-e-type=\"container\">\n\t\t\t\t\t<div class=\"e-con-inner\">\n\t\t<div class=\"elementor-element elementor-element-fac64e3 e-con-full e-flex e-con e-child\" data-id=\"fac64e3\" data-element_type=\"container\" data-e-type=\"container\" data-settings=\"{&quot;background_background&quot;:&quot;classic&quot;}\">\n\t\t\t\t<div class=\"elementor-element elementor-element-438cbbc elementor-widget elementor-widget-spacer\" data-id=\"438cbbc\" data-element_type=\"widget\" data-e-type=\"widget\" data-widget_type=\"spacer.default\">\n\t\t\t\t<div class=\"elementor-widget-container\">\n\t\t\t\t\t\t\t<div class=\"elementor-spacer\">\n\t\t\t<div class=\"elementor-spacer-inner\"><\/div>\n\t\t<\/div>\n\t\t\t\t\t\t<\/div>\n\t\t\t\t<\/div>\n\t\t\t\t<div class=\"elementor-element elementor-element-e31e281 elementor-widget elementor-widget-image\" data-id=\"e31e281\" data-element_type=\"widget\" data-e-type=\"widget\" data-widget_type=\"image.default\">\n\t\t\t\t<div class=\"elementor-widget-container\">\n\t\t\t\t\t\t\t\t\t\t\t\t\t\t\t<img decoding=\"async\" width=\"380\" height=\"230\" src=\"https:\/\/www.jstindustry.com\/wp-content\/uploads\/2025\/02\/fenzu-6.webp\" class=\"attachment-large size-large wp-image-2057\" alt=\"F\u00e1brica de equipos de procesamiento cnc de precisi\u00f3n JST\" srcset=\"https:\/\/www.jstindustry.com\/wp-content\/uploads\/2025\/02\/fenzu-6.webp 380w, https:\/\/www.jstindustry.com\/wp-content\/uploads\/2025\/02\/fenzu-6-300x182.webp 300w\" sizes=\"(max-width: 380px) 100vw, 380px\" \/>\t\t\t\t\t\t\t\t\t\t\t\t\t\t\t<\/div>\n\t\t\t\t<\/div>\n\t\t\t\t<\/div>\n\t\t<div class=\"elementor-element elementor-element-2db2538 e-con-full e-flex e-con e-child\" data-id=\"2db2538\" data-element_type=\"container\" data-e-type=\"container\" data-settings=\"{&quot;background_background&quot;:&quot;classic&quot;}\">\n\t\t\t\t<div class=\"elementor-element elementor-element-1895e91 elementor-widget elementor-widget-heading\" data-id=\"1895e91\" data-element_type=\"widget\" data-e-type=\"widget\" data-widget_type=\"heading.default\">\n\t\t\t\t<div class=\"elementor-widget-container\">\n\t\t\t\t\t<h2 class=\"elementor-heading-title elementor-size-default\">Fundici\u00f3n y forja<\/h2>\t\t\t\t<\/div>\n\t\t\t\t<\/div>\n\t\t\t\t<div class=\"elementor-element elementor-element-23c7eb1 elementor-widget elementor-widget-text-editor\" data-id=\"23c7eb1\" data-element_type=\"widget\" data-e-type=\"widget\" data-widget_type=\"text-editor.default\">\n\t\t\t\t<div class=\"elementor-widget-container\">\n\t\t\t\t\t\t\t\t\t<p>Bas\u00e1ndonos en nuestras instalaciones de fabricaci\u00f3n y en las f\u00e1bricas locales que cooperan, podemos realizar las piezas fundidas en arena,\u00a0<a href=\"https:\/\/www.jstindustry.com\/Investment-Casting-pl3815884.html\"><strong>fundici\u00f3n a la cera perdida<\/strong><\/a>Fundici\u00f3n a la cera perdida, fundici\u00f3n a presi\u00f3n de aleaciones de aluminio, fundici\u00f3n a presi\u00f3n de aleaciones de zinc y piezas forjadas. Tambi\u00e9n podemos realizar el mecanizado adicional de estas piezas, as\u00ed como el tratamiento de acabado (tratamiento t\u00e9rmico, chorro de arena y anodizado, pulido, recubrimiento en polvo, etc.).<\/p>\t\t\t\t\t\t\t\t<\/div>\n\t\t\t\t<\/div>\n\t\t\t\t<\/div>\n\t\t\t\t\t<\/div>\n\t\t\t\t<\/div>\n\t\t<div class=\"elementor-element elementor-element-acdc842 e-flex e-con-boxed e-con e-parent\" data-id=\"acdc842\" data-element_type=\"container\" data-e-type=\"container\">\n\t\t\t\t\t<div class=\"e-con-inner\">\n\t\t<div class=\"elementor-element elementor-element-7173ab4 e-con-full e-flex e-con e-child\" data-id=\"7173ab4\" data-element_type=\"container\" data-e-type=\"container\" data-settings=\"{&quot;background_background&quot;:&quot;classic&quot;}\">\n\t\t<div class=\"elementor-element elementor-element-efcd316 e-con-full e-flex e-con e-child\" data-id=\"efcd316\" data-element_type=\"container\" data-e-type=\"container\">\n\t\t\t\t<div class=\"elementor-element elementor-element-84ceb82 elementor-widget elementor-widget-heading\" data-id=\"84ceb82\" data-element_type=\"widget\" data-e-type=\"widget\" data-widget_type=\"heading.default\">\n\t\t\t\t<div class=\"elementor-widget-container\">\n\t\t\t\t\t<h2 class=\"elementor-heading-title elementor-size-default\">Inyecci\u00f3n de pl\u00e1stico<\/h2>\t\t\t\t<\/div>\n\t\t\t\t<\/div>\n\t\t\t\t<div class=\"elementor-element elementor-element-d07c2ea elementor-widget elementor-widget-text-editor\" data-id=\"d07c2ea\" data-element_type=\"widget\" data-e-type=\"widget\" data-widget_type=\"text-editor.default\">\n\t\t\t\t<div class=\"elementor-widget-container\">\n\t\t\t\t\t\t\t\t\t<p><span class=\"s1\"><b> -<\/b><\/span>100 toneladas m\u00e1quina de inyecci\u00f3n de pl\u00e1stico (haitiano): 4 juegos.<\/p><p><b>-\u00a0\u00a0<\/b>M\u00e1quina de inyecci\u00f3n de pl\u00e1stico de 150 toneladas (haitiana): 4 juegos.<\/p><p><b>-\u00a0\u00a0<\/b>M\u00e1quina de inyecci\u00f3n de pl\u00e1stico de 200 toneladas (haitiana): 5 juegos.<\/p><p><b>-\u00a0\u00a0<\/b>250 toneladas m\u00e1quina de inyecci\u00f3n de pl\u00e1stico (haitiano): 5 juegos.<\/p><p><b>-\u00a0\u00a0<\/b>M\u00e1quina de inyecci\u00f3n de pl\u00e1stico de 350 toneladas (haitiana): 5 juegos.<\/p><p><b>-\u00a0\u00a0<\/b>M\u00e1quina de inyecci\u00f3n de pl\u00e1stico de 500 toneladas (haitiana): 4 juegos.<\/p><p><b>-\u00a0\u00a0<\/b>250 toneladas m\u00e1quina de inyecci\u00f3n de pl\u00e1stico de doble color (haitiano): 2 juegos.<\/p>\t\t\t\t\t\t\t\t<\/div>\n\t\t\t\t<\/div>\n\t\t\t\t<\/div>\n\t\t<div class=\"elementor-element elementor-element-a21c7c5 e-con-full e-flex e-con e-child\" data-id=\"a21c7c5\" data-element_type=\"container\" data-e-type=\"container\">\n\t\t\t\t<div class=\"elementor-element elementor-element-a800695 elementor-widget elementor-widget-image\" data-id=\"a800695\" data-element_type=\"widget\" data-e-type=\"widget\" data-widget_type=\"image.default\">\n\t\t\t\t<div class=\"elementor-widget-container\">\n\t\t\t\t\t\t\t\t\t\t\t\t\t\t\t<img loading=\"lazy\" decoding=\"async\" width=\"380\" height=\"230\" src=\"https:\/\/www.jstindustry.com\/wp-content\/uploads\/2025\/02\/fenzu-7.webp\" class=\"attachment-large size-large wp-image-2058\" alt=\"F\u00e1brica de equipos de procesamiento cnc de precisi\u00f3n JST\" srcset=\"https:\/\/www.jstindustry.com\/wp-content\/uploads\/2025\/02\/fenzu-7.webp 380w, https:\/\/www.jstindustry.com\/wp-content\/uploads\/2025\/02\/fenzu-7-300x182.webp 300w\" sizes=\"(max-width: 380px) 100vw, 380px\" \/>\t\t\t\t\t\t\t\t\t\t\t\t\t\t\t<\/div>\n\t\t\t\t<\/div>\n\t\t\t\t<\/div>\n\t\t\t\t<\/div>\n\t\t\t\t\t<\/div>\n\t\t\t\t<\/div>\n\t\t<div class=\"elementor-element elementor-element-22aead1 e-flex e-con-boxed e-con e-parent\" data-id=\"22aead1\" data-element_type=\"container\" data-e-type=\"container\">\n\t\t\t\t\t<div class=\"e-con-inner\">\n\t\t<div class=\"elementor-element elementor-element-d77f3dc e-con-full e-flex e-con e-child\" data-id=\"d77f3dc\" data-element_type=\"container\" data-e-type=\"container\" data-settings=\"{&quot;background_background&quot;:&quot;classic&quot;}\">\n\t\t\t\t<div class=\"elementor-element elementor-element-9d9e1b5 elementor-widget elementor-widget-heading\" data-id=\"9d9e1b5\" data-element_type=\"widget\" data-e-type=\"widget\" data-widget_type=\"heading.default\">\n\t\t\t\t<div class=\"elementor-widget-container\">\n\t\t\t\t\t<h2 class=\"elementor-heading-title elementor-size-default\">Fabricaci\u00f3n de metales<\/h2>\t\t\t\t<\/div>\n\t\t\t\t<\/div>\n\t\t\t\t<div class=\"elementor-element elementor-element-b9eaad0 elementor-widget elementor-widget-text-editor\" data-id=\"b9eaad0\" data-element_type=\"widget\" data-e-type=\"widget\" data-widget_type=\"text-editor.default\">\n\t\t\t\t<div class=\"elementor-widget-container\">\n\t\t\t\t\t\t\t\t\t<p>- Punzonadora de 80 toneladas (Yangli): 2 juegos.<\/p><p>- Punzonadora de 120 toneladas (Yangli): 4 juegos.<\/p><p>- Punzonadora de 150 toneladas (Yangli): 2 juegos.<\/p><p>- Punzonadora de 200 toneladas (Yangli): 2 juegos.<\/p><p>- Punzonadora de 250 toneladas (Yangli): 4 juegos.<\/p><p>- Punzonadora de 300 toneladas (Yangli): 2 juegos.<\/p><p>- Punzonadora de 350 toneladas (Yangli): 1 juego.<\/p><p>- Punzonadora de 500 toneladas (Yangli): 1 juego.<\/p>\t\t\t\t\t\t\t\t<\/div>\n\t\t\t\t<\/div>\n\t\t\t\t<\/div>\n\t\t<div class=\"elementor-element elementor-element-a8c54ab e-con-full e-flex e-con e-child\" data-id=\"a8c54ab\" data-element_type=\"container\" data-e-type=\"container\" data-settings=\"{&quot;background_background&quot;:&quot;classic&quot;}\">\n\t\t\t\t<div class=\"elementor-element elementor-element-3460e51 elementor-widget elementor-widget-text-editor\" data-id=\"3460e51\" data-element_type=\"widget\" data-e-type=\"widget\" data-widget_type=\"text-editor.default\">\n\t\t\t\t<div class=\"elementor-widget-container\">\n\t\t\t\t\t\t\t\t\t<p>- Dobladora CNC: 2 juegos<\/p><p>- Cizalla de chapa: 2 juegos.<\/p><p>- M\u00e1quina de corte por l\u00e1ser: 4 juegos.<\/p><p>- Taladradora l\u00e1ser: 2 juegos.<\/p><p>- M\u00e1quina de soldadura l\u00e1ser: 4 juegos.<\/p><p>- M\u00e1quina de soldadura TIG: 4 juegos.<\/p><p>- Otra m\u00e1quina de soldar: 10 juegos.<\/p>\t\t\t\t\t\t\t\t<\/div>\n\t\t\t\t<\/div>\n\t\t\t\t<\/div>\n\t\t<div class=\"elementor-element elementor-element-7951ac0 e-con-full e-flex e-con e-child\" data-id=\"7951ac0\" data-element_type=\"container\" data-e-type=\"container\">\n\t\t\t\t<div class=\"elementor-element elementor-element-f413298 elementor-widget elementor-widget-image\" data-id=\"f413298\" data-element_type=\"widget\" data-e-type=\"widget\" data-widget_type=\"image.default\">\n\t\t\t\t<div class=\"elementor-widget-container\">\n\t\t\t\t\t\t\t\t\t\t\t\t\t\t\t<img loading=\"lazy\" decoding=\"async\" width=\"380\" height=\"230\" src=\"https:\/\/www.jstindustry.com\/wp-content\/uploads\/2025\/02\/fenzu-8.webp\" class=\"attachment-large size-large wp-image-2059\" alt=\"F\u00e1brica de equipos de procesamiento CNC de precisi\u00f3n JST\" srcset=\"https:\/\/www.jstindustry.com\/wp-content\/uploads\/2025\/02\/fenzu-8.webp 380w, https:\/\/www.jstindustry.com\/wp-content\/uploads\/2025\/02\/fenzu-8-300x182.webp 300w\" sizes=\"(max-width: 380px) 100vw, 380px\" \/>\t\t\t\t\t\t\t\t\t\t\t\t\t\t\t<\/div>\n\t\t\t\t<\/div>\n\t\t\t\t<\/div>\n\t\t\t\t\t<\/div>\n\t\t\t\t<\/div>\n\t\t\t\t<\/div>","protected":false},"excerpt":{"rendered":"<p>Company Profile Technical Equipment Certification Services MANUFACTURING FACILITIES JST Industry is equipped with the most advanced equipments for\u00a0fast\u00a0CNC machining, casting &amp; forging, injection molding and metal fabrication, and has set up the ERP system to manage efficiently. We have hundreds of diverse equipments to meet our customers\u2019 requirements, JST is your one-stop shop for customized [&hellip;]<\/p>\n","protected":false},"author":6,"featured_media":0,"parent":0,"menu_order":0,"comment_status":"closed","ping_status":"closed","template":"","meta":{"_acf_changed":false,"site-sidebar-layout":"no-sidebar","site-content-layout":"page-builder","ast-site-content-layout":"full-width-container","site-content-style":"default","site-sidebar-style":"default","ast-global-header-display":"","ast-banner-title-visibility":"","ast-main-header-display":"","ast-hfb-above-header-display":"","ast-hfb-below-header-display":"","ast-hfb-mobile-header-display":"","site-post-title":"disabled","ast-breadcrumbs-content":"","ast-featured-img":"disabled","footer-sml-layout":"","ast-disable-related-posts":"","theme-transparent-header-meta":"","adv-header-id-meta":"","stick-header-meta":"","header-above-stick-meta":"","header-main-stick-meta":"","header-below-stick-meta":"","astra-migrate-meta-layouts":"set","ast-page-background-enabled":"default","ast-page-background-meta":{"desktop":{"background-color":"","background-image":"","background-repeat":"repeat","background-position":"center center","background-size":"auto","background-attachment":"scroll","background-type":"","background-media":"","overlay-type":"","overlay-color":"","overlay-opacity":"","overlay-gradient":""},"tablet":{"background-color":"","background-image":"","background-repeat":"repeat","background-position":"center center","background-size":"auto","background-attachment":"scroll","background-type":"","background-media":"","overlay-type":"","overlay-color":"","overlay-opacity":"","overlay-gradient":""},"mobile":{"background-color":"","background-image":"","background-repeat":"repeat","background-position":"center center","background-size":"auto","background-attachment":"scroll","background-type":"","background-media":"","overlay-type":"","overlay-color":"","overlay-opacity":"","overlay-gradient":""}},"ast-content-background-meta":{"desktop":{"background-color":"var(--ast-global-color-5)","background-image":"","background-repeat":"repeat","background-position":"center center","background-size":"auto","background-attachment":"scroll","background-type":"","background-media":"","overlay-type":"","overlay-color":"","overlay-opacity":"","overlay-gradient":""},"tablet":{"background-color":"var(--ast-global-color-5)","background-image":"","background-repeat":"repeat","background-position":"center center","background-size":"auto","background-attachment":"scroll","background-type":"","background-media":"","overlay-type":"","overlay-color":"","overlay-opacity":"","overlay-gradient":""},"mobile":{"background-color":"var(--ast-global-color-5)","background-image":"","background-repeat":"repeat","background-position":"center center","background-size":"auto","background-attachment":"scroll","background-type":"","background-media":"","overlay-type":"","overlay-color":"","overlay-opacity":"","overlay-gradient":""}},"footnotes":""},"class_list":["post-2053","page","type-page","status-publish","hentry"],"acf":[],"_links":{"self":[{"href":"https:\/\/www.jstindustry.com\/es\/wp-json\/wp\/v2\/pages\/2053","targetHints":{"allow":["GET"]}}],"collection":[{"href":"https:\/\/www.jstindustry.com\/es\/wp-json\/wp\/v2\/pages"}],"about":[{"href":"https:\/\/www.jstindustry.com\/es\/wp-json\/wp\/v2\/types\/page"}],"author":[{"embeddable":true,"href":"https:\/\/www.jstindustry.com\/es\/wp-json\/wp\/v2\/users\/6"}],"replies":[{"embeddable":true,"href":"https:\/\/www.jstindustry.com\/es\/wp-json\/wp\/v2\/comments?post=2053"}],"version-history":[{"count":40,"href":"https:\/\/www.jstindustry.com\/es\/wp-json\/wp\/v2\/pages\/2053\/revisions"}],"predecessor-version":[{"id":5924,"href":"https:\/\/www.jstindustry.com\/es\/wp-json\/wp\/v2\/pages\/2053\/revisions\/5924"}],"wp:attachment":[{"href":"https:\/\/www.jstindustry.com\/es\/wp-json\/wp\/v2\/media?parent=2053"}],"curies":[{"name":"wp","href":"https:\/\/api.w.org\/{rel}","templated":true}]}}