{"id":3311,"date":"2025-02-23T06:41:40","date_gmt":"2025-02-23T06:41:40","guid":{"rendered":"https:\/\/jstindustry.com\/?post_type=product&#038;p=3311"},"modified":"2026-02-05T16:13:10","modified_gmt":"2026-02-05T08:13:10","slug":"precision-oem-cnc-turning-milling-machining-parts-for-motorcycle-pd548294858","status":"publish","type":"product","link":"https:\/\/www.jstindustry.com\/de\/precision-oem-cnc-turning-milling-machining-parts-for-motorcycle-pd548294858.html","title":{"rendered":"Pr\u00e4zisions-OEM-CNC-Dreh-Fr\u00e4s-Bearbeitungsteile f\u00fcr Motorr\u00e4der"},"content":{"rendered":"","protected":false},"excerpt":{"rendered":"<p>Unsere CNC-Pr\u00e4zisionsdreh- und -fr\u00e4steile sind unverzichtbares Motorradzubeh\u00f6r, das aus einer Aluminiumlegierung mit satinierter Oberfl\u00e4che gefertigt wird. Wir bieten wettbewerbsf\u00e4hige MOQs und Vorlaufzeiten und gew\u00e4hrleisten hochwertige Komponenten mit engen Toleranzen und glatten Oberfl\u00e4chen. Kontaktieren Sie uns f\u00fcr individuelle Angebote in verschiedenen Dateiformaten.<\/p>","protected":false},"author":6,"featured_media":3312,"menu_order":0,"comment_status":"open","ping_status":"open","template":"","format":"standard","meta":{"_acf_changed":false,"site-sidebar-layout":"default","site-content-layout":"","ast-site-content-layout":"default","site-content-style":"default","site-sidebar-style":"default","ast-global-header-display":"","ast-banner-title-visibility":"","ast-main-header-display":"","ast-hfb-above-header-display":"","ast-hfb-below-header-display":"","ast-hfb-mobile-header-display":"","site-post-title":"","ast-breadcrumbs-content":"","ast-featured-img":"","footer-sml-layout":"","ast-disable-related-posts":"","theme-transparent-header-meta":"","adv-header-id-meta":"","stick-header-meta":"","header-above-stick-meta":"","header-main-stick-meta":"","header-below-stick-meta":"","astra-migrate-meta-layouts":"set","ast-page-background-enabled":"default","ast-page-background-meta":{"desktop":{"background-color":"","background-image":"","background-repeat":"repeat","background-position":"center center","background-size":"auto","background-attachment":"scroll","background-type":"","background-media":"","overlay-type":"","overlay-color":"","overlay-opacity":"","overlay-gradient":""},"tablet":{"background-color":"","background-image":"","background-repeat":"repeat","background-position":"center center","background-size":"auto","background-attachment":"scroll","background-type":"","background-media":"","overlay-type":"","overlay-color":"","overlay-opacity":"","overlay-gradient":""},"mobile":{"background-color":"","background-image":"","background-repeat":"repeat","background-position":"center center","background-size":"auto","background-attachment":"scroll","background-type":"","background-media":"","overlay-type":"","overlay-color":"","overlay-opacity":"","overlay-gradient":""}},"ast-content-background-meta":{"desktop":{"background-color":"var(--ast-global-color-5)","background-image":"","background-repeat":"repeat","background-position":"center center","background-size":"auto","background-attachment":"scroll","background-type":"","background-media":"","overlay-type":"","overlay-color":"","overlay-opacity":"","overlay-gradient":""},"tablet":{"background-color":"var(--ast-global-color-5)","background-image":"","background-repeat":"repeat","background-position":"center center","background-size":"auto","background-attachment":"scroll","background-type":"","background-media":"","overlay-type":"","overlay-color":"","overlay-opacity":"","overlay-gradient":""},"mobile":{"background-color":"var(--ast-global-color-5)","background-image":"","background-repeat":"repeat","background-position":"center center","background-size":"auto","background-attachment":"scroll","background-type":"","background-media":"","overlay-type":"","overlay-color":"","overlay-opacity":"","overlay-gradient":""}},"footnotes":""},"product-catregory":[32,54],"product-tag":[],"class_list":["post-3311","product","type-product","status-publish","format-standard","has-post-thumbnail","hentry","product-catregory-cnc-milling-parts-pl3494884-html","product-catregory-cnc-turning-milling-machining-parts-pl3384884-html"],"acf":[],"_links":{"self":[{"href":"https:\/\/www.jstindustry.com\/de\/wp-json\/wp\/v2\/product\/3311","targetHints":{"allow":["GET"]}}],"collection":[{"href":"https:\/\/www.jstindustry.com\/de\/wp-json\/wp\/v2\/product"}],"about":[{"href":"https:\/\/www.jstindustry.com\/de\/wp-json\/wp\/v2\/types\/product"}],"author":[{"embeddable":true,"href":"https:\/\/www.jstindustry.com\/de\/wp-json\/wp\/v2\/users\/6"}],"replies":[{"embeddable":true,"href":"https:\/\/www.jstindustry.com\/de\/wp-json\/wp\/v2\/comments?post=3311"}],"version-history":[{"count":1,"href":"https:\/\/www.jstindustry.com\/de\/wp-json\/wp\/v2\/product\/3311\/revisions"}],"predecessor-version":[{"id":3313,"href":"https:\/\/www.jstindustry.com\/de\/wp-json\/wp\/v2\/product\/3311\/revisions\/3313"}],"wp:featuredmedia":[{"embeddable":true,"href":"https:\/\/www.jstindustry.com\/de\/wp-json\/wp\/v2\/media\/3312"}],"wp:attachment":[{"href":"https:\/\/www.jstindustry.com\/de\/wp-json\/wp\/v2\/media?parent=3311"}],"wp:term":[{"taxonomy":"product-catregory","embeddable":true,"href":"https:\/\/www.jstindustry.com\/de\/wp-json\/wp\/v2\/product-catregory?post=3311"},{"taxonomy":"product-tag","embeddable":true,"href":"https:\/\/www.jstindustry.com\/de\/wp-json\/wp\/v2\/product-tag?post=3311"}],"curies":[{"name":"wp","href":"https:\/\/api.w.org\/{rel}","templated":true}]}}